{"id":1513,"date":"2025-11-23T12:32:35","date_gmt":"2025-11-23T15:32:35","guid":{"rendered":"https:\/\/www.agrodel.com.br\/?page_id=1513"},"modified":"2026-02-27T15:14:57","modified_gmt":"2026-02-27T18:14:57","slug":"temporaria","status":"publish","type":"page","link":"https:\/\/www.agrodel.com.br\/","title":{"rendered":"Temporaria"},"content":{"rendered":"\t\t<div data-elementor-type=\"wp-page\" data-elementor-id=\"1513\" class=\"elementor elementor-1513\">\n\t\t\t\t<div class=\"elementor-element elementor-element-0f6f635 e-con-full e-flex e-con e-parent\" data-id=\"0f6f635\" data-element_type=\"container\" data-e-type=\"container\" data-settings=\"{&quot;background_background&quot;:&quot;classic&quot;,&quot;position&quot;:&quot;absolute&quot;}\">\n\t\t\t\t<div class=\"elementor-element elementor-element-8bd0a90 elementor-widget elementor-widget-image\" data-id=\"8bd0a90\" data-element_type=\"widget\" data-e-type=\"widget\" data-widget_type=\"image.default\">\n\t\t\t\t<div class=\"elementor-widget-container\">\n\t\t\t\t\t\t\t\t\t\t\t\t\t\t\t<img decoding=\"async\" width=\"300\" height=\"144\" src=\"https:\/\/www.agrodel.com.br\/wp-content\/uploads\/2024\/10\/img-logo-agro-del-itapira-300x144.png\" class=\"attachment-medium size-medium wp-image-14\" alt=\"img-logo-agro-del-itapira\" srcset=\"https:\/\/www.agrodel.com.br\/wp-content\/uploads\/2024\/10\/img-logo-agro-del-itapira-300x144.png 300w, https:\/\/www.agrodel.com.br\/wp-content\/uploads\/2024\/10\/img-logo-agro-del-itapira-600x288.png 600w, https:\/\/www.agrodel.com.br\/wp-content\/uploads\/2024\/10\/img-logo-agro-del-itapira.png 700w\" sizes=\"(max-width: 300px) 100vw, 300px\" \/>\t\t\t\t\t\t\t\t\t\t\t\t\t\t\t<\/div>\n\t\t\t\t<\/div>\n\t\t\t\t<div class=\"elementor-element elementor-element-bdb1dfb elementor-widget elementor-widget-heading\" data-id=\"bdb1dfb\" data-element_type=\"widget\" data-e-type=\"widget\" data-widget_type=\"heading.default\">\n\t\t\t\t<div class=\"elementor-widget-container\">\n\t\t\t\t\t<h2 class=\"elementor-heading-title elementor-size-default\">Site em desenvolvimento.<\/h2>\t\t\t\t<\/div>\n\t\t\t\t<\/div>\n\t\t\t\t<div class=\"elementor-element elementor-element-fe9e2ec elementor-align-center elementor-icon-list--layout-traditional elementor-list-item-link-full_width elementor-widget elementor-widget-icon-list\" data-id=\"fe9e2ec\" data-element_type=\"widget\" data-e-type=\"widget\" data-widget_type=\"icon-list.default\">\n\t\t\t\t<div class=\"elementor-widget-container\">\n\t\t\t\t\t\t\t<ul class=\"elementor-icon-list-items\">\n\t\t\t\t\t\t\t<li class=\"elementor-icon-list-item\">\n\t\t\t\t\t\t\t\t\t\t\t<a href=\"https:\/\/www.google.com\/maps\/place\/Av.+Liberdade,+432+-+Jardim+Soares,+Itapira+-+SP,+13976-060\/data=!4m2!3m1!1s0x94c8fe01c7e4dd9d:0x4478f6667c5637f7?sa=X&#038;ved=1t:242&#038;ictx=111\" target=\"_blank\">\n\n\t\t\t\t\t\t\t\t\t\t\t\t<span class=\"elementor-icon-list-icon\">\n\t\t\t\t\t\t\t<svg aria-hidden=\"true\" class=\"e-font-icon-svg e-fas-store\" viewBox=\"0 0 616 512\" xmlns=\"http:\/\/www.w3.org\/2000\/svg\"><path d=\"M602 118.6L537.1 15C531.3 5.7 521 0 510 0H106C95 0 84.7 5.7 78.9 15L14 118.6c-33.5 53.5-3.8 127.9 58.8 136.4 4.5.6 9.1.9 13.7.9 29.6 0 55.8-13 73.8-33.1 18 20.1 44.3 33.1 73.8 33.1 29.6 0 55.8-13 73.8-33.1 18 20.1 44.3 33.1 73.8 33.1 29.6 0 55.8-13 73.8-33.1 18.1 20.1 44.3 33.1 73.8 33.1 4.7 0 9.2-.3 13.7-.9 62.8-8.4 92.6-82.8 59-136.4zM529.5 288c-10 0-19.9-1.5-29.5-3.8V384H116v-99.8c-9.6 2.2-19.5 3.8-29.5 3.8-6 0-12.1-.4-18-1.2-5.6-.8-11.1-2.1-16.4-3.6V480c0 17.7 14.3 32 32 32h448c17.7 0 32-14.3 32-32V283.2c-5.4 1.6-10.8 2.9-16.4 3.6-6.1.8-12.1 1.2-18.2 1.2z\"><\/path><\/svg>\t\t\t\t\t\t<\/span>\n\t\t\t\t\t\t\t\t\t\t<span class=\"elementor-icon-list-text\">Av. Liberdade, 432 - Jd. Soares - Itapira<\/span>\n\t\t\t\t\t\t\t\t\t\t\t<\/a>\n\t\t\t\t\t\t\t\t\t<\/li>\n\t\t\t\t\t\t\t\t<li class=\"elementor-icon-list-item\">\n\t\t\t\t\t\t\t\t\t\t\t<a href=\"https:\/\/api.whatsapp.com\/send?phone=5519981556908&#038;text=Ol%C3%A1%21+Venho+pelo+site+e+gostaria+de+mais+informa%C3%A7%C3%B5es\" target=\"_blank\">\n\n\t\t\t\t\t\t\t\t\t\t\t\t<span class=\"elementor-icon-list-icon\">\n\t\t\t\t\t\t\t<svg aria-hidden=\"true\" class=\"e-font-icon-svg e-fab-whatsapp\" viewBox=\"0 0 448 512\" xmlns=\"http:\/\/www.w3.org\/2000\/svg\"><path d=\"M380.9 97.1C339 55.1 283.2 32 223.9 32c-122.4 0-222 99.6-222 222 0 39.1 10.2 77.3 29.6 111L0 480l117.7-30.9c32.4 17.7 68.9 27 106.1 27h.1c122.3 0 224.1-99.6 224.1-222 0-59.3-25.2-115-67.1-157zm-157 341.6c-33.2 0-65.7-8.9-94-25.7l-6.7-4-69.8 18.3L72 359.2l-4.4-7c-18.5-29.4-28.2-63.3-28.2-98.2 0-101.7 82.8-184.5 184.6-184.5 49.3 0 95.6 19.2 130.4 54.1 34.8 34.9 56.2 81.2 56.1 130.5 0 101.8-84.9 184.6-186.6 184.6zm101.2-138.2c-5.5-2.8-32.8-16.2-37.9-18-5.1-1.9-8.8-2.8-12.5 2.8-3.7 5.6-14.3 18-17.6 21.8-3.2 3.7-6.5 4.2-12 1.4-32.6-16.3-54-29.1-75.5-66-5.7-9.8 5.7-9.1 16.3-30.3 1.8-3.7.9-6.9-.5-9.7-1.4-2.8-12.5-30.1-17.1-41.2-4.5-10.8-9.1-9.3-12.5-9.5-3.2-.2-6.9-.2-10.6-.2-3.7 0-9.7 1.4-14.8 6.9-5.1 5.6-19.4 19-19.4 46.3 0 27.3 19.9 53.7 22.6 57.4 2.8 3.7 39.1 59.7 94.8 83.8 35.2 15.2 49 16.5 66.6 13.9 10.7-1.6 32.8-13.4 37.4-26.4 4.6-13 4.6-24.1 3.2-26.4-1.3-2.5-5-3.9-10.5-6.6z\"><\/path><\/svg>\t\t\t\t\t\t<\/span>\n\t\t\t\t\t\t\t\t\t\t<span class=\"elementor-icon-list-text\">WhatsApp: (19) 98155-6908<\/span>\n\t\t\t\t\t\t\t\t\t\t\t<\/a>\n\t\t\t\t\t\t\t\t\t<\/li>\n\t\t\t\t\t\t\t\t<li class=\"elementor-icon-list-item\">\n\t\t\t\t\t\t\t\t\t\t\t<a href=\"tel:1938637667\">\n\n\t\t\t\t\t\t\t\t\t\t\t\t<span class=\"elementor-icon-list-icon\">\n\t\t\t\t\t\t\t<svg aria-hidden=\"true\" class=\"e-font-icon-svg e-fas-phone-square-alt\" viewBox=\"0 0 448 512\" xmlns=\"http:\/\/www.w3.org\/2000\/svg\"><path d=\"M400 32H48A48 48 0 0 0 0 80v352a48 48 0 0 0 48 48h352a48 48 0 0 0 48-48V80a48 48 0 0 0-48-48zm-16.39 307.37l-15 65A15 15 0 0 1 354 416C194 416 64 286.29 64 126a15.7 15.7 0 0 1 11.63-14.61l65-15A18.23 18.23 0 0 1 144 96a16.27 16.27 0 0 1 13.79 9.09l30 70A17.9 17.9 0 0 1 189 181a17 17 0 0 1-5.5 11.61l-37.89 31a231.91 231.91 0 0 0 110.78 110.78l31-37.89A17 17 0 0 1 299 291a17.85 17.85 0 0 1 5.91 1.21l70 30A16.25 16.25 0 0 1 384 336a17.41 17.41 0 0 1-.39 3.37z\"><\/path><\/svg>\t\t\t\t\t\t<\/span>\n\t\t\t\t\t\t\t\t\t\t<span class=\"elementor-icon-list-text\">Telefone: (19) 3863-7667<\/span>\n\t\t\t\t\t\t\t\t\t\t\t<\/a>\n\t\t\t\t\t\t\t\t\t<\/li>\n\t\t\t\t\t\t<\/ul>\n\t\t\t\t\t\t<\/div>\n\t\t\t\t<\/div>\n\t\t\t\t<\/div>\n\t\t\t\t<\/div>\n\t\t","protected":false},"excerpt":{"rendered":"<p>Site em desenvolvimento. Av. Liberdade, 432 &#8211; Jd. Soares &#8211; Itapira WhatsApp: (19) 98155-6908 Telefone: (19) 3863-7667<\/p>\n","protected":false},"author":1,"featured_media":0,"parent":0,"menu_order":0,"comment_status":"closed","ping_status":"closed","template":"elementor_canvas","meta":{"neve_meta_sidebar":"","neve_meta_container":"","neve_meta_enable_content_width":"","neve_meta_content_width":0,"neve_meta_title_alignment":"","neve_meta_author_avatar":"","neve_post_elements_order":"","neve_meta_disable_header":"","neve_meta_disable_footer":"","neve_meta_disable_title":"","footnotes":""},"class_list":["post-1513","page","type-page","status-publish","hentry"],"yoast_head":"<!-- This site is optimized with the Yoast SEO plugin v27.2 - https:\/\/yoast.com\/product\/yoast-seo-wordpress\/ -->\n<title>Site em Desenvolvimento - Loja Virtual - Agro D\u00e9l Itapira<\/title>\n<meta name=\"description\" content=\"A Agro D\u00e9l vai lan\u00e7ar sua loja virtual completa com diversas linhas de produtos de petshop e com envio para todo o Brasil!\" \/>\n<meta name=\"robots\" content=\"index, follow, max-snippet:-1, max-image-preview:large, max-video-preview:-1\" \/>\n<link rel=\"canonical\" href=\"https:\/\/www.agrodel.com.br\/\" \/>\n<meta property=\"og:locale\" content=\"pt_BR\" \/>\n<meta property=\"og:type\" content=\"article\" \/>\n<meta property=\"og:title\" content=\"Site em Desenvolvimento - Loja Virtual - Agro D\u00e9l Itapira\" \/>\n<meta property=\"og:description\" content=\"A Agro D\u00e9l vai lan\u00e7ar sua loja virtual completa com diversas linhas de produtos de petshop e com envio para todo o Brasil!\" \/>\n<meta property=\"og:url\" content=\"https:\/\/www.agrodel.com.br\/\" \/>\n<meta property=\"og:site_name\" content=\"Agro D\u00e9l Itapira\" \/>\n<meta property=\"article:modified_time\" content=\"2026-02-27T18:14:57+00:00\" \/>\n<meta property=\"og:image\" content=\"https:\/\/www.agrodel.com.br\/wp-content\/uploads\/2024\/10\/img-logo-agro-del-itapira-300x144.png\" \/>\n<meta name=\"twitter:card\" content=\"summary_large_image\" \/>\n<meta name=\"twitter:label1\" content=\"Est. tempo de leitura\" \/>\n\t<meta name=\"twitter:data1\" content=\"1 minuto\" \/>\n<script type=\"application\/ld+json\" class=\"yoast-schema-graph\">{\"@context\":\"https:\/\/schema.org\",\"@graph\":[{\"@type\":\"WebPage\",\"@id\":\"https:\/\/www.agrodel.com.br\/\",\"url\":\"https:\/\/www.agrodel.com.br\/\",\"name\":\"Site em Desenvolvimento - Loja Virtual - Agro D\u00e9l Itapira\",\"isPartOf\":{\"@id\":\"https:\/\/www.agrodel.com.br\/#website\"},\"primaryImageOfPage\":{\"@id\":\"https:\/\/www.agrodel.com.br\/#primaryimage\"},\"image\":{\"@id\":\"https:\/\/www.agrodel.com.br\/#primaryimage\"},\"thumbnailUrl\":\"https:\/\/www.agrodel.com.br\/wp-content\/uploads\/2024\/10\/img-logo-agro-del-itapira-300x144.png\",\"datePublished\":\"2025-11-23T15:32:35+00:00\",\"dateModified\":\"2026-02-27T18:14:57+00:00\",\"description\":\"A Agro D\u00e9l vai lan\u00e7ar sua loja virtual completa com diversas linhas de produtos de petshop e com envio para todo o Brasil!\",\"breadcrumb\":{\"@id\":\"https:\/\/www.agrodel.com.br\/#breadcrumb\"},\"inLanguage\":\"pt-BR\",\"potentialAction\":[{\"@type\":\"ReadAction\",\"target\":[\"https:\/\/www.agrodel.com.br\/\"]}]},{\"@type\":\"ImageObject\",\"inLanguage\":\"pt-BR\",\"@id\":\"https:\/\/www.agrodel.com.br\/#primaryimage\",\"url\":\"https:\/\/www.agrodel.com.br\/wp-content\/uploads\/2024\/10\/img-logo-agro-del-itapira.png\",\"contentUrl\":\"https:\/\/www.agrodel.com.br\/wp-content\/uploads\/2024\/10\/img-logo-agro-del-itapira.png\",\"width\":700,\"height\":336,\"caption\":\"img-logo-agro-del-itapira\"},{\"@type\":\"BreadcrumbList\",\"@id\":\"https:\/\/www.agrodel.com.br\/#breadcrumb\",\"itemListElement\":[{\"@type\":\"ListItem\",\"position\":1,\"name\":\"Home\",\"item\":\"https:\/\/www.agrodel.com.br\/\"},{\"@type\":\"ListItem\",\"position\":2,\"name\":\"Temporaria\"}]},{\"@type\":\"WebSite\",\"@id\":\"https:\/\/www.agrodel.com.br\/#website\",\"url\":\"https:\/\/www.agrodel.com.br\/\",\"name\":\"Agro D\u00e9l Itapira\",\"description\":\"A sua agropecu\u00e1ria amiga!\",\"publisher\":{\"@id\":\"https:\/\/www.agrodel.com.br\/#organization\"},\"potentialAction\":[{\"@type\":\"SearchAction\",\"target\":{\"@type\":\"EntryPoint\",\"urlTemplate\":\"https:\/\/www.agrodel.com.br\/?s={search_term_string}\"},\"query-input\":{\"@type\":\"PropertyValueSpecification\",\"valueRequired\":true,\"valueName\":\"search_term_string\"}}],\"inLanguage\":\"pt-BR\"},{\"@type\":\"Organization\",\"@id\":\"https:\/\/www.agrodel.com.br\/#organization\",\"name\":\"Agro D\u00e9l Itapira\",\"url\":\"https:\/\/www.agrodel.com.br\/\",\"logo\":{\"@type\":\"ImageObject\",\"inLanguage\":\"pt-BR\",\"@id\":\"https:\/\/www.agrodel.com.br\/#\/schema\/logo\/image\/\",\"url\":\"https:\/\/www.agrodel.com.br\/wp-content\/uploads\/2024\/10\/img-logo-agro-del-itapira.png\",\"contentUrl\":\"https:\/\/www.agrodel.com.br\/wp-content\/uploads\/2024\/10\/img-logo-agro-del-itapira.png\",\"width\":700,\"height\":336,\"caption\":\"Agro D\u00e9l Itapira\"},\"image\":{\"@id\":\"https:\/\/www.agrodel.com.br\/#\/schema\/logo\/image\/\"}}]}<\/script>\n<!-- \/ Yoast SEO plugin. -->","yoast_head_json":{"title":"Site em Desenvolvimento - Loja Virtual - Agro D\u00e9l Itapira","description":"A Agro D\u00e9l vai lan\u00e7ar sua loja virtual completa com diversas linhas de produtos de petshop e com envio para todo o Brasil!","robots":{"index":"index","follow":"follow","max-snippet":"max-snippet:-1","max-image-preview":"max-image-preview:large","max-video-preview":"max-video-preview:-1"},"canonical":"https:\/\/www.agrodel.com.br\/","og_locale":"pt_BR","og_type":"article","og_title":"Site em Desenvolvimento - Loja Virtual - Agro D\u00e9l Itapira","og_description":"A Agro D\u00e9l vai lan\u00e7ar sua loja virtual completa com diversas linhas de produtos de petshop e com envio para todo o Brasil!","og_url":"https:\/\/www.agrodel.com.br\/","og_site_name":"Agro D\u00e9l Itapira","article_modified_time":"2026-02-27T18:14:57+00:00","og_image":[{"url":"https:\/\/www.agrodel.com.br\/wp-content\/uploads\/2024\/10\/img-logo-agro-del-itapira-300x144.png","type":"","width":"","height":""}],"twitter_card":"summary_large_image","twitter_misc":{"Est. tempo de leitura":"1 minuto"},"schema":{"@context":"https:\/\/schema.org","@graph":[{"@type":"WebPage","@id":"https:\/\/www.agrodel.com.br\/","url":"https:\/\/www.agrodel.com.br\/","name":"Site em Desenvolvimento - Loja Virtual - Agro D\u00e9l Itapira","isPartOf":{"@id":"https:\/\/www.agrodel.com.br\/#website"},"primaryImageOfPage":{"@id":"https:\/\/www.agrodel.com.br\/#primaryimage"},"image":{"@id":"https:\/\/www.agrodel.com.br\/#primaryimage"},"thumbnailUrl":"https:\/\/www.agrodel.com.br\/wp-content\/uploads\/2024\/10\/img-logo-agro-del-itapira-300x144.png","datePublished":"2025-11-23T15:32:35+00:00","dateModified":"2026-02-27T18:14:57+00:00","description":"A Agro D\u00e9l vai lan\u00e7ar sua loja virtual completa com diversas linhas de produtos de petshop e com envio para todo o Brasil!","breadcrumb":{"@id":"https:\/\/www.agrodel.com.br\/#breadcrumb"},"inLanguage":"pt-BR","potentialAction":[{"@type":"ReadAction","target":["https:\/\/www.agrodel.com.br\/"]}]},{"@type":"ImageObject","inLanguage":"pt-BR","@id":"https:\/\/www.agrodel.com.br\/#primaryimage","url":"https:\/\/www.agrodel.com.br\/wp-content\/uploads\/2024\/10\/img-logo-agro-del-itapira.png","contentUrl":"https:\/\/www.agrodel.com.br\/wp-content\/uploads\/2024\/10\/img-logo-agro-del-itapira.png","width":700,"height":336,"caption":"img-logo-agro-del-itapira"},{"@type":"BreadcrumbList","@id":"https:\/\/www.agrodel.com.br\/#breadcrumb","itemListElement":[{"@type":"ListItem","position":1,"name":"Home","item":"https:\/\/www.agrodel.com.br\/"},{"@type":"ListItem","position":2,"name":"Temporaria"}]},{"@type":"WebSite","@id":"https:\/\/www.agrodel.com.br\/#website","url":"https:\/\/www.agrodel.com.br\/","name":"Agro D\u00e9l Itapira","description":"A sua agropecu\u00e1ria amiga!","publisher":{"@id":"https:\/\/www.agrodel.com.br\/#organization"},"potentialAction":[{"@type":"SearchAction","target":{"@type":"EntryPoint","urlTemplate":"https:\/\/www.agrodel.com.br\/?s={search_term_string}"},"query-input":{"@type":"PropertyValueSpecification","valueRequired":true,"valueName":"search_term_string"}}],"inLanguage":"pt-BR"},{"@type":"Organization","@id":"https:\/\/www.agrodel.com.br\/#organization","name":"Agro D\u00e9l Itapira","url":"https:\/\/www.agrodel.com.br\/","logo":{"@type":"ImageObject","inLanguage":"pt-BR","@id":"https:\/\/www.agrodel.com.br\/#\/schema\/logo\/image\/","url":"https:\/\/www.agrodel.com.br\/wp-content\/uploads\/2024\/10\/img-logo-agro-del-itapira.png","contentUrl":"https:\/\/www.agrodel.com.br\/wp-content\/uploads\/2024\/10\/img-logo-agro-del-itapira.png","width":700,"height":336,"caption":"Agro D\u00e9l Itapira"},"image":{"@id":"https:\/\/www.agrodel.com.br\/#\/schema\/logo\/image\/"}}]}},"_links":{"self":[{"href":"https:\/\/www.agrodel.com.br\/index.php\/wp-json\/wp\/v2\/pages\/1513","targetHints":{"allow":["GET"]}}],"collection":[{"href":"https:\/\/www.agrodel.com.br\/index.php\/wp-json\/wp\/v2\/pages"}],"about":[{"href":"https:\/\/www.agrodel.com.br\/index.php\/wp-json\/wp\/v2\/types\/page"}],"author":[{"embeddable":true,"href":"https:\/\/www.agrodel.com.br\/index.php\/wp-json\/wp\/v2\/users\/1"}],"replies":[{"embeddable":true,"href":"https:\/\/www.agrodel.com.br\/index.php\/wp-json\/wp\/v2\/comments?post=1513"}],"version-history":[{"count":67,"href":"https:\/\/www.agrodel.com.br\/index.php\/wp-json\/wp\/v2\/pages\/1513\/revisions"}],"predecessor-version":[{"id":1586,"href":"https:\/\/www.agrodel.com.br\/index.php\/wp-json\/wp\/v2\/pages\/1513\/revisions\/1586"}],"wp:attachment":[{"href":"https:\/\/www.agrodel.com.br\/index.php\/wp-json\/wp\/v2\/media?parent=1513"}],"curies":[{"name":"wp","href":"https:\/\/api.w.org\/{rel}","templated":true}]}}