{"id":1009,"date":"2025-01-04T12:46:22","date_gmt":"2025-01-04T15:46:22","guid":{"rendered":"https:\/\/www.agrodel.com.br\/?post_type=product&#038;p=1009"},"modified":"2026-02-27T14:31:37","modified_gmt":"2026-02-27T17:31:37","slug":"racao-umida-pedigree-sache-carne-ao-molho-para-caes-adultos-de-racas-pequenas-100g","status":"publish","type":"product","link":"https:\/\/www.agrodel.com.br\/index.php\/product\/racao-umida-pedigree-sache-carne-ao-molho-para-caes-adultos-de-racas-pequenas-100g\/","title":{"rendered":"Ra\u00e7\u00e3o \u00damida Pedigree Sach\u00ea Carne ao Molho para C\u00e3es Adultos de Ra\u00e7as Pequenas 100g"},"content":{"rendered":"<div class=\"page-informations\" data-v-ccf8f6e6=\"\" data-v-eeb74bca=\"\">\n<div><strong><span class=\"font-body font-bold\">Resumo<\/span><\/strong><\/div>\n<div>&#8211; Refei\u00e7\u00e3o 100% Completa.<br \/>\n&#8211; Sem aroma artificial.<br \/>\n&#8211; Suculentos pedacinhos cozidos a vapor.<br \/>\n&#8211; Balan\u00e7o ideal de fibras.<br \/>\n&#8211; Proporciona fezes firmes e f\u00e1ceis de limpar.<br \/>\n&#8211; Qualidade de vida: Ingredientes de alta qualidade que mant\u00eam seu c\u00e3o saud\u00e1vel e cheio de energia.<\/div>\n<div><\/div>\n<div><\/div>\n<p>&nbsp;<\/p>\n<div class=\"my-6\"><strong><span class=\"font-body font-bold\">Detalhes<\/span><\/strong><\/div>\n<div class=\"my-6\">Conservar em local seco e fresco.<br \/>\nAp\u00f3s aberto manter refrigerado e bem acondicionado por at\u00e9 48 horas.<br \/>\nAs quantidades podem variar de acordo com a ra\u00e7a, idade e n\u00edvel de atividade do seu c\u00e3o. Quantidades orientativas. Ao trocar o alimento do seu c\u00e3o, fa\u00e7a-o de modo gradual durante um per\u00edodo de transi\u00e7\u00e3o de 5 a 10 dias. Esta transi\u00e7\u00e3o \u00e9 essencial para evitar problemas gastrointestinais. A cada dia, aumente a quantidade at\u00e9 que seu c\u00e3o seja alimentado exclusivamente com Pedigree\u00ae lata.<\/div>\n<\/div>\n","protected":false},"excerpt":{"rendered":"<p>Resumo &#8211; Refei\u00e7\u00e3o 100% Completa. &#8211; Sem aroma artificial. &#8211; Suculentos pedacinhos cozidos a vapor. &#8211; Balan\u00e7o ideal de fibras. &#8211; Proporciona fezes firmes e f\u00e1ceis de limpar. &#8211; Qualidade de vida: Ingredientes de alta qualidade que mant\u00eam seu c\u00e3o saud\u00e1vel e cheio de energia. &nbsp; Detalhes Conservar em local seco e fresco. Ap\u00f3s aberto&hellip;&nbsp;<a href=\"https:\/\/www.agrodel.com.br\/index.php\/product\/racao-umida-pedigree-sache-carne-ao-molho-para-caes-adultos-de-racas-pequenas-100g\/\" rel=\"bookmark\">Continue a ler &raquo;<span class=\"screen-reader-text\">Ra\u00e7\u00e3o \u00damida Pedigree Sach\u00ea Carne ao Molho para C\u00e3es Adultos de Ra\u00e7as Pequenas 100g<\/span><\/a><\/p>\n","protected":false},"featured_media":1704,"comment_status":"open","ping_status":"closed","template":"","meta":{"neve_meta_sidebar":"full-width","neve_meta_container":"","neve_meta_enable_content_width":"off","neve_meta_content_width":100,"neve_meta_title_alignment":"","neve_meta_author_avatar":"","neve_post_elements_order":"","neve_meta_disable_header":"","neve_meta_disable_footer":"","neve_meta_disable_title":""},"product_brand":[113],"product_cat":[22,23],"product_tag":[29,28,30,27,24,25,26],"class_list":{"0":"post-1009","1":"product","2":"type-product","3":"status-publish","4":"has-post-thumbnail","6":"product_brand-pedigree","7":"product_cat-caes","8":"product_cat-racao-umida","9":"product_tag-cachorro","10":"product_tag-cao","11":"product_tag-carne-ao-molho","12":"product_tag-pedigree","13":"product_tag-racao","14":"product_tag-sache","15":"product_tag-umida","17":"first","18":"instock","19":"sale","20":"shipping-taxable","21":"purchasable","22":"product-type-simple"},"yoast_head":"<!-- This site is optimized with the Yoast SEO plugin v27.2 - https:\/\/yoast.com\/product\/yoast-seo-wordpress\/ -->\n<title>Ra\u00e7\u00e3o \u00damida Pedigree Sach\u00ea Carne ao Molho para C\u00e3es Adultos de Ra\u00e7as Pequenas 100g | Agro D\u00e9l Itapira<\/title>\n<meta name=\"description\" content=\"Ra\u00e7\u00e3o \u00damida Pedigree Sach\u00ea Carne ao Molho para C\u00e3es Adultos de Ra\u00e7as Pequenas 100g\" \/>\n<meta name=\"robots\" content=\"index, follow, max-snippet:-1, max-image-preview:large, max-video-preview:-1\" \/>\n<link rel=\"canonical\" href=\"https:\/\/www.agrodel.com.br\/index.php\/product\/racao-umida-pedigree-sache-carne-ao-molho-para-caes-adultos-de-racas-pequenas-100g\/\" \/>\n<meta property=\"og:locale\" content=\"pt_BR\" \/>\n<meta property=\"og:type\" content=\"article\" \/>\n<meta property=\"og:title\" content=\"Ra\u00e7\u00e3o \u00damida Pedigree Sach\u00ea Carne ao Molho para C\u00e3es Adultos de Ra\u00e7as Pequenas 100g | Agro D\u00e9l Itapira\" \/>\n<meta property=\"og:description\" content=\"Ra\u00e7\u00e3o \u00damida Pedigree Sach\u00ea Carne ao Molho para C\u00e3es Adultos de Ra\u00e7as Pequenas 100g\" \/>\n<meta property=\"og:url\" content=\"https:\/\/www.agrodel.com.br\/index.php\/product\/racao-umida-pedigree-sache-carne-ao-molho-para-caes-adultos-de-racas-pequenas-100g\/\" \/>\n<meta property=\"og:site_name\" content=\"Agro D\u00e9l Itapira\" \/>\n<meta property=\"article:modified_time\" content=\"2026-02-27T17:31:37+00:00\" \/>\n<meta property=\"og:image\" content=\"https:\/\/www.agrodel.com.br\/wp-content\/uploads\/2025\/01\/D_Q_NP_797397-MLA88875575357_072025-F.webp\" \/>\n\t<meta property=\"og:image:width\" content=\"1053\" \/>\n\t<meta property=\"og:image:height\" content=\"1200\" \/>\n\t<meta property=\"og:image:type\" content=\"image\/webp\" \/>\n<meta name=\"twitter:card\" content=\"summary_large_image\" \/>\n<meta name=\"twitter:label1\" content=\"Est. tempo de leitura\" \/>\n\t<meta name=\"twitter:data1\" content=\"1 minuto\" \/>\n<script type=\"application\/ld+json\" class=\"yoast-schema-graph\">{\"@context\":\"https:\/\/schema.org\",\"@graph\":[{\"@type\":\"WebPage\",\"@id\":\"https:\/\/www.agrodel.com.br\/index.php\/product\/racao-umida-pedigree-sache-carne-ao-molho-para-caes-adultos-de-racas-pequenas-100g\/\",\"url\":\"https:\/\/www.agrodel.com.br\/index.php\/product\/racao-umida-pedigree-sache-carne-ao-molho-para-caes-adultos-de-racas-pequenas-100g\/\",\"name\":\"Ra\u00e7\u00e3o \u00damida Pedigree Sach\u00ea Carne ao Molho para C\u00e3es Adultos de Ra\u00e7as Pequenas 100g | Agro D\u00e9l Itapira\",\"isPartOf\":{\"@id\":\"https:\/\/www.agrodel.com.br\/#website\"},\"primaryImageOfPage\":{\"@id\":\"https:\/\/www.agrodel.com.br\/index.php\/product\/racao-umida-pedigree-sache-carne-ao-molho-para-caes-adultos-de-racas-pequenas-100g\/#primaryimage\"},\"image\":{\"@id\":\"https:\/\/www.agrodel.com.br\/index.php\/product\/racao-umida-pedigree-sache-carne-ao-molho-para-caes-adultos-de-racas-pequenas-100g\/#primaryimage\"},\"thumbnailUrl\":\"https:\/\/www.agrodel.com.br\/wp-content\/uploads\/2025\/01\/D_Q_NP_797397-MLA88875575357_072025-F.webp\",\"datePublished\":\"2025-01-04T15:46:22+00:00\",\"dateModified\":\"2026-02-27T17:31:37+00:00\",\"description\":\"Ra\u00e7\u00e3o \u00damida Pedigree Sach\u00ea Carne ao Molho para C\u00e3es Adultos de Ra\u00e7as Pequenas 100g\",\"breadcrumb\":{\"@id\":\"https:\/\/www.agrodel.com.br\/index.php\/product\/racao-umida-pedigree-sache-carne-ao-molho-para-caes-adultos-de-racas-pequenas-100g\/#breadcrumb\"},\"inLanguage\":\"pt-BR\",\"potentialAction\":[{\"@type\":\"ReadAction\",\"target\":[\"https:\/\/www.agrodel.com.br\/index.php\/product\/racao-umida-pedigree-sache-carne-ao-molho-para-caes-adultos-de-racas-pequenas-100g\/\"]}]},{\"@type\":\"ImageObject\",\"inLanguage\":\"pt-BR\",\"@id\":\"https:\/\/www.agrodel.com.br\/index.php\/product\/racao-umida-pedigree-sache-carne-ao-molho-para-caes-adultos-de-racas-pequenas-100g\/#primaryimage\",\"url\":\"https:\/\/www.agrodel.com.br\/wp-content\/uploads\/2025\/01\/D_Q_NP_797397-MLA88875575357_072025-F.webp\",\"contentUrl\":\"https:\/\/www.agrodel.com.br\/wp-content\/uploads\/2025\/01\/D_Q_NP_797397-MLA88875575357_072025-F.webp\",\"width\":1053,\"height\":1200},{\"@type\":\"BreadcrumbList\",\"@id\":\"https:\/\/www.agrodel.com.br\/index.php\/product\/racao-umida-pedigree-sache-carne-ao-molho-para-caes-adultos-de-racas-pequenas-100g\/#breadcrumb\",\"itemListElement\":[{\"@type\":\"ListItem\",\"position\":1,\"name\":\"Home\",\"item\":\"https:\/\/www.agrodel.com.br\/\"},{\"@type\":\"ListItem\",\"position\":2,\"name\":\"Loja\",\"item\":\"https:\/\/www.agrodel.com.br\/index.php\/loja\/\"},{\"@type\":\"ListItem\",\"position\":3,\"name\":\"Ra\u00e7\u00e3o \u00damida Pedigree Sach\u00ea Carne ao Molho para C\u00e3es Adultos de Ra\u00e7as Pequenas 100g\"}]},{\"@type\":\"WebSite\",\"@id\":\"https:\/\/www.agrodel.com.br\/#website\",\"url\":\"https:\/\/www.agrodel.com.br\/\",\"name\":\"Agro D\u00e9l Itapira\",\"description\":\"A sua agropecu\u00e1ria amiga!\",\"publisher\":{\"@id\":\"https:\/\/www.agrodel.com.br\/#organization\"},\"potentialAction\":[{\"@type\":\"SearchAction\",\"target\":{\"@type\":\"EntryPoint\",\"urlTemplate\":\"https:\/\/www.agrodel.com.br\/?s={search_term_string}\"},\"query-input\":{\"@type\":\"PropertyValueSpecification\",\"valueRequired\":true,\"valueName\":\"search_term_string\"}}],\"inLanguage\":\"pt-BR\"},{\"@type\":\"Organization\",\"@id\":\"https:\/\/www.agrodel.com.br\/#organization\",\"name\":\"Agro D\u00e9l Itapira\",\"url\":\"https:\/\/www.agrodel.com.br\/\",\"logo\":{\"@type\":\"ImageObject\",\"inLanguage\":\"pt-BR\",\"@id\":\"https:\/\/www.agrodel.com.br\/#\/schema\/logo\/image\/\",\"url\":\"https:\/\/www.agrodel.com.br\/wp-content\/uploads\/2024\/10\/img-logo-agro-del-itapira.png\",\"contentUrl\":\"https:\/\/www.agrodel.com.br\/wp-content\/uploads\/2024\/10\/img-logo-agro-del-itapira.png\",\"width\":700,\"height\":336,\"caption\":\"Agro D\u00e9l Itapira\"},\"image\":{\"@id\":\"https:\/\/www.agrodel.com.br\/#\/schema\/logo\/image\/\"}}]}<\/script>\n<!-- \/ Yoast SEO plugin. -->","yoast_head_json":{"title":"Ra\u00e7\u00e3o \u00damida Pedigree Sach\u00ea Carne ao Molho para C\u00e3es Adultos de Ra\u00e7as Pequenas 100g | Agro D\u00e9l Itapira","description":"Ra\u00e7\u00e3o \u00damida Pedigree Sach\u00ea Carne ao Molho para C\u00e3es Adultos de Ra\u00e7as Pequenas 100g","robots":{"index":"index","follow":"follow","max-snippet":"max-snippet:-1","max-image-preview":"max-image-preview:large","max-video-preview":"max-video-preview:-1"},"canonical":"https:\/\/www.agrodel.com.br\/index.php\/product\/racao-umida-pedigree-sache-carne-ao-molho-para-caes-adultos-de-racas-pequenas-100g\/","og_locale":"pt_BR","og_type":"article","og_title":"Ra\u00e7\u00e3o \u00damida Pedigree Sach\u00ea Carne ao Molho para C\u00e3es Adultos de Ra\u00e7as Pequenas 100g | Agro D\u00e9l Itapira","og_description":"Ra\u00e7\u00e3o \u00damida Pedigree Sach\u00ea Carne ao Molho para C\u00e3es Adultos de Ra\u00e7as Pequenas 100g","og_url":"https:\/\/www.agrodel.com.br\/index.php\/product\/racao-umida-pedigree-sache-carne-ao-molho-para-caes-adultos-de-racas-pequenas-100g\/","og_site_name":"Agro D\u00e9l Itapira","article_modified_time":"2026-02-27T17:31:37+00:00","og_image":[{"width":1053,"height":1200,"url":"https:\/\/www.agrodel.com.br\/wp-content\/uploads\/2025\/01\/D_Q_NP_797397-MLA88875575357_072025-F.webp","type":"image\/webp"}],"twitter_card":"summary_large_image","twitter_misc":{"Est. tempo de leitura":"1 minuto"},"schema":{"@context":"https:\/\/schema.org","@graph":[{"@type":"WebPage","@id":"https:\/\/www.agrodel.com.br\/index.php\/product\/racao-umida-pedigree-sache-carne-ao-molho-para-caes-adultos-de-racas-pequenas-100g\/","url":"https:\/\/www.agrodel.com.br\/index.php\/product\/racao-umida-pedigree-sache-carne-ao-molho-para-caes-adultos-de-racas-pequenas-100g\/","name":"Ra\u00e7\u00e3o \u00damida Pedigree Sach\u00ea Carne ao Molho para C\u00e3es Adultos de Ra\u00e7as Pequenas 100g | Agro D\u00e9l Itapira","isPartOf":{"@id":"https:\/\/www.agrodel.com.br\/#website"},"primaryImageOfPage":{"@id":"https:\/\/www.agrodel.com.br\/index.php\/product\/racao-umida-pedigree-sache-carne-ao-molho-para-caes-adultos-de-racas-pequenas-100g\/#primaryimage"},"image":{"@id":"https:\/\/www.agrodel.com.br\/index.php\/product\/racao-umida-pedigree-sache-carne-ao-molho-para-caes-adultos-de-racas-pequenas-100g\/#primaryimage"},"thumbnailUrl":"https:\/\/www.agrodel.com.br\/wp-content\/uploads\/2025\/01\/D_Q_NP_797397-MLA88875575357_072025-F.webp","datePublished":"2025-01-04T15:46:22+00:00","dateModified":"2026-02-27T17:31:37+00:00","description":"Ra\u00e7\u00e3o \u00damida Pedigree Sach\u00ea Carne ao Molho para C\u00e3es Adultos de Ra\u00e7as Pequenas 100g","breadcrumb":{"@id":"https:\/\/www.agrodel.com.br\/index.php\/product\/racao-umida-pedigree-sache-carne-ao-molho-para-caes-adultos-de-racas-pequenas-100g\/#breadcrumb"},"inLanguage":"pt-BR","potentialAction":[{"@type":"ReadAction","target":["https:\/\/www.agrodel.com.br\/index.php\/product\/racao-umida-pedigree-sache-carne-ao-molho-para-caes-adultos-de-racas-pequenas-100g\/"]}]},{"@type":"ImageObject","inLanguage":"pt-BR","@id":"https:\/\/www.agrodel.com.br\/index.php\/product\/racao-umida-pedigree-sache-carne-ao-molho-para-caes-adultos-de-racas-pequenas-100g\/#primaryimage","url":"https:\/\/www.agrodel.com.br\/wp-content\/uploads\/2025\/01\/D_Q_NP_797397-MLA88875575357_072025-F.webp","contentUrl":"https:\/\/www.agrodel.com.br\/wp-content\/uploads\/2025\/01\/D_Q_NP_797397-MLA88875575357_072025-F.webp","width":1053,"height":1200},{"@type":"BreadcrumbList","@id":"https:\/\/www.agrodel.com.br\/index.php\/product\/racao-umida-pedigree-sache-carne-ao-molho-para-caes-adultos-de-racas-pequenas-100g\/#breadcrumb","itemListElement":[{"@type":"ListItem","position":1,"name":"Home","item":"https:\/\/www.agrodel.com.br\/"},{"@type":"ListItem","position":2,"name":"Loja","item":"https:\/\/www.agrodel.com.br\/index.php\/loja\/"},{"@type":"ListItem","position":3,"name":"Ra\u00e7\u00e3o \u00damida Pedigree Sach\u00ea Carne ao Molho para C\u00e3es Adultos de Ra\u00e7as Pequenas 100g"}]},{"@type":"WebSite","@id":"https:\/\/www.agrodel.com.br\/#website","url":"https:\/\/www.agrodel.com.br\/","name":"Agro D\u00e9l Itapira","description":"A sua agropecu\u00e1ria amiga!","publisher":{"@id":"https:\/\/www.agrodel.com.br\/#organization"},"potentialAction":[{"@type":"SearchAction","target":{"@type":"EntryPoint","urlTemplate":"https:\/\/www.agrodel.com.br\/?s={search_term_string}"},"query-input":{"@type":"PropertyValueSpecification","valueRequired":true,"valueName":"search_term_string"}}],"inLanguage":"pt-BR"},{"@type":"Organization","@id":"https:\/\/www.agrodel.com.br\/#organization","name":"Agro D\u00e9l Itapira","url":"https:\/\/www.agrodel.com.br\/","logo":{"@type":"ImageObject","inLanguage":"pt-BR","@id":"https:\/\/www.agrodel.com.br\/#\/schema\/logo\/image\/","url":"https:\/\/www.agrodel.com.br\/wp-content\/uploads\/2024\/10\/img-logo-agro-del-itapira.png","contentUrl":"https:\/\/www.agrodel.com.br\/wp-content\/uploads\/2024\/10\/img-logo-agro-del-itapira.png","width":700,"height":336,"caption":"Agro D\u00e9l Itapira"},"image":{"@id":"https:\/\/www.agrodel.com.br\/#\/schema\/logo\/image\/"}}]}},"_links":{"self":[{"href":"https:\/\/www.agrodel.com.br\/index.php\/wp-json\/wp\/v2\/product\/1009","targetHints":{"allow":["GET"]}}],"collection":[{"href":"https:\/\/www.agrodel.com.br\/index.php\/wp-json\/wp\/v2\/product"}],"about":[{"href":"https:\/\/www.agrodel.com.br\/index.php\/wp-json\/wp\/v2\/types\/product"}],"replies":[{"embeddable":true,"href":"https:\/\/www.agrodel.com.br\/index.php\/wp-json\/wp\/v2\/comments?post=1009"}],"wp:featuredmedia":[{"embeddable":true,"href":"https:\/\/www.agrodel.com.br\/index.php\/wp-json\/wp\/v2\/media\/1704"}],"wp:attachment":[{"href":"https:\/\/www.agrodel.com.br\/index.php\/wp-json\/wp\/v2\/media?parent=1009"}],"wp:term":[{"taxonomy":"product_brand","embeddable":true,"href":"https:\/\/www.agrodel.com.br\/index.php\/wp-json\/wp\/v2\/product_brand?post=1009"},{"taxonomy":"product_cat","embeddable":true,"href":"https:\/\/www.agrodel.com.br\/index.php\/wp-json\/wp\/v2\/product_cat?post=1009"},{"taxonomy":"product_tag","embeddable":true,"href":"https:\/\/www.agrodel.com.br\/index.php\/wp-json\/wp\/v2\/product_tag?post=1009"}],"curies":[{"name":"wp","href":"https:\/\/api.w.org\/{rel}","templated":true}]}}