{"id":1063,"date":"2025-01-04T13:52:26","date_gmt":"2025-01-04T16:52:26","guid":{"rendered":"https:\/\/www.agrodel.com.br\/?post_type=product&#038;p=1063"},"modified":"2026-02-27T14:31:36","modified_gmt":"2026-02-27T17:31:36","slug":"racao-umida-whiskas-sache-carne-ao-molho-para-gatos-adultos-castrados-80g","status":"publish","type":"product","link":"https:\/\/www.agrodel.com.br\/index.php\/product\/racao-umida-whiskas-sache-carne-ao-molho-para-gatos-adultos-castrados-80g\/","title":{"rendered":"Ra\u00e7\u00e3o \u00damida Whiskas Sach\u00ea Carne ao Molho para Gatos Adultos Castrados 85g"},"content":{"rendered":"<div class=\"card-accordion__content\" data-v-3a23c1a2=\"\" data-v-eeb74bca=\"\">\n<div data-v-ccf8f6e6=\"\" data-v-eeb74bca=\"\">\n<div class=\"page-informations\" data-v-ccf8f6e6=\"\" data-v-eeb74bca=\"\">\n<div>\n<p><strong><span class=\"font-body font-bold\">Resumo<\/span><\/strong><\/p>\n<p class=\"my-6\">&#8211; Ajuda na manuten\u00e7\u00e3o do peso;<br \/>\n&#8211; Refei\u00e7\u00e3o completa e balanceada;<br \/>\n&#8211; Suculentos pedacinhos cozidos a vapor;<br \/>\n&#8211; Ajuda a manter a sa\u00fade do trato urin\u00e1rio;<br \/>\n&#8211; Por\u00e7\u00e3o ideal de prote\u00edna, vitaminas e sais minerais;<br \/>\n&#8211; Feito com ingredientes naturais de alta qualidade, vitaminas e minerais;<br \/>\n&#8211; Sem conservantes, sem corantes artificiais e sem aromatizantes artificiais.<\/p>\n<\/div>\n<div class=\"my-6\">\n<p><strong><span class=\"font-body font-bold\">Detalhes<\/span><\/strong><\/p>\n<p class=\"my-6\">A <strong> Ra\u00e7\u00e3o \u00damida Whiskas Sach\u00ea Carne ao Molho para Gatos Adultos Castrados <\/strong> oferece peda\u00e7os m\u00e9dio de peixe ao molho, mega delicioso ao paladar do seu gatinho. Por ser uma ra\u00e7\u00e3o \u00famida facilita o mastigar e a digest\u00e3o, cont\u00e9m ingredientes essenciais para os gatos castrados.<\/p>\n<p>&nbsp;<\/p>\n<\/div>\n<\/div>\n<\/div>\n<\/div>\n","protected":false},"excerpt":{"rendered":"<p>Resumo &#8211; Ajuda na manuten\u00e7\u00e3o do peso; &#8211; Refei\u00e7\u00e3o completa e balanceada; &#8211; Suculentos pedacinhos cozidos a vapor; &#8211; Ajuda a manter a sa\u00fade do trato urin\u00e1rio; &#8211; Por\u00e7\u00e3o ideal de prote\u00edna, vitaminas e sais minerais; &#8211; Feito com ingredientes naturais de alta qualidade, vitaminas e minerais; &#8211; Sem conservantes, sem corantes artificiais e sem&hellip;&nbsp;<a href=\"https:\/\/www.agrodel.com.br\/index.php\/product\/racao-umida-whiskas-sache-carne-ao-molho-para-gatos-adultos-castrados-80g\/\" rel=\"bookmark\">Continue a ler &raquo;<span class=\"screen-reader-text\">Ra\u00e7\u00e3o \u00damida Whiskas Sach\u00ea Carne ao Molho para Gatos Adultos Castrados 85g<\/span><\/a><\/p>\n","protected":false},"featured_media":1069,"comment_status":"open","ping_status":"closed","template":"","meta":{"neve_meta_sidebar":"full-width","neve_meta_container":"","neve_meta_enable_content_width":"off","neve_meta_content_width":100,"neve_meta_title_alignment":"","neve_meta_author_avatar":"","neve_post_elements_order":"","neve_meta_disable_header":"","neve_meta_disable_footer":"","neve_meta_disable_title":""},"product_brand":[112],"product_cat":[31,32],"product_tag":[42,34,46,24,25,26,33],"class_list":{"0":"post-1063","1":"product","2":"type-product","3":"status-publish","4":"has-post-thumbnail","6":"product_brand-whiskas","7":"product_cat-gatos","8":"product_cat-racao-umida-gatos","9":"product_tag-85g","10":"product_tag-gato","11":"product_tag-petisco","12":"product_tag-racao","13":"product_tag-sache","14":"product_tag-umida","15":"product_tag-whiskas","17":"first","18":"instock","19":"sale","20":"shipping-taxable","21":"purchasable","22":"product-type-simple"},"yoast_head":"<!-- This site is optimized with the Yoast SEO plugin v27.2 - https:\/\/yoast.com\/product\/yoast-seo-wordpress\/ -->\n<title>Ra\u00e7\u00e3o \u00damida Whiskas Sach\u00ea Carne ao Molho para Gatos Adultos Castrados 85g | Agro D\u00e9l Itapira<\/title>\n<meta name=\"description\" content=\"A Ra\u00e7\u00e3o \u00damida Whiskas Sach\u00ea Carne ao Molho para Gatos Adultos Castrados oferece peda\u00e7os m\u00e9dio de peixe ao molho, mega delicioso ao paladar do seu gatinho.\" \/>\n<meta name=\"robots\" content=\"index, follow, max-snippet:-1, max-image-preview:large, max-video-preview:-1\" \/>\n<link rel=\"canonical\" href=\"https:\/\/www.agrodel.com.br\/index.php\/product\/racao-umida-whiskas-sache-carne-ao-molho-para-gatos-adultos-castrados-80g\/\" \/>\n<meta property=\"og:locale\" content=\"pt_BR\" \/>\n<meta property=\"og:type\" content=\"article\" \/>\n<meta property=\"og:title\" content=\"Ra\u00e7\u00e3o \u00damida Whiskas Sach\u00ea Carne ao Molho para Gatos Adultos Castrados 85g | Agro D\u00e9l Itapira\" \/>\n<meta property=\"og:description\" content=\"A Ra\u00e7\u00e3o \u00damida Whiskas Sach\u00ea Carne ao Molho para Gatos Adultos Castrados oferece peda\u00e7os m\u00e9dio de peixe ao molho, mega delicioso ao paladar do seu gatinho.\" \/>\n<meta property=\"og:url\" content=\"https:\/\/www.agrodel.com.br\/index.php\/product\/racao-umida-whiskas-sache-carne-ao-molho-para-gatos-adultos-castrados-80g\/\" \/>\n<meta property=\"og:site_name\" content=\"Agro D\u00e9l Itapira\" \/>\n<meta property=\"article:modified_time\" content=\"2026-02-27T17:31:36+00:00\" \/>\n<meta property=\"og:image\" content=\"https:\/\/www.agrodel.com.br\/wp-content\/uploads\/2025\/01\/2032068_Racao_Umida_Whiskas_Sache_Carne_ao_Molho_para_Gatos_Adultos_Castrados_-_85_g_1_2.jpg\" \/>\n\t<meta property=\"og:image:width\" content=\"1080\" \/>\n\t<meta property=\"og:image:height\" content=\"1080\" \/>\n\t<meta property=\"og:image:type\" content=\"image\/jpeg\" \/>\n<meta name=\"twitter:card\" content=\"summary_large_image\" \/>\n<meta name=\"twitter:label1\" content=\"Est. tempo de leitura\" \/>\n\t<meta name=\"twitter:data1\" content=\"1 minuto\" \/>\n<script type=\"application\/ld+json\" class=\"yoast-schema-graph\">{\"@context\":\"https:\/\/schema.org\",\"@graph\":[{\"@type\":\"WebPage\",\"@id\":\"https:\/\/www.agrodel.com.br\/index.php\/product\/racao-umida-whiskas-sache-carne-ao-molho-para-gatos-adultos-castrados-80g\/\",\"url\":\"https:\/\/www.agrodel.com.br\/index.php\/product\/racao-umida-whiskas-sache-carne-ao-molho-para-gatos-adultos-castrados-80g\/\",\"name\":\"Ra\u00e7\u00e3o \u00damida Whiskas Sach\u00ea Carne ao Molho para Gatos Adultos Castrados 85g | Agro D\u00e9l Itapira\",\"isPartOf\":{\"@id\":\"https:\/\/www.agrodel.com.br\/#website\"},\"primaryImageOfPage\":{\"@id\":\"https:\/\/www.agrodel.com.br\/index.php\/product\/racao-umida-whiskas-sache-carne-ao-molho-para-gatos-adultos-castrados-80g\/#primaryimage\"},\"image\":{\"@id\":\"https:\/\/www.agrodel.com.br\/index.php\/product\/racao-umida-whiskas-sache-carne-ao-molho-para-gatos-adultos-castrados-80g\/#primaryimage\"},\"thumbnailUrl\":\"https:\/\/www.agrodel.com.br\/wp-content\/uploads\/2025\/01\/2032068_Racao_Umida_Whiskas_Sache_Carne_ao_Molho_para_Gatos_Adultos_Castrados_-_85_g_1_2.jpg\",\"datePublished\":\"2025-01-04T16:52:26+00:00\",\"dateModified\":\"2026-02-27T17:31:36+00:00\",\"description\":\"A Ra\u00e7\u00e3o \u00damida Whiskas Sach\u00ea Carne ao Molho para Gatos Adultos Castrados oferece peda\u00e7os m\u00e9dio de peixe ao molho, mega delicioso ao paladar do seu gatinho.\",\"breadcrumb\":{\"@id\":\"https:\/\/www.agrodel.com.br\/index.php\/product\/racao-umida-whiskas-sache-carne-ao-molho-para-gatos-adultos-castrados-80g\/#breadcrumb\"},\"inLanguage\":\"pt-BR\",\"potentialAction\":[{\"@type\":\"ReadAction\",\"target\":[\"https:\/\/www.agrodel.com.br\/index.php\/product\/racao-umida-whiskas-sache-carne-ao-molho-para-gatos-adultos-castrados-80g\/\"]}]},{\"@type\":\"ImageObject\",\"inLanguage\":\"pt-BR\",\"@id\":\"https:\/\/www.agrodel.com.br\/index.php\/product\/racao-umida-whiskas-sache-carne-ao-molho-para-gatos-adultos-castrados-80g\/#primaryimage\",\"url\":\"https:\/\/www.agrodel.com.br\/wp-content\/uploads\/2025\/01\/2032068_Racao_Umida_Whiskas_Sache_Carne_ao_Molho_para_Gatos_Adultos_Castrados_-_85_g_1_2.jpg\",\"contentUrl\":\"https:\/\/www.agrodel.com.br\/wp-content\/uploads\/2025\/01\/2032068_Racao_Umida_Whiskas_Sache_Carne_ao_Molho_para_Gatos_Adultos_Castrados_-_85_g_1_2.jpg\",\"width\":1080,\"height\":1080},{\"@type\":\"BreadcrumbList\",\"@id\":\"https:\/\/www.agrodel.com.br\/index.php\/product\/racao-umida-whiskas-sache-carne-ao-molho-para-gatos-adultos-castrados-80g\/#breadcrumb\",\"itemListElement\":[{\"@type\":\"ListItem\",\"position\":1,\"name\":\"Home\",\"item\":\"https:\/\/www.agrodel.com.br\/\"},{\"@type\":\"ListItem\",\"position\":2,\"name\":\"Loja\",\"item\":\"https:\/\/www.agrodel.com.br\/index.php\/loja\/\"},{\"@type\":\"ListItem\",\"position\":3,\"name\":\"Ra\u00e7\u00e3o \u00damida Whiskas Sach\u00ea Carne ao Molho para Gatos Adultos Castrados 85g\"}]},{\"@type\":\"WebSite\",\"@id\":\"https:\/\/www.agrodel.com.br\/#website\",\"url\":\"https:\/\/www.agrodel.com.br\/\",\"name\":\"Agro D\u00e9l Itapira\",\"description\":\"A sua agropecu\u00e1ria amiga!\",\"publisher\":{\"@id\":\"https:\/\/www.agrodel.com.br\/#organization\"},\"potentialAction\":[{\"@type\":\"SearchAction\",\"target\":{\"@type\":\"EntryPoint\",\"urlTemplate\":\"https:\/\/www.agrodel.com.br\/?s={search_term_string}\"},\"query-input\":{\"@type\":\"PropertyValueSpecification\",\"valueRequired\":true,\"valueName\":\"search_term_string\"}}],\"inLanguage\":\"pt-BR\"},{\"@type\":\"Organization\",\"@id\":\"https:\/\/www.agrodel.com.br\/#organization\",\"name\":\"Agro D\u00e9l Itapira\",\"url\":\"https:\/\/www.agrodel.com.br\/\",\"logo\":{\"@type\":\"ImageObject\",\"inLanguage\":\"pt-BR\",\"@id\":\"https:\/\/www.agrodel.com.br\/#\/schema\/logo\/image\/\",\"url\":\"https:\/\/www.agrodel.com.br\/wp-content\/uploads\/2024\/10\/img-logo-agro-del-itapira.png\",\"contentUrl\":\"https:\/\/www.agrodel.com.br\/wp-content\/uploads\/2024\/10\/img-logo-agro-del-itapira.png\",\"width\":700,\"height\":336,\"caption\":\"Agro D\u00e9l Itapira\"},\"image\":{\"@id\":\"https:\/\/www.agrodel.com.br\/#\/schema\/logo\/image\/\"}}]}<\/script>\n<!-- \/ Yoast SEO plugin. -->","yoast_head_json":{"title":"Ra\u00e7\u00e3o \u00damida Whiskas Sach\u00ea Carne ao Molho para Gatos Adultos Castrados 85g | Agro D\u00e9l Itapira","description":"A Ra\u00e7\u00e3o \u00damida Whiskas Sach\u00ea Carne ao Molho para Gatos Adultos Castrados oferece peda\u00e7os m\u00e9dio de peixe ao molho, mega delicioso ao paladar do seu gatinho.","robots":{"index":"index","follow":"follow","max-snippet":"max-snippet:-1","max-image-preview":"max-image-preview:large","max-video-preview":"max-video-preview:-1"},"canonical":"https:\/\/www.agrodel.com.br\/index.php\/product\/racao-umida-whiskas-sache-carne-ao-molho-para-gatos-adultos-castrados-80g\/","og_locale":"pt_BR","og_type":"article","og_title":"Ra\u00e7\u00e3o \u00damida Whiskas Sach\u00ea Carne ao Molho para Gatos Adultos Castrados 85g | Agro D\u00e9l Itapira","og_description":"A Ra\u00e7\u00e3o \u00damida Whiskas Sach\u00ea Carne ao Molho para Gatos Adultos Castrados oferece peda\u00e7os m\u00e9dio de peixe ao molho, mega delicioso ao paladar do seu gatinho.","og_url":"https:\/\/www.agrodel.com.br\/index.php\/product\/racao-umida-whiskas-sache-carne-ao-molho-para-gatos-adultos-castrados-80g\/","og_site_name":"Agro D\u00e9l Itapira","article_modified_time":"2026-02-27T17:31:36+00:00","og_image":[{"width":1080,"height":1080,"url":"https:\/\/www.agrodel.com.br\/wp-content\/uploads\/2025\/01\/2032068_Racao_Umida_Whiskas_Sache_Carne_ao_Molho_para_Gatos_Adultos_Castrados_-_85_g_1_2.jpg","type":"image\/jpeg"}],"twitter_card":"summary_large_image","twitter_misc":{"Est. tempo de leitura":"1 minuto"},"schema":{"@context":"https:\/\/schema.org","@graph":[{"@type":"WebPage","@id":"https:\/\/www.agrodel.com.br\/index.php\/product\/racao-umida-whiskas-sache-carne-ao-molho-para-gatos-adultos-castrados-80g\/","url":"https:\/\/www.agrodel.com.br\/index.php\/product\/racao-umida-whiskas-sache-carne-ao-molho-para-gatos-adultos-castrados-80g\/","name":"Ra\u00e7\u00e3o \u00damida Whiskas Sach\u00ea Carne ao Molho para Gatos Adultos Castrados 85g | Agro D\u00e9l Itapira","isPartOf":{"@id":"https:\/\/www.agrodel.com.br\/#website"},"primaryImageOfPage":{"@id":"https:\/\/www.agrodel.com.br\/index.php\/product\/racao-umida-whiskas-sache-carne-ao-molho-para-gatos-adultos-castrados-80g\/#primaryimage"},"image":{"@id":"https:\/\/www.agrodel.com.br\/index.php\/product\/racao-umida-whiskas-sache-carne-ao-molho-para-gatos-adultos-castrados-80g\/#primaryimage"},"thumbnailUrl":"https:\/\/www.agrodel.com.br\/wp-content\/uploads\/2025\/01\/2032068_Racao_Umida_Whiskas_Sache_Carne_ao_Molho_para_Gatos_Adultos_Castrados_-_85_g_1_2.jpg","datePublished":"2025-01-04T16:52:26+00:00","dateModified":"2026-02-27T17:31:36+00:00","description":"A Ra\u00e7\u00e3o \u00damida Whiskas Sach\u00ea Carne ao Molho para Gatos Adultos Castrados oferece peda\u00e7os m\u00e9dio de peixe ao molho, mega delicioso ao paladar do seu gatinho.","breadcrumb":{"@id":"https:\/\/www.agrodel.com.br\/index.php\/product\/racao-umida-whiskas-sache-carne-ao-molho-para-gatos-adultos-castrados-80g\/#breadcrumb"},"inLanguage":"pt-BR","potentialAction":[{"@type":"ReadAction","target":["https:\/\/www.agrodel.com.br\/index.php\/product\/racao-umida-whiskas-sache-carne-ao-molho-para-gatos-adultos-castrados-80g\/"]}]},{"@type":"ImageObject","inLanguage":"pt-BR","@id":"https:\/\/www.agrodel.com.br\/index.php\/product\/racao-umida-whiskas-sache-carne-ao-molho-para-gatos-adultos-castrados-80g\/#primaryimage","url":"https:\/\/www.agrodel.com.br\/wp-content\/uploads\/2025\/01\/2032068_Racao_Umida_Whiskas_Sache_Carne_ao_Molho_para_Gatos_Adultos_Castrados_-_85_g_1_2.jpg","contentUrl":"https:\/\/www.agrodel.com.br\/wp-content\/uploads\/2025\/01\/2032068_Racao_Umida_Whiskas_Sache_Carne_ao_Molho_para_Gatos_Adultos_Castrados_-_85_g_1_2.jpg","width":1080,"height":1080},{"@type":"BreadcrumbList","@id":"https:\/\/www.agrodel.com.br\/index.php\/product\/racao-umida-whiskas-sache-carne-ao-molho-para-gatos-adultos-castrados-80g\/#breadcrumb","itemListElement":[{"@type":"ListItem","position":1,"name":"Home","item":"https:\/\/www.agrodel.com.br\/"},{"@type":"ListItem","position":2,"name":"Loja","item":"https:\/\/www.agrodel.com.br\/index.php\/loja\/"},{"@type":"ListItem","position":3,"name":"Ra\u00e7\u00e3o \u00damida Whiskas Sach\u00ea Carne ao Molho para Gatos Adultos Castrados 85g"}]},{"@type":"WebSite","@id":"https:\/\/www.agrodel.com.br\/#website","url":"https:\/\/www.agrodel.com.br\/","name":"Agro D\u00e9l Itapira","description":"A sua agropecu\u00e1ria amiga!","publisher":{"@id":"https:\/\/www.agrodel.com.br\/#organization"},"potentialAction":[{"@type":"SearchAction","target":{"@type":"EntryPoint","urlTemplate":"https:\/\/www.agrodel.com.br\/?s={search_term_string}"},"query-input":{"@type":"PropertyValueSpecification","valueRequired":true,"valueName":"search_term_string"}}],"inLanguage":"pt-BR"},{"@type":"Organization","@id":"https:\/\/www.agrodel.com.br\/#organization","name":"Agro D\u00e9l Itapira","url":"https:\/\/www.agrodel.com.br\/","logo":{"@type":"ImageObject","inLanguage":"pt-BR","@id":"https:\/\/www.agrodel.com.br\/#\/schema\/logo\/image\/","url":"https:\/\/www.agrodel.com.br\/wp-content\/uploads\/2024\/10\/img-logo-agro-del-itapira.png","contentUrl":"https:\/\/www.agrodel.com.br\/wp-content\/uploads\/2024\/10\/img-logo-agro-del-itapira.png","width":700,"height":336,"caption":"Agro D\u00e9l Itapira"},"image":{"@id":"https:\/\/www.agrodel.com.br\/#\/schema\/logo\/image\/"}}]}},"_links":{"self":[{"href":"https:\/\/www.agrodel.com.br\/index.php\/wp-json\/wp\/v2\/product\/1063","targetHints":{"allow":["GET"]}}],"collection":[{"href":"https:\/\/www.agrodel.com.br\/index.php\/wp-json\/wp\/v2\/product"}],"about":[{"href":"https:\/\/www.agrodel.com.br\/index.php\/wp-json\/wp\/v2\/types\/product"}],"replies":[{"embeddable":true,"href":"https:\/\/www.agrodel.com.br\/index.php\/wp-json\/wp\/v2\/comments?post=1063"}],"wp:featuredmedia":[{"embeddable":true,"href":"https:\/\/www.agrodel.com.br\/index.php\/wp-json\/wp\/v2\/media\/1069"}],"wp:attachment":[{"href":"https:\/\/www.agrodel.com.br\/index.php\/wp-json\/wp\/v2\/media?parent=1063"}],"wp:term":[{"taxonomy":"product_brand","embeddable":true,"href":"https:\/\/www.agrodel.com.br\/index.php\/wp-json\/wp\/v2\/product_brand?post=1063"},{"taxonomy":"product_cat","embeddable":true,"href":"https:\/\/www.agrodel.com.br\/index.php\/wp-json\/wp\/v2\/product_cat?post=1063"},{"taxonomy":"product_tag","embeddable":true,"href":"https:\/\/www.agrodel.com.br\/index.php\/wp-json\/wp\/v2\/product_tag?post=1063"}],"curies":[{"name":"wp","href":"https:\/\/api.w.org\/{rel}","templated":true}]}}