{"id":1629,"date":"2026-02-27T14:31:36","date_gmt":"2026-02-27T17:31:36","guid":{"rendered":"https:\/\/www.agrodel.com.br\/?post_type=product&#038;p=1629"},"modified":"2026-02-27T14:31:36","modified_gmt":"2026-02-27T17:31:36","slug":"racao-para-caes-dogue-super-premium-racas-pequenas-15kg","status":"publish","type":"product","link":"https:\/\/www.agrodel.com.br\/index.php\/product\/racao-para-caes-dogue-super-premium-racas-pequenas-15kg\/","title":{"rendered":"RA\u00c7\u00c3O PARA C\u00c3ES DOGUE SUPER PREMIUM RA\u00c7AS PEQUENAS 15KG"},"content":{"rendered":"<p><strong>Super Premium<\/strong>\u00a0|\u00a0<strong>Sem corantes<\/strong>\u00a0|\u00a0<strong>Sabor Carne e Frango<\/strong><\/p>\n<p>Cont\u00e9m\u00a0<strong>27%<\/strong>\u00a0<strong>Prote\u00edna<\/strong>;<\/p>\n<p>Fortalece a musculatura;<\/p>\n<p>Equilibrio Intestinal;<\/p>\n<p>Cora\u00e7\u00e3o Protegido;<\/p>\n<p>Atua\u00e7\u00e3o Condroprotetora;<\/p>\n<p>Pelagem Bonita com \u00d4mega 3, 6 e 9;<\/p>\n<p>Sa\u00fade dental e redu\u00e7\u00e3o do t\u00e1rtaro com hexametfosfato de s\u00f3dio;<\/p>\n<h2><strong>N\u00edveis de garantia<\/strong><\/h2>\n<p>Umidade (m\u00e1x)\u2026\u2026\u2026\u2026\u2026\u2026\u2026..10,0%(100,00 g\/kg)<\/p>\n<p>Prote\u00edna Bruta (m\u00edn)\u2026\u2026\u2026\u2026\u2026\u2026\u2026..27,0(270,00 g\/kg)<\/p>\n<p>Extrato Et\u00e9reo (m\u00edn)\u2026\u2026\u2026\u2026\u2026\u2026\u2026..13%(130,00 g\/kg)<\/p>\n<p>Mat\u00e9ria Fibrosa (m\u00e1x)\u2026\u2026\u2026\u2026\u2026\u2026\u2026..3,5(35,00 g\/kg)<\/p>\n<p>Mat\u00e9ria Mineral (m\u00e1x)\u2026\u2026\u2026\u2026\u2026\u2026\u2026..7,5%(75,00 g\/kg)<\/p>\n<p>C\u00e1lcio (m\u00e1x)\u2026\u2026\u2026\u2026\u2026\u2026\u2026..1,8%(18,00 g\/kg)<\/p>\n<p>C\u00e1lcio (m\u00edn)\u2026\u2026\u2026\u2026\u2026\u2026\u2026..0,8%(8.000,00mg\/kg)<\/p>\n<p>F\u00f3sforo(m\u00edn)\u2026\u2026\u2026\u2026\u2026\u2026\u2026..0,8%(8.000,00m g\/kg)<\/p>\n<p>S\u00f3dio(m\u00edn)\u2026\u2026\u2026\u2026\u2026\u2026\u2026..0,2%(2.000,00mg\/kg)<\/p>\n<p>\u00c1cido Linoleico (m\u00edn)\u2026\u2026\u2026\u2026\u2026\u2026\u2026..2,9%(29,00 g\/kg)<\/p>\n<p>\u00c1cido Linol\u00eanico (m\u00edn)\u2026\u2026\u2026\u2026\u2026\u2026\u2026..0,25%(2.500,00 mg\/kg)<\/p>\n<p>Hexametafosfato de s\u00f3dio (m\u00edn)\u2026\u2026\u2026\u2026\u2026\u2026\u2026..0,03%(300mg\/kg)<\/p>\n<p>Energia Metaboliz\u00e1vel\u2026\u2026\u2026\u2026\u2026\u2026\u2026..3.950,00kcal\/kg<\/p>\n<p>&nbsp;<\/p>\n<h2><strong>Enriquecimento m\u00ednimo por Kg<\/strong><\/h2>\n<p>\u00c1cido f\u00f3lico 0,3mg, \u00c1cido pantot\u00eanico 22,5mg, Antioxidante 125mg, Biotina 0,45mg, Cobre 15mg, Colina 260mg, Ferro 110mg, Iodo 1,5mg, Mangan\u00eas 30mg, Niacina 46,5mg, Sel\u00eanio 0,34mg, Vitamina A 9.000 UI\/kg, Vitamina B1 1,6mg, Vitamina B12 36mg, Vitamina B2 3,6mg, Vitamina B6 1,6mg, Vitamina D3 850 UI\/kg, Vitamina E 80mg\/kg, Vitamina K3 1mg, Zinco 1250mg.<\/p>\n","protected":false},"excerpt":{"rendered":"<p>Super Premium\u00a0|\u00a0Sem corantes\u00a0|\u00a0Sabor Carne e Frango Cont\u00e9m\u00a027%\u00a0Prote\u00edna; Fortalece a musculatura; Equilibrio Intestinal; Cora\u00e7\u00e3o Protegido; Atua\u00e7\u00e3o Condroprotetora; Pelagem Bonita com \u00d4mega 3, 6 e 9; Sa\u00fade dental e redu\u00e7\u00e3o do t\u00e1rtaro com hexametfosfato de s\u00f3dio; N\u00edveis de garantia Umidade (m\u00e1x)\u2026\u2026\u2026\u2026\u2026\u2026\u2026..10,0%(100,00 g\/kg) Prote\u00edna Bruta (m\u00edn)\u2026\u2026\u2026\u2026\u2026\u2026\u2026..27,0(270,00 g\/kg) Extrato Et\u00e9reo (m\u00edn)\u2026\u2026\u2026\u2026\u2026\u2026\u2026..13%(130,00 g\/kg) Mat\u00e9ria Fibrosa (m\u00e1x)\u2026\u2026\u2026\u2026\u2026\u2026\u2026..3,5(35,00 g\/kg) Mat\u00e9ria Mineral (m\u00e1x)\u2026\u2026\u2026\u2026\u2026\u2026\u2026..7,5%(75,00&hellip;&nbsp;<a href=\"https:\/\/www.agrodel.com.br\/index.php\/product\/racao-para-caes-dogue-super-premium-racas-pequenas-15kg\/\" rel=\"bookmark\">Continue a ler &raquo;<span class=\"screen-reader-text\">RA\u00c7\u00c3O PARA C\u00c3ES DOGUE SUPER PREMIUM RA\u00c7AS PEQUENAS 15KG<\/span><\/a><\/p>\n","protected":false},"featured_media":1703,"comment_status":"open","ping_status":"closed","template":"","meta":{"neve_meta_sidebar":"","neve_meta_container":"","neve_meta_enable_content_width":"off","neve_meta_content_width":100,"neve_meta_title_alignment":"","neve_meta_author_avatar":"","neve_post_elements_order":"","neve_meta_disable_header":"","neve_meta_disable_footer":"","neve_meta_disable_title":""},"product_brand":[103],"product_cat":[22,35],"product_tag":[41,37,62,24,64,63],"class_list":{"0":"post-1629","1":"product","2":"type-product","3":"status-publish","4":"has-post-thumbnail","6":"product_brand-dogue","7":"product_cat-caes","8":"product_cat-racao-seca","9":"product_tag-15kg","10":"product_tag-caes","11":"product_tag-dogue","12":"product_tag-racao","13":"product_tag-racas-pequenas","14":"product_tag-super-premium","16":"first","17":"instock","18":"sale","19":"shipping-taxable","20":"purchasable","21":"product-type-simple"},"yoast_head":"<!-- This site is optimized with the Yoast SEO plugin v27.2 - https:\/\/yoast.com\/product\/yoast-seo-wordpress\/ -->\n<title>RA\u00c7\u00c3O PARA C\u00c3ES DOGUE SUPER PREMIUM RA\u00c7AS PEQUENAS 15KG - Agro D\u00e9l Itapira<\/title>\n<meta name=\"robots\" content=\"index, follow, max-snippet:-1, max-image-preview:large, max-video-preview:-1\" \/>\n<link rel=\"canonical\" href=\"https:\/\/www.agrodel.com.br\/index.php\/product\/racao-para-caes-dogue-super-premium-racas-pequenas-15kg\/\" \/>\n<meta property=\"og:locale\" content=\"pt_BR\" \/>\n<meta property=\"og:type\" content=\"article\" \/>\n<meta property=\"og:title\" content=\"RA\u00c7\u00c3O PARA C\u00c3ES DOGUE SUPER PREMIUM RA\u00c7AS PEQUENAS 15KG - Agro D\u00e9l Itapira\" \/>\n<meta property=\"og:description\" content=\"Super Premium\u00a0|\u00a0Sem corantes\u00a0|\u00a0Sabor Carne e Frango Cont\u00e9m\u00a027%\u00a0Prote\u00edna; Fortalece a musculatura; Equilibrio Intestinal; Cora\u00e7\u00e3o Protegido; Atua\u00e7\u00e3o Condroprotetora; Pelagem Bonita com \u00d4mega 3, 6 e 9; Sa\u00fade dental e redu\u00e7\u00e3o do t\u00e1rtaro com hexametfosfato de s\u00f3dio; N\u00edveis de garantia Umidade (m\u00e1x)\u2026\u2026\u2026\u2026\u2026\u2026\u2026..10,0%(100,00 g\/kg) Prote\u00edna Bruta (m\u00edn)\u2026\u2026\u2026\u2026\u2026\u2026\u2026..27,0(270,00 g\/kg) Extrato Et\u00e9reo (m\u00edn)\u2026\u2026\u2026\u2026\u2026\u2026\u2026..13%(130,00 g\/kg) Mat\u00e9ria Fibrosa (m\u00e1x)\u2026\u2026\u2026\u2026\u2026\u2026\u2026..3,5(35,00 g\/kg) Mat\u00e9ria Mineral (m\u00e1x)\u2026\u2026\u2026\u2026\u2026\u2026\u2026..7,5%(75,00&hellip;&nbsp;Continue a ler &raquo;RA\u00c7\u00c3O PARA C\u00c3ES DOGUE SUPER PREMIUM RA\u00c7AS PEQUENAS 15KG\" \/>\n<meta property=\"og:url\" content=\"https:\/\/www.agrodel.com.br\/index.php\/product\/racao-para-caes-dogue-super-premium-racas-pequenas-15kg\/\" \/>\n<meta property=\"og:site_name\" content=\"Agro D\u00e9l Itapira\" \/>\n<meta property=\"og:image\" content=\"https:\/\/www.agrodel.com.br\/wp-content\/uploads\/2026\/02\/dogueSuperPremiumRpeqPNG-1.png\" \/>\n\t<meta property=\"og:image:width\" content=\"500\" \/>\n\t<meta property=\"og:image:height\" content=\"500\" \/>\n\t<meta property=\"og:image:type\" content=\"image\/png\" \/>\n<meta name=\"twitter:card\" content=\"summary_large_image\" \/>\n<meta name=\"twitter:label1\" content=\"Est. tempo de leitura\" \/>\n\t<meta name=\"twitter:data1\" content=\"1 minuto\" \/>\n<script type=\"application\/ld+json\" class=\"yoast-schema-graph\">{\"@context\":\"https:\/\/schema.org\",\"@graph\":[{\"@type\":\"WebPage\",\"@id\":\"https:\/\/www.agrodel.com.br\/index.php\/product\/racao-para-caes-dogue-super-premium-racas-pequenas-15kg\/\",\"url\":\"https:\/\/www.agrodel.com.br\/index.php\/product\/racao-para-caes-dogue-super-premium-racas-pequenas-15kg\/\",\"name\":\"RA\u00c7\u00c3O PARA C\u00c3ES DOGUE SUPER PREMIUM RA\u00c7AS PEQUENAS 15KG - Agro D\u00e9l Itapira\",\"isPartOf\":{\"@id\":\"https:\/\/www.agrodel.com.br\/#website\"},\"primaryImageOfPage\":{\"@id\":\"https:\/\/www.agrodel.com.br\/index.php\/product\/racao-para-caes-dogue-super-premium-racas-pequenas-15kg\/#primaryimage\"},\"image\":{\"@id\":\"https:\/\/www.agrodel.com.br\/index.php\/product\/racao-para-caes-dogue-super-premium-racas-pequenas-15kg\/#primaryimage\"},\"thumbnailUrl\":\"https:\/\/www.agrodel.com.br\/wp-content\/uploads\/2026\/02\/dogueSuperPremiumRpeqPNG-1.png\",\"datePublished\":\"2026-02-27T17:31:36+00:00\",\"breadcrumb\":{\"@id\":\"https:\/\/www.agrodel.com.br\/index.php\/product\/racao-para-caes-dogue-super-premium-racas-pequenas-15kg\/#breadcrumb\"},\"inLanguage\":\"pt-BR\",\"potentialAction\":[{\"@type\":\"ReadAction\",\"target\":[\"https:\/\/www.agrodel.com.br\/index.php\/product\/racao-para-caes-dogue-super-premium-racas-pequenas-15kg\/\"]}]},{\"@type\":\"ImageObject\",\"inLanguage\":\"pt-BR\",\"@id\":\"https:\/\/www.agrodel.com.br\/index.php\/product\/racao-para-caes-dogue-super-premium-racas-pequenas-15kg\/#primaryimage\",\"url\":\"https:\/\/www.agrodel.com.br\/wp-content\/uploads\/2026\/02\/dogueSuperPremiumRpeqPNG-1.png\",\"contentUrl\":\"https:\/\/www.agrodel.com.br\/wp-content\/uploads\/2026\/02\/dogueSuperPremiumRpeqPNG-1.png\",\"width\":500,\"height\":500},{\"@type\":\"BreadcrumbList\",\"@id\":\"https:\/\/www.agrodel.com.br\/index.php\/product\/racao-para-caes-dogue-super-premium-racas-pequenas-15kg\/#breadcrumb\",\"itemListElement\":[{\"@type\":\"ListItem\",\"position\":1,\"name\":\"Home\",\"item\":\"https:\/\/www.agrodel.com.br\/\"},{\"@type\":\"ListItem\",\"position\":2,\"name\":\"Loja\",\"item\":\"https:\/\/www.agrodel.com.br\/index.php\/loja\/\"},{\"@type\":\"ListItem\",\"position\":3,\"name\":\"RA\u00c7\u00c3O PARA C\u00c3ES DOGUE SUPER PREMIUM RA\u00c7AS PEQUENAS 15KG\"}]},{\"@type\":\"WebSite\",\"@id\":\"https:\/\/www.agrodel.com.br\/#website\",\"url\":\"https:\/\/www.agrodel.com.br\/\",\"name\":\"Agro D\u00e9l Itapira\",\"description\":\"A sua agropecu\u00e1ria amiga!\",\"publisher\":{\"@id\":\"https:\/\/www.agrodel.com.br\/#organization\"},\"potentialAction\":[{\"@type\":\"SearchAction\",\"target\":{\"@type\":\"EntryPoint\",\"urlTemplate\":\"https:\/\/www.agrodel.com.br\/?s={search_term_string}\"},\"query-input\":{\"@type\":\"PropertyValueSpecification\",\"valueRequired\":true,\"valueName\":\"search_term_string\"}}],\"inLanguage\":\"pt-BR\"},{\"@type\":\"Organization\",\"@id\":\"https:\/\/www.agrodel.com.br\/#organization\",\"name\":\"Agro D\u00e9l Itapira\",\"url\":\"https:\/\/www.agrodel.com.br\/\",\"logo\":{\"@type\":\"ImageObject\",\"inLanguage\":\"pt-BR\",\"@id\":\"https:\/\/www.agrodel.com.br\/#\/schema\/logo\/image\/\",\"url\":\"https:\/\/www.agrodel.com.br\/wp-content\/uploads\/2024\/10\/img-logo-agro-del-itapira.png\",\"contentUrl\":\"https:\/\/www.agrodel.com.br\/wp-content\/uploads\/2024\/10\/img-logo-agro-del-itapira.png\",\"width\":700,\"height\":336,\"caption\":\"Agro D\u00e9l Itapira\"},\"image\":{\"@id\":\"https:\/\/www.agrodel.com.br\/#\/schema\/logo\/image\/\"}}]}<\/script>\n<!-- \/ Yoast SEO plugin. -->","yoast_head_json":{"title":"RA\u00c7\u00c3O PARA C\u00c3ES DOGUE SUPER PREMIUM RA\u00c7AS PEQUENAS 15KG - Agro D\u00e9l Itapira","robots":{"index":"index","follow":"follow","max-snippet":"max-snippet:-1","max-image-preview":"max-image-preview:large","max-video-preview":"max-video-preview:-1"},"canonical":"https:\/\/www.agrodel.com.br\/index.php\/product\/racao-para-caes-dogue-super-premium-racas-pequenas-15kg\/","og_locale":"pt_BR","og_type":"article","og_title":"RA\u00c7\u00c3O PARA C\u00c3ES DOGUE SUPER PREMIUM RA\u00c7AS PEQUENAS 15KG - Agro D\u00e9l Itapira","og_description":"Super Premium\u00a0|\u00a0Sem corantes\u00a0|\u00a0Sabor Carne e Frango Cont\u00e9m\u00a027%\u00a0Prote\u00edna; Fortalece a musculatura; Equilibrio Intestinal; Cora\u00e7\u00e3o Protegido; Atua\u00e7\u00e3o Condroprotetora; Pelagem Bonita com \u00d4mega 3, 6 e 9; Sa\u00fade dental e redu\u00e7\u00e3o do t\u00e1rtaro com hexametfosfato de s\u00f3dio; N\u00edveis de garantia Umidade (m\u00e1x)\u2026\u2026\u2026\u2026\u2026\u2026\u2026..10,0%(100,00 g\/kg) Prote\u00edna Bruta (m\u00edn)\u2026\u2026\u2026\u2026\u2026\u2026\u2026..27,0(270,00 g\/kg) Extrato Et\u00e9reo (m\u00edn)\u2026\u2026\u2026\u2026\u2026\u2026\u2026..13%(130,00 g\/kg) Mat\u00e9ria Fibrosa (m\u00e1x)\u2026\u2026\u2026\u2026\u2026\u2026\u2026..3,5(35,00 g\/kg) Mat\u00e9ria Mineral (m\u00e1x)\u2026\u2026\u2026\u2026\u2026\u2026\u2026..7,5%(75,00&hellip;&nbsp;Continue a ler &raquo;RA\u00c7\u00c3O PARA C\u00c3ES DOGUE SUPER PREMIUM RA\u00c7AS PEQUENAS 15KG","og_url":"https:\/\/www.agrodel.com.br\/index.php\/product\/racao-para-caes-dogue-super-premium-racas-pequenas-15kg\/","og_site_name":"Agro D\u00e9l Itapira","og_image":[{"width":500,"height":500,"url":"https:\/\/www.agrodel.com.br\/wp-content\/uploads\/2026\/02\/dogueSuperPremiumRpeqPNG-1.png","type":"image\/png"}],"twitter_card":"summary_large_image","twitter_misc":{"Est. tempo de leitura":"1 minuto"},"schema":{"@context":"https:\/\/schema.org","@graph":[{"@type":"WebPage","@id":"https:\/\/www.agrodel.com.br\/index.php\/product\/racao-para-caes-dogue-super-premium-racas-pequenas-15kg\/","url":"https:\/\/www.agrodel.com.br\/index.php\/product\/racao-para-caes-dogue-super-premium-racas-pequenas-15kg\/","name":"RA\u00c7\u00c3O PARA C\u00c3ES DOGUE SUPER PREMIUM RA\u00c7AS PEQUENAS 15KG - Agro D\u00e9l Itapira","isPartOf":{"@id":"https:\/\/www.agrodel.com.br\/#website"},"primaryImageOfPage":{"@id":"https:\/\/www.agrodel.com.br\/index.php\/product\/racao-para-caes-dogue-super-premium-racas-pequenas-15kg\/#primaryimage"},"image":{"@id":"https:\/\/www.agrodel.com.br\/index.php\/product\/racao-para-caes-dogue-super-premium-racas-pequenas-15kg\/#primaryimage"},"thumbnailUrl":"https:\/\/www.agrodel.com.br\/wp-content\/uploads\/2026\/02\/dogueSuperPremiumRpeqPNG-1.png","datePublished":"2026-02-27T17:31:36+00:00","breadcrumb":{"@id":"https:\/\/www.agrodel.com.br\/index.php\/product\/racao-para-caes-dogue-super-premium-racas-pequenas-15kg\/#breadcrumb"},"inLanguage":"pt-BR","potentialAction":[{"@type":"ReadAction","target":["https:\/\/www.agrodel.com.br\/index.php\/product\/racao-para-caes-dogue-super-premium-racas-pequenas-15kg\/"]}]},{"@type":"ImageObject","inLanguage":"pt-BR","@id":"https:\/\/www.agrodel.com.br\/index.php\/product\/racao-para-caes-dogue-super-premium-racas-pequenas-15kg\/#primaryimage","url":"https:\/\/www.agrodel.com.br\/wp-content\/uploads\/2026\/02\/dogueSuperPremiumRpeqPNG-1.png","contentUrl":"https:\/\/www.agrodel.com.br\/wp-content\/uploads\/2026\/02\/dogueSuperPremiumRpeqPNG-1.png","width":500,"height":500},{"@type":"BreadcrumbList","@id":"https:\/\/www.agrodel.com.br\/index.php\/product\/racao-para-caes-dogue-super-premium-racas-pequenas-15kg\/#breadcrumb","itemListElement":[{"@type":"ListItem","position":1,"name":"Home","item":"https:\/\/www.agrodel.com.br\/"},{"@type":"ListItem","position":2,"name":"Loja","item":"https:\/\/www.agrodel.com.br\/index.php\/loja\/"},{"@type":"ListItem","position":3,"name":"RA\u00c7\u00c3O PARA C\u00c3ES DOGUE SUPER PREMIUM RA\u00c7AS PEQUENAS 15KG"}]},{"@type":"WebSite","@id":"https:\/\/www.agrodel.com.br\/#website","url":"https:\/\/www.agrodel.com.br\/","name":"Agro D\u00e9l Itapira","description":"A sua agropecu\u00e1ria amiga!","publisher":{"@id":"https:\/\/www.agrodel.com.br\/#organization"},"potentialAction":[{"@type":"SearchAction","target":{"@type":"EntryPoint","urlTemplate":"https:\/\/www.agrodel.com.br\/?s={search_term_string}"},"query-input":{"@type":"PropertyValueSpecification","valueRequired":true,"valueName":"search_term_string"}}],"inLanguage":"pt-BR"},{"@type":"Organization","@id":"https:\/\/www.agrodel.com.br\/#organization","name":"Agro D\u00e9l Itapira","url":"https:\/\/www.agrodel.com.br\/","logo":{"@type":"ImageObject","inLanguage":"pt-BR","@id":"https:\/\/www.agrodel.com.br\/#\/schema\/logo\/image\/","url":"https:\/\/www.agrodel.com.br\/wp-content\/uploads\/2024\/10\/img-logo-agro-del-itapira.png","contentUrl":"https:\/\/www.agrodel.com.br\/wp-content\/uploads\/2024\/10\/img-logo-agro-del-itapira.png","width":700,"height":336,"caption":"Agro D\u00e9l Itapira"},"image":{"@id":"https:\/\/www.agrodel.com.br\/#\/schema\/logo\/image\/"}}]}},"_links":{"self":[{"href":"https:\/\/www.agrodel.com.br\/index.php\/wp-json\/wp\/v2\/product\/1629","targetHints":{"allow":["GET"]}}],"collection":[{"href":"https:\/\/www.agrodel.com.br\/index.php\/wp-json\/wp\/v2\/product"}],"about":[{"href":"https:\/\/www.agrodel.com.br\/index.php\/wp-json\/wp\/v2\/types\/product"}],"replies":[{"embeddable":true,"href":"https:\/\/www.agrodel.com.br\/index.php\/wp-json\/wp\/v2\/comments?post=1629"}],"wp:featuredmedia":[{"embeddable":true,"href":"https:\/\/www.agrodel.com.br\/index.php\/wp-json\/wp\/v2\/media\/1703"}],"wp:attachment":[{"href":"https:\/\/www.agrodel.com.br\/index.php\/wp-json\/wp\/v2\/media?parent=1629"}],"wp:term":[{"taxonomy":"product_brand","embeddable":true,"href":"https:\/\/www.agrodel.com.br\/index.php\/wp-json\/wp\/v2\/product_brand?post=1629"},{"taxonomy":"product_cat","embeddable":true,"href":"https:\/\/www.agrodel.com.br\/index.php\/wp-json\/wp\/v2\/product_cat?post=1629"},{"taxonomy":"product_tag","embeddable":true,"href":"https:\/\/www.agrodel.com.br\/index.php\/wp-json\/wp\/v2\/product_tag?post=1629"}],"curies":[{"name":"wp","href":"https:\/\/api.w.org\/{rel}","templated":true}]}}