{"id":1632,"date":"2026-02-27T14:31:35","date_gmt":"2026-02-27T17:31:35","guid":{"rendered":"https:\/\/www.agrodel.com.br\/?post_type=product&#038;p=1632"},"modified":"2026-02-27T14:31:35","modified_gmt":"2026-02-27T17:31:35","slug":"racao-para-caes-dogue-premium-adulto-15kg","status":"publish","type":"product","link":"https:\/\/www.agrodel.com.br\/index.php\/product\/racao-para-caes-dogue-premium-adulto-15kg\/","title":{"rendered":"RA\u00c7\u00c3O PARA C\u00c3ES DOGUE PREMIUM ESPECIAL ADULTO 15KG"},"content":{"rendered":"<p><strong>Ra\u00e7\u00e3o Dogue Premium para C\u00e3es Adultos Ra\u00e7as M\u00e9dias Sabor Carne e Frango &#8211; 15Kg, <\/strong>\u00c9 uma ra\u00e7\u00e3o especialmente formulada para c\u00e3es de ra\u00e7as m\u00e9dias e grandes. Essa ra\u00e7\u00e3o possui um teor de prote\u00edna de 22%, o que atende \u00e0s necessidades nutricionais desses c\u00e3es em suas fases de vida adulta. Ela \u00e9 composta por ingredientes selecionados de alta qualidade para garantir uma alimenta\u00e7\u00e3o completa e balanceada. Sua f\u00f3rmula cont\u00e9m uma mistura de nutrientes essenciais que promovem a sa\u00fade e o bem-estar do animal.<\/p>\n<p>Premium Especial | Sem corantes | Sabor Carne e Frango | Dispon\u00edvel em embalagens de 15kg<\/p>\n<p>Cont\u00e9m 23% Prote\u00edna;<\/p>\n<p>\u00d4megas 3, 6, 9 e Biotina;<\/p>\n<p>Articula\u00e7\u00f5es protegidas, atua\u00e7\u00e3o condroprotetora;<\/p>\n<p>Equil\u00edbrio Intestinal, fezes mais firmes;<\/p>\n<p>Fortalece a musculatura, ganho de massa muscular;<\/p>\n<p>Cora\u00e7\u00e3o Protegido, atua\u00e7\u00e3o cardiovascular;<\/p>\n<h2><strong>N\u00edveis de garantia<\/strong><\/h2>\n<p>Umidade (m\u00e1x)\u2026\u2026\u2026\u2026\u2026\u2026\u2026..10,0%(100,00 g\/kg)<\/p>\n<p>Prote\u00edna Bruta (m\u00edn)\u2026\u2026\u2026\u2026\u2026\u2026\u2026..23,0%(230,00 g\/kg)<\/p>\n<p>Extrato Et\u00e9reo (m\u00edn)\u2026\u2026\u2026\u2026\u2026\u2026\u2026..10%(100,00 g\/kg)<\/p>\n<p>Mat\u00e9ria Fibrosa (m\u00e1x)\u2026\u2026\u2026\u2026\u2026\u2026\u2026..3,5%(35,00 g\/kg)<\/p>\n<p>Mat\u00e9ria Mineral (m\u00e1x)\u2026\u2026\u2026\u2026\u2026\u2026\u2026..8%(80,00 g\/kg)<\/p>\n<p>C\u00e1lcio (m\u00e1x)\u2026\u2026\u2026\u2026\u2026\u2026\u2026..2,2%(22,00 g\/kg)<\/p>\n<p>C\u00e1lcio (m\u00edn)\u2026\u2026\u2026\u2026\u2026\u2026\u2026..1,2%(12,00 g\/kg)<\/p>\n<p>F\u00f3sforo(m\u00edn)\u2026\u2026\u2026\u2026\u2026\u2026\u2026..0,9%(9.000,00mg\/kg)<\/p>\n<p>\u00c1cido Linoleico (m\u00edn) \u00f4mega 6\u2026\u2026\u2026\u2026\u2026\u2026\u2026..1,0%(10,00 g\/kg)<\/p>\n<p>\u00c1cido Linol\u00eanico (m\u00edn) \u00f4mega 3\u2026\u2026\u2026\u2026\u2026\u2026\u2026..0,1%(1.000,00 mg\/kg)<\/p>\n<p>Hexametafosfato de s\u00f3dio (m\u00edn)\u2026\u2026\u2026\u2026\u2026\u2026\u2026..0,1%(1.000,00mg\/kg)<\/p>\n<h2><strong>Enriquecimento m\u00ednimo por Kg<\/strong><\/h2>\n<p>\u00c1cido f\u00f3lico 0,3mg, \u00e1cido pantot\u00eanico 22,4mg, antioxidante 125mg, Biotina 0,45mg, Cobre 15mg, Colina 260mg, Ferro 110mg, Iodo 1,5mg, Mangan\u00eas 30mg, Niacina 46,5mg, Sel\u00eanio 0,34mg, Vitamina A 9.000 UI\/kg, Vitamina B1 1,6mg, Vitamina B12 36mg, Vitamina B2 3,6mg, Vitamina B6 1,6mg, Vitamina D3 850 UI\/kg, Vitamina E 80mg\/kg, Vitamina K3 1mg, Zinco 1250mg.<\/p>\n","protected":false},"excerpt":{"rendered":"<p>Ra\u00e7\u00e3o Dogue Premium para C\u00e3es Adultos Ra\u00e7as M\u00e9dias Sabor Carne e Frango &#8211; 15Kg, \u00c9 uma ra\u00e7\u00e3o especialmente formulada para c\u00e3es de ra\u00e7as m\u00e9dias e grandes. Essa ra\u00e7\u00e3o possui um teor de prote\u00edna de 22%, o que atende \u00e0s necessidades nutricionais desses c\u00e3es em suas fases de vida adulta. Ela \u00e9 composta por ingredientes selecionados&hellip;&nbsp;<a href=\"https:\/\/www.agrodel.com.br\/index.php\/product\/racao-para-caes-dogue-premium-adulto-15kg\/\" rel=\"bookmark\">Continue a ler &raquo;<span class=\"screen-reader-text\">RA\u00c7\u00c3O PARA C\u00c3ES DOGUE PREMIUM ESPECIAL ADULTO 15KG<\/span><\/a><\/p>\n","protected":false},"featured_media":1702,"comment_status":"open","ping_status":"closed","template":"","meta":{"neve_meta_sidebar":"","neve_meta_container":"","neve_meta_enable_content_width":"off","neve_meta_content_width":100,"neve_meta_title_alignment":"","neve_meta_author_avatar":"","neve_post_elements_order":"","neve_meta_disable_header":"","neve_meta_disable_footer":"","neve_meta_disable_title":""},"product_brand":[103],"product_cat":[22,35],"product_tag":[41,38,37,62,61,24],"class_list":{"0":"post-1632","1":"product","2":"type-product","3":"status-publish","4":"has-post-thumbnail","6":"product_brand-dogue","7":"product_cat-caes","8":"product_cat-racao-seca","9":"product_tag-15kg","10":"product_tag-adulto","11":"product_tag-caes","12":"product_tag-dogue","13":"product_tag-premium","14":"product_tag-racao","16":"first","17":"instock","18":"sale","19":"shipping-taxable","20":"purchasable","21":"product-type-simple"},"yoast_head":"<!-- This site is optimized with the Yoast SEO plugin v27.2 - https:\/\/yoast.com\/product\/yoast-seo-wordpress\/ -->\n<title>RA\u00c7\u00c3O PARA C\u00c3ES DOGUE PREMIUM ESPECIAL ADULTO 15KG - Agro D\u00e9l Itapira<\/title>\n<meta name=\"robots\" content=\"index, follow, max-snippet:-1, max-image-preview:large, max-video-preview:-1\" \/>\n<link rel=\"canonical\" href=\"https:\/\/www.agrodel.com.br\/index.php\/product\/racao-para-caes-dogue-premium-adulto-15kg\/\" \/>\n<meta property=\"og:locale\" content=\"pt_BR\" \/>\n<meta property=\"og:type\" content=\"article\" \/>\n<meta property=\"og:title\" content=\"RA\u00c7\u00c3O PARA C\u00c3ES DOGUE PREMIUM ESPECIAL ADULTO 15KG - Agro D\u00e9l Itapira\" \/>\n<meta property=\"og:description\" content=\"Ra\u00e7\u00e3o Dogue Premium para C\u00e3es Adultos Ra\u00e7as M\u00e9dias Sabor Carne e Frango &#8211; 15Kg, \u00c9 uma ra\u00e7\u00e3o especialmente formulada para c\u00e3es de ra\u00e7as m\u00e9dias e grandes. Essa ra\u00e7\u00e3o possui um teor de prote\u00edna de 22%, o que atende \u00e0s necessidades nutricionais desses c\u00e3es em suas fases de vida adulta. Ela \u00e9 composta por ingredientes selecionados&hellip;&nbsp;Continue a ler &raquo;RA\u00c7\u00c3O PARA C\u00c3ES DOGUE PREMIUM ESPECIAL ADULTO 15KG\" \/>\n<meta property=\"og:url\" content=\"https:\/\/www.agrodel.com.br\/index.php\/product\/racao-para-caes-dogue-premium-adulto-15kg\/\" \/>\n<meta property=\"og:site_name\" content=\"Agro D\u00e9l Itapira\" \/>\n<meta property=\"og:image\" content=\"https:\/\/www.agrodel.com.br\/wp-content\/uploads\/2026\/02\/doguePremiumEspecialAdultoPNG-1.png\" \/>\n\t<meta property=\"og:image:width\" content=\"500\" \/>\n\t<meta property=\"og:image:height\" content=\"500\" \/>\n\t<meta property=\"og:image:type\" content=\"image\/png\" \/>\n<meta name=\"twitter:card\" content=\"summary_large_image\" \/>\n<meta name=\"twitter:label1\" content=\"Est. tempo de leitura\" \/>\n\t<meta name=\"twitter:data1\" content=\"2 minutos\" \/>\n<script type=\"application\/ld+json\" class=\"yoast-schema-graph\">{\"@context\":\"https:\/\/schema.org\",\"@graph\":[{\"@type\":\"WebPage\",\"@id\":\"https:\/\/www.agrodel.com.br\/index.php\/product\/racao-para-caes-dogue-premium-adulto-15kg\/\",\"url\":\"https:\/\/www.agrodel.com.br\/index.php\/product\/racao-para-caes-dogue-premium-adulto-15kg\/\",\"name\":\"RA\u00c7\u00c3O PARA C\u00c3ES DOGUE PREMIUM ESPECIAL ADULTO 15KG - Agro D\u00e9l Itapira\",\"isPartOf\":{\"@id\":\"https:\/\/www.agrodel.com.br\/#website\"},\"primaryImageOfPage\":{\"@id\":\"https:\/\/www.agrodel.com.br\/index.php\/product\/racao-para-caes-dogue-premium-adulto-15kg\/#primaryimage\"},\"image\":{\"@id\":\"https:\/\/www.agrodel.com.br\/index.php\/product\/racao-para-caes-dogue-premium-adulto-15kg\/#primaryimage\"},\"thumbnailUrl\":\"https:\/\/www.agrodel.com.br\/wp-content\/uploads\/2026\/02\/doguePremiumEspecialAdultoPNG-1.png\",\"datePublished\":\"2026-02-27T17:31:35+00:00\",\"breadcrumb\":{\"@id\":\"https:\/\/www.agrodel.com.br\/index.php\/product\/racao-para-caes-dogue-premium-adulto-15kg\/#breadcrumb\"},\"inLanguage\":\"pt-BR\",\"potentialAction\":[{\"@type\":\"ReadAction\",\"target\":[\"https:\/\/www.agrodel.com.br\/index.php\/product\/racao-para-caes-dogue-premium-adulto-15kg\/\"]}]},{\"@type\":\"ImageObject\",\"inLanguage\":\"pt-BR\",\"@id\":\"https:\/\/www.agrodel.com.br\/index.php\/product\/racao-para-caes-dogue-premium-adulto-15kg\/#primaryimage\",\"url\":\"https:\/\/www.agrodel.com.br\/wp-content\/uploads\/2026\/02\/doguePremiumEspecialAdultoPNG-1.png\",\"contentUrl\":\"https:\/\/www.agrodel.com.br\/wp-content\/uploads\/2026\/02\/doguePremiumEspecialAdultoPNG-1.png\",\"width\":500,\"height\":500},{\"@type\":\"BreadcrumbList\",\"@id\":\"https:\/\/www.agrodel.com.br\/index.php\/product\/racao-para-caes-dogue-premium-adulto-15kg\/#breadcrumb\",\"itemListElement\":[{\"@type\":\"ListItem\",\"position\":1,\"name\":\"Home\",\"item\":\"https:\/\/www.agrodel.com.br\/\"},{\"@type\":\"ListItem\",\"position\":2,\"name\":\"Loja\",\"item\":\"https:\/\/www.agrodel.com.br\/index.php\/loja\/\"},{\"@type\":\"ListItem\",\"position\":3,\"name\":\"RA\u00c7\u00c3O PARA C\u00c3ES DOGUE PREMIUM ESPECIAL ADULTO 15KG\"}]},{\"@type\":\"WebSite\",\"@id\":\"https:\/\/www.agrodel.com.br\/#website\",\"url\":\"https:\/\/www.agrodel.com.br\/\",\"name\":\"Agro D\u00e9l Itapira\",\"description\":\"A sua agropecu\u00e1ria amiga!\",\"publisher\":{\"@id\":\"https:\/\/www.agrodel.com.br\/#organization\"},\"potentialAction\":[{\"@type\":\"SearchAction\",\"target\":{\"@type\":\"EntryPoint\",\"urlTemplate\":\"https:\/\/www.agrodel.com.br\/?s={search_term_string}\"},\"query-input\":{\"@type\":\"PropertyValueSpecification\",\"valueRequired\":true,\"valueName\":\"search_term_string\"}}],\"inLanguage\":\"pt-BR\"},{\"@type\":\"Organization\",\"@id\":\"https:\/\/www.agrodel.com.br\/#organization\",\"name\":\"Agro D\u00e9l Itapira\",\"url\":\"https:\/\/www.agrodel.com.br\/\",\"logo\":{\"@type\":\"ImageObject\",\"inLanguage\":\"pt-BR\",\"@id\":\"https:\/\/www.agrodel.com.br\/#\/schema\/logo\/image\/\",\"url\":\"https:\/\/www.agrodel.com.br\/wp-content\/uploads\/2024\/10\/img-logo-agro-del-itapira.png\",\"contentUrl\":\"https:\/\/www.agrodel.com.br\/wp-content\/uploads\/2024\/10\/img-logo-agro-del-itapira.png\",\"width\":700,\"height\":336,\"caption\":\"Agro D\u00e9l Itapira\"},\"image\":{\"@id\":\"https:\/\/www.agrodel.com.br\/#\/schema\/logo\/image\/\"}}]}<\/script>\n<!-- \/ Yoast SEO plugin. -->","yoast_head_json":{"title":"RA\u00c7\u00c3O PARA C\u00c3ES DOGUE PREMIUM ESPECIAL ADULTO 15KG - Agro D\u00e9l Itapira","robots":{"index":"index","follow":"follow","max-snippet":"max-snippet:-1","max-image-preview":"max-image-preview:large","max-video-preview":"max-video-preview:-1"},"canonical":"https:\/\/www.agrodel.com.br\/index.php\/product\/racao-para-caes-dogue-premium-adulto-15kg\/","og_locale":"pt_BR","og_type":"article","og_title":"RA\u00c7\u00c3O PARA C\u00c3ES DOGUE PREMIUM ESPECIAL ADULTO 15KG - Agro D\u00e9l Itapira","og_description":"Ra\u00e7\u00e3o Dogue Premium para C\u00e3es Adultos Ra\u00e7as M\u00e9dias Sabor Carne e Frango &#8211; 15Kg, \u00c9 uma ra\u00e7\u00e3o especialmente formulada para c\u00e3es de ra\u00e7as m\u00e9dias e grandes. Essa ra\u00e7\u00e3o possui um teor de prote\u00edna de 22%, o que atende \u00e0s necessidades nutricionais desses c\u00e3es em suas fases de vida adulta. Ela \u00e9 composta por ingredientes selecionados&hellip;&nbsp;Continue a ler &raquo;RA\u00c7\u00c3O PARA C\u00c3ES DOGUE PREMIUM ESPECIAL ADULTO 15KG","og_url":"https:\/\/www.agrodel.com.br\/index.php\/product\/racao-para-caes-dogue-premium-adulto-15kg\/","og_site_name":"Agro D\u00e9l Itapira","og_image":[{"width":500,"height":500,"url":"https:\/\/www.agrodel.com.br\/wp-content\/uploads\/2026\/02\/doguePremiumEspecialAdultoPNG-1.png","type":"image\/png"}],"twitter_card":"summary_large_image","twitter_misc":{"Est. tempo de leitura":"2 minutos"},"schema":{"@context":"https:\/\/schema.org","@graph":[{"@type":"WebPage","@id":"https:\/\/www.agrodel.com.br\/index.php\/product\/racao-para-caes-dogue-premium-adulto-15kg\/","url":"https:\/\/www.agrodel.com.br\/index.php\/product\/racao-para-caes-dogue-premium-adulto-15kg\/","name":"RA\u00c7\u00c3O PARA C\u00c3ES DOGUE PREMIUM ESPECIAL ADULTO 15KG - Agro D\u00e9l Itapira","isPartOf":{"@id":"https:\/\/www.agrodel.com.br\/#website"},"primaryImageOfPage":{"@id":"https:\/\/www.agrodel.com.br\/index.php\/product\/racao-para-caes-dogue-premium-adulto-15kg\/#primaryimage"},"image":{"@id":"https:\/\/www.agrodel.com.br\/index.php\/product\/racao-para-caes-dogue-premium-adulto-15kg\/#primaryimage"},"thumbnailUrl":"https:\/\/www.agrodel.com.br\/wp-content\/uploads\/2026\/02\/doguePremiumEspecialAdultoPNG-1.png","datePublished":"2026-02-27T17:31:35+00:00","breadcrumb":{"@id":"https:\/\/www.agrodel.com.br\/index.php\/product\/racao-para-caes-dogue-premium-adulto-15kg\/#breadcrumb"},"inLanguage":"pt-BR","potentialAction":[{"@type":"ReadAction","target":["https:\/\/www.agrodel.com.br\/index.php\/product\/racao-para-caes-dogue-premium-adulto-15kg\/"]}]},{"@type":"ImageObject","inLanguage":"pt-BR","@id":"https:\/\/www.agrodel.com.br\/index.php\/product\/racao-para-caes-dogue-premium-adulto-15kg\/#primaryimage","url":"https:\/\/www.agrodel.com.br\/wp-content\/uploads\/2026\/02\/doguePremiumEspecialAdultoPNG-1.png","contentUrl":"https:\/\/www.agrodel.com.br\/wp-content\/uploads\/2026\/02\/doguePremiumEspecialAdultoPNG-1.png","width":500,"height":500},{"@type":"BreadcrumbList","@id":"https:\/\/www.agrodel.com.br\/index.php\/product\/racao-para-caes-dogue-premium-adulto-15kg\/#breadcrumb","itemListElement":[{"@type":"ListItem","position":1,"name":"Home","item":"https:\/\/www.agrodel.com.br\/"},{"@type":"ListItem","position":2,"name":"Loja","item":"https:\/\/www.agrodel.com.br\/index.php\/loja\/"},{"@type":"ListItem","position":3,"name":"RA\u00c7\u00c3O PARA C\u00c3ES DOGUE PREMIUM ESPECIAL ADULTO 15KG"}]},{"@type":"WebSite","@id":"https:\/\/www.agrodel.com.br\/#website","url":"https:\/\/www.agrodel.com.br\/","name":"Agro D\u00e9l Itapira","description":"A sua agropecu\u00e1ria amiga!","publisher":{"@id":"https:\/\/www.agrodel.com.br\/#organization"},"potentialAction":[{"@type":"SearchAction","target":{"@type":"EntryPoint","urlTemplate":"https:\/\/www.agrodel.com.br\/?s={search_term_string}"},"query-input":{"@type":"PropertyValueSpecification","valueRequired":true,"valueName":"search_term_string"}}],"inLanguage":"pt-BR"},{"@type":"Organization","@id":"https:\/\/www.agrodel.com.br\/#organization","name":"Agro D\u00e9l Itapira","url":"https:\/\/www.agrodel.com.br\/","logo":{"@type":"ImageObject","inLanguage":"pt-BR","@id":"https:\/\/www.agrodel.com.br\/#\/schema\/logo\/image\/","url":"https:\/\/www.agrodel.com.br\/wp-content\/uploads\/2024\/10\/img-logo-agro-del-itapira.png","contentUrl":"https:\/\/www.agrodel.com.br\/wp-content\/uploads\/2024\/10\/img-logo-agro-del-itapira.png","width":700,"height":336,"caption":"Agro D\u00e9l Itapira"},"image":{"@id":"https:\/\/www.agrodel.com.br\/#\/schema\/logo\/image\/"}}]}},"_links":{"self":[{"href":"https:\/\/www.agrodel.com.br\/index.php\/wp-json\/wp\/v2\/product\/1632","targetHints":{"allow":["GET"]}}],"collection":[{"href":"https:\/\/www.agrodel.com.br\/index.php\/wp-json\/wp\/v2\/product"}],"about":[{"href":"https:\/\/www.agrodel.com.br\/index.php\/wp-json\/wp\/v2\/types\/product"}],"replies":[{"embeddable":true,"href":"https:\/\/www.agrodel.com.br\/index.php\/wp-json\/wp\/v2\/comments?post=1632"}],"wp:featuredmedia":[{"embeddable":true,"href":"https:\/\/www.agrodel.com.br\/index.php\/wp-json\/wp\/v2\/media\/1702"}],"wp:attachment":[{"href":"https:\/\/www.agrodel.com.br\/index.php\/wp-json\/wp\/v2\/media?parent=1632"}],"wp:term":[{"taxonomy":"product_brand","embeddable":true,"href":"https:\/\/www.agrodel.com.br\/index.php\/wp-json\/wp\/v2\/product_brand?post=1632"},{"taxonomy":"product_cat","embeddable":true,"href":"https:\/\/www.agrodel.com.br\/index.php\/wp-json\/wp\/v2\/product_cat?post=1632"},{"taxonomy":"product_tag","embeddable":true,"href":"https:\/\/www.agrodel.com.br\/index.php\/wp-json\/wp\/v2\/product_tag?post=1632"}],"curies":[{"name":"wp","href":"https:\/\/api.w.org\/{rel}","templated":true}]}}