{"id":1644,"date":"2026-02-27T14:31:34","date_gmt":"2026-02-27T17:31:34","guid":{"rendered":"https:\/\/www.agrodel.com.br\/?post_type=product&#038;p=1644"},"modified":"2026-02-27T14:31:34","modified_gmt":"2026-02-27T17:31:34","slug":"racao-para-gatos-deboxe-cat-peixe-25kg","status":"publish","type":"product","link":"https:\/\/www.agrodel.com.br\/index.php\/product\/racao-para-gatos-deboxe-cat-peixe-25kg\/","title":{"rendered":"RA\u00c7\u00c3O PARA GATOS DEBOXE CAT PEIXE 25KG"},"content":{"rendered":"<div>\n<div class=\"content ql-editor\">Ra\u00e7\u00e3o Deboxe Cat Premium para gatos adultos, castrados e n\u00e3o castrados. Sabor irresist\u00edvel, pelo brilhante e macio, com vitaminas e minerais. 25kg.<\/div>\n<div>\n<ul class=\"KsbFXc U6u95\" data-processed=\"true\">\n<li data-hveid=\"CAIQAA\"><span class=\"T286Pc\" data-sfc-cp=\"\"><strong class=\"Yjhzub\">Caracter\u00edsticas da Ra\u00e7\u00e3o Deboxe Cat:<\/strong>\u00a0Oferece sabor peixe, visando alta palatabilidade e nutrientes essenciais.<\/span><\/li>\n<li data-hveid=\"CAIQAQ\"><span class=\"T286Pc\" data-sfc-cp=\"\"><strong class=\"Yjhzub\">Segmento:<\/strong>\u00a0\u00c9 classificada como uma ra\u00e7\u00e3o Premium, buscando oferecer qualidade superior \u00e0s op\u00e7\u00f5es de combate, mas a um pre\u00e7o acess\u00edvel.<\/span><\/li>\n<li data-hveid=\"CAIQAg\"><span class=\"T286Pc\" data-sfc-cp=\"\"><strong class=\"Yjhzub\">Vantagens:<\/strong> Pacotes de grande porte (25kg) reduzem o custo por quilo, sendo uma boa op\u00e7\u00e3o para quem tem mais de um gato ou quer economizar.\u00a0<\/span><\/li>\n<\/ul>\n<\/div>\n<\/div>\n","protected":false},"excerpt":{"rendered":"<p>Ra\u00e7\u00e3o Deboxe Cat Premium para gatos adultos, castrados e n\u00e3o castrados. Sabor irresist\u00edvel, pelo brilhante e macio, com vitaminas e minerais. 25kg. Caracter\u00edsticas da Ra\u00e7\u00e3o Deboxe Cat:\u00a0Oferece sabor peixe, visando alta palatabilidade e nutrientes essenciais. Segmento:\u00a0\u00c9 classificada como uma ra\u00e7\u00e3o Premium, buscando oferecer qualidade superior \u00e0s op\u00e7\u00f5es de combate, mas a um pre\u00e7o acess\u00edvel. Vantagens:&hellip;&nbsp;<a href=\"https:\/\/www.agrodel.com.br\/index.php\/product\/racao-para-gatos-deboxe-cat-peixe-25kg\/\" rel=\"bookmark\">Continue a ler &raquo;<span class=\"screen-reader-text\">RA\u00c7\u00c3O PARA GATOS DEBOXE CAT PEIXE 25KG<\/span><\/a><\/p>\n","protected":false},"featured_media":1699,"comment_status":"open","ping_status":"closed","template":"","meta":{"neve_meta_sidebar":"","neve_meta_container":"","neve_meta_enable_content_width":"off","neve_meta_content_width":100,"neve_meta_title_alignment":"","neve_meta_author_avatar":"","neve_post_elements_order":"","neve_meta_disable_header":"","neve_meta_disable_footer":"","neve_meta_disable_title":""},"product_brand":[103],"product_cat":[31,57],"product_tag":[70,111,68,67,69,24,75],"class_list":{"0":"post-1644","1":"product","2":"type-product","3":"status-publish","4":"has-post-thumbnail","6":"product_brand-dogue","7":"product_cat-gatos","8":"product_cat-racao-seca-gatos","9":"product_tag-25kg","10":"product_tag-carne","11":"product_tag-deboxe-cat","12":"product_tag-gatos","13":"product_tag-peixe","14":"product_tag-racao","15":"product_tag-salmao","17":"first","18":"instock","19":"sale","20":"shipping-taxable","21":"purchasable","22":"product-type-simple"},"yoast_head":"<!-- This site is optimized with the Yoast SEO plugin v27.2 - https:\/\/yoast.com\/product\/yoast-seo-wordpress\/ -->\n<title>RA\u00c7\u00c3O PARA GATOS DEBOXE CAT PEIXE 25KG - Agro D\u00e9l Itapira<\/title>\n<meta name=\"robots\" content=\"index, follow, max-snippet:-1, max-image-preview:large, max-video-preview:-1\" \/>\n<link rel=\"canonical\" href=\"https:\/\/www.agrodel.com.br\/index.php\/product\/racao-para-gatos-deboxe-cat-peixe-25kg\/\" \/>\n<meta property=\"og:locale\" content=\"pt_BR\" \/>\n<meta property=\"og:type\" content=\"article\" \/>\n<meta property=\"og:title\" content=\"RA\u00c7\u00c3O PARA GATOS DEBOXE CAT PEIXE 25KG - Agro D\u00e9l Itapira\" \/>\n<meta property=\"og:description\" content=\"Ra\u00e7\u00e3o Deboxe Cat Premium para gatos adultos, castrados e n\u00e3o castrados. Sabor irresist\u00edvel, pelo brilhante e macio, com vitaminas e minerais. 25kg. Caracter\u00edsticas da Ra\u00e7\u00e3o Deboxe Cat:\u00a0Oferece sabor peixe, visando alta palatabilidade e nutrientes essenciais. Segmento:\u00a0\u00c9 classificada como uma ra\u00e7\u00e3o Premium, buscando oferecer qualidade superior \u00e0s op\u00e7\u00f5es de combate, mas a um pre\u00e7o acess\u00edvel. Vantagens:&hellip;&nbsp;Continue a ler &raquo;RA\u00c7\u00c3O PARA GATOS DEBOXE CAT PEIXE 25KG\" \/>\n<meta property=\"og:url\" content=\"https:\/\/www.agrodel.com.br\/index.php\/product\/racao-para-gatos-deboxe-cat-peixe-25kg\/\" \/>\n<meta property=\"og:site_name\" content=\"Agro D\u00e9l Itapira\" \/>\n<meta property=\"og:image\" content=\"https:\/\/www.agrodel.com.br\/wp-content\/uploads\/2026\/02\/331596028635316.jpg\" \/>\n\t<meta property=\"og:image:width\" content=\"960\" \/>\n\t<meta property=\"og:image:height\" content=\"1280\" \/>\n\t<meta property=\"og:image:type\" content=\"image\/jpeg\" \/>\n<meta name=\"twitter:card\" content=\"summary_large_image\" \/>\n<meta name=\"twitter:label1\" content=\"Est. tempo de leitura\" \/>\n\t<meta name=\"twitter:data1\" content=\"1 minuto\" \/>\n<script type=\"application\/ld+json\" class=\"yoast-schema-graph\">{\"@context\":\"https:\/\/schema.org\",\"@graph\":[{\"@type\":\"WebPage\",\"@id\":\"https:\/\/www.agrodel.com.br\/index.php\/product\/racao-para-gatos-deboxe-cat-peixe-25kg\/\",\"url\":\"https:\/\/www.agrodel.com.br\/index.php\/product\/racao-para-gatos-deboxe-cat-peixe-25kg\/\",\"name\":\"RA\u00c7\u00c3O PARA GATOS DEBOXE CAT PEIXE 25KG - Agro D\u00e9l Itapira\",\"isPartOf\":{\"@id\":\"https:\/\/www.agrodel.com.br\/#website\"},\"primaryImageOfPage\":{\"@id\":\"https:\/\/www.agrodel.com.br\/index.php\/product\/racao-para-gatos-deboxe-cat-peixe-25kg\/#primaryimage\"},\"image\":{\"@id\":\"https:\/\/www.agrodel.com.br\/index.php\/product\/racao-para-gatos-deboxe-cat-peixe-25kg\/#primaryimage\"},\"thumbnailUrl\":\"https:\/\/www.agrodel.com.br\/wp-content\/uploads\/2026\/02\/331596028635316.jpg\",\"datePublished\":\"2026-02-27T17:31:34+00:00\",\"breadcrumb\":{\"@id\":\"https:\/\/www.agrodel.com.br\/index.php\/product\/racao-para-gatos-deboxe-cat-peixe-25kg\/#breadcrumb\"},\"inLanguage\":\"pt-BR\",\"potentialAction\":[{\"@type\":\"ReadAction\",\"target\":[\"https:\/\/www.agrodel.com.br\/index.php\/product\/racao-para-gatos-deboxe-cat-peixe-25kg\/\"]}]},{\"@type\":\"ImageObject\",\"inLanguage\":\"pt-BR\",\"@id\":\"https:\/\/www.agrodel.com.br\/index.php\/product\/racao-para-gatos-deboxe-cat-peixe-25kg\/#primaryimage\",\"url\":\"https:\/\/www.agrodel.com.br\/wp-content\/uploads\/2026\/02\/331596028635316.jpg\",\"contentUrl\":\"https:\/\/www.agrodel.com.br\/wp-content\/uploads\/2026\/02\/331596028635316.jpg\",\"width\":960,\"height\":1280},{\"@type\":\"BreadcrumbList\",\"@id\":\"https:\/\/www.agrodel.com.br\/index.php\/product\/racao-para-gatos-deboxe-cat-peixe-25kg\/#breadcrumb\",\"itemListElement\":[{\"@type\":\"ListItem\",\"position\":1,\"name\":\"Home\",\"item\":\"https:\/\/www.agrodel.com.br\/\"},{\"@type\":\"ListItem\",\"position\":2,\"name\":\"Loja\",\"item\":\"https:\/\/www.agrodel.com.br\/index.php\/loja\/\"},{\"@type\":\"ListItem\",\"position\":3,\"name\":\"RA\u00c7\u00c3O PARA GATOS DEBOXE CAT PEIXE 25KG\"}]},{\"@type\":\"WebSite\",\"@id\":\"https:\/\/www.agrodel.com.br\/#website\",\"url\":\"https:\/\/www.agrodel.com.br\/\",\"name\":\"Agro D\u00e9l Itapira\",\"description\":\"A sua agropecu\u00e1ria amiga!\",\"publisher\":{\"@id\":\"https:\/\/www.agrodel.com.br\/#organization\"},\"potentialAction\":[{\"@type\":\"SearchAction\",\"target\":{\"@type\":\"EntryPoint\",\"urlTemplate\":\"https:\/\/www.agrodel.com.br\/?s={search_term_string}\"},\"query-input\":{\"@type\":\"PropertyValueSpecification\",\"valueRequired\":true,\"valueName\":\"search_term_string\"}}],\"inLanguage\":\"pt-BR\"},{\"@type\":\"Organization\",\"@id\":\"https:\/\/www.agrodel.com.br\/#organization\",\"name\":\"Agro D\u00e9l Itapira\",\"url\":\"https:\/\/www.agrodel.com.br\/\",\"logo\":{\"@type\":\"ImageObject\",\"inLanguage\":\"pt-BR\",\"@id\":\"https:\/\/www.agrodel.com.br\/#\/schema\/logo\/image\/\",\"url\":\"https:\/\/www.agrodel.com.br\/wp-content\/uploads\/2024\/10\/img-logo-agro-del-itapira.png\",\"contentUrl\":\"https:\/\/www.agrodel.com.br\/wp-content\/uploads\/2024\/10\/img-logo-agro-del-itapira.png\",\"width\":700,\"height\":336,\"caption\":\"Agro D\u00e9l Itapira\"},\"image\":{\"@id\":\"https:\/\/www.agrodel.com.br\/#\/schema\/logo\/image\/\"}}]}<\/script>\n<!-- \/ Yoast SEO plugin. -->","yoast_head_json":{"title":"RA\u00c7\u00c3O PARA GATOS DEBOXE CAT PEIXE 25KG - Agro D\u00e9l Itapira","robots":{"index":"index","follow":"follow","max-snippet":"max-snippet:-1","max-image-preview":"max-image-preview:large","max-video-preview":"max-video-preview:-1"},"canonical":"https:\/\/www.agrodel.com.br\/index.php\/product\/racao-para-gatos-deboxe-cat-peixe-25kg\/","og_locale":"pt_BR","og_type":"article","og_title":"RA\u00c7\u00c3O PARA GATOS DEBOXE CAT PEIXE 25KG - Agro D\u00e9l Itapira","og_description":"Ra\u00e7\u00e3o Deboxe Cat Premium para gatos adultos, castrados e n\u00e3o castrados. Sabor irresist\u00edvel, pelo brilhante e macio, com vitaminas e minerais. 25kg. Caracter\u00edsticas da Ra\u00e7\u00e3o Deboxe Cat:\u00a0Oferece sabor peixe, visando alta palatabilidade e nutrientes essenciais. Segmento:\u00a0\u00c9 classificada como uma ra\u00e7\u00e3o Premium, buscando oferecer qualidade superior \u00e0s op\u00e7\u00f5es de combate, mas a um pre\u00e7o acess\u00edvel. Vantagens:&hellip;&nbsp;Continue a ler &raquo;RA\u00c7\u00c3O PARA GATOS DEBOXE CAT PEIXE 25KG","og_url":"https:\/\/www.agrodel.com.br\/index.php\/product\/racao-para-gatos-deboxe-cat-peixe-25kg\/","og_site_name":"Agro D\u00e9l Itapira","og_image":[{"width":960,"height":1280,"url":"https:\/\/www.agrodel.com.br\/wp-content\/uploads\/2026\/02\/331596028635316.jpg","type":"image\/jpeg"}],"twitter_card":"summary_large_image","twitter_misc":{"Est. tempo de leitura":"1 minuto"},"schema":{"@context":"https:\/\/schema.org","@graph":[{"@type":"WebPage","@id":"https:\/\/www.agrodel.com.br\/index.php\/product\/racao-para-gatos-deboxe-cat-peixe-25kg\/","url":"https:\/\/www.agrodel.com.br\/index.php\/product\/racao-para-gatos-deboxe-cat-peixe-25kg\/","name":"RA\u00c7\u00c3O PARA GATOS DEBOXE CAT PEIXE 25KG - Agro D\u00e9l Itapira","isPartOf":{"@id":"https:\/\/www.agrodel.com.br\/#website"},"primaryImageOfPage":{"@id":"https:\/\/www.agrodel.com.br\/index.php\/product\/racao-para-gatos-deboxe-cat-peixe-25kg\/#primaryimage"},"image":{"@id":"https:\/\/www.agrodel.com.br\/index.php\/product\/racao-para-gatos-deboxe-cat-peixe-25kg\/#primaryimage"},"thumbnailUrl":"https:\/\/www.agrodel.com.br\/wp-content\/uploads\/2026\/02\/331596028635316.jpg","datePublished":"2026-02-27T17:31:34+00:00","breadcrumb":{"@id":"https:\/\/www.agrodel.com.br\/index.php\/product\/racao-para-gatos-deboxe-cat-peixe-25kg\/#breadcrumb"},"inLanguage":"pt-BR","potentialAction":[{"@type":"ReadAction","target":["https:\/\/www.agrodel.com.br\/index.php\/product\/racao-para-gatos-deboxe-cat-peixe-25kg\/"]}]},{"@type":"ImageObject","inLanguage":"pt-BR","@id":"https:\/\/www.agrodel.com.br\/index.php\/product\/racao-para-gatos-deboxe-cat-peixe-25kg\/#primaryimage","url":"https:\/\/www.agrodel.com.br\/wp-content\/uploads\/2026\/02\/331596028635316.jpg","contentUrl":"https:\/\/www.agrodel.com.br\/wp-content\/uploads\/2026\/02\/331596028635316.jpg","width":960,"height":1280},{"@type":"BreadcrumbList","@id":"https:\/\/www.agrodel.com.br\/index.php\/product\/racao-para-gatos-deboxe-cat-peixe-25kg\/#breadcrumb","itemListElement":[{"@type":"ListItem","position":1,"name":"Home","item":"https:\/\/www.agrodel.com.br\/"},{"@type":"ListItem","position":2,"name":"Loja","item":"https:\/\/www.agrodel.com.br\/index.php\/loja\/"},{"@type":"ListItem","position":3,"name":"RA\u00c7\u00c3O PARA GATOS DEBOXE CAT PEIXE 25KG"}]},{"@type":"WebSite","@id":"https:\/\/www.agrodel.com.br\/#website","url":"https:\/\/www.agrodel.com.br\/","name":"Agro D\u00e9l Itapira","description":"A sua agropecu\u00e1ria amiga!","publisher":{"@id":"https:\/\/www.agrodel.com.br\/#organization"},"potentialAction":[{"@type":"SearchAction","target":{"@type":"EntryPoint","urlTemplate":"https:\/\/www.agrodel.com.br\/?s={search_term_string}"},"query-input":{"@type":"PropertyValueSpecification","valueRequired":true,"valueName":"search_term_string"}}],"inLanguage":"pt-BR"},{"@type":"Organization","@id":"https:\/\/www.agrodel.com.br\/#organization","name":"Agro D\u00e9l Itapira","url":"https:\/\/www.agrodel.com.br\/","logo":{"@type":"ImageObject","inLanguage":"pt-BR","@id":"https:\/\/www.agrodel.com.br\/#\/schema\/logo\/image\/","url":"https:\/\/www.agrodel.com.br\/wp-content\/uploads\/2024\/10\/img-logo-agro-del-itapira.png","contentUrl":"https:\/\/www.agrodel.com.br\/wp-content\/uploads\/2024\/10\/img-logo-agro-del-itapira.png","width":700,"height":336,"caption":"Agro D\u00e9l Itapira"},"image":{"@id":"https:\/\/www.agrodel.com.br\/#\/schema\/logo\/image\/"}}]}},"_links":{"self":[{"href":"https:\/\/www.agrodel.com.br\/index.php\/wp-json\/wp\/v2\/product\/1644","targetHints":{"allow":["GET"]}}],"collection":[{"href":"https:\/\/www.agrodel.com.br\/index.php\/wp-json\/wp\/v2\/product"}],"about":[{"href":"https:\/\/www.agrodel.com.br\/index.php\/wp-json\/wp\/v2\/types\/product"}],"replies":[{"embeddable":true,"href":"https:\/\/www.agrodel.com.br\/index.php\/wp-json\/wp\/v2\/comments?post=1644"}],"wp:featuredmedia":[{"embeddable":true,"href":"https:\/\/www.agrodel.com.br\/index.php\/wp-json\/wp\/v2\/media\/1699"}],"wp:attachment":[{"href":"https:\/\/www.agrodel.com.br\/index.php\/wp-json\/wp\/v2\/media?parent=1644"}],"wp:term":[{"taxonomy":"product_brand","embeddable":true,"href":"https:\/\/www.agrodel.com.br\/index.php\/wp-json\/wp\/v2\/product_brand?post=1644"},{"taxonomy":"product_cat","embeddable":true,"href":"https:\/\/www.agrodel.com.br\/index.php\/wp-json\/wp\/v2\/product_cat?post=1644"},{"taxonomy":"product_tag","embeddable":true,"href":"https:\/\/www.agrodel.com.br\/index.php\/wp-json\/wp\/v2\/product_tag?post=1644"}],"curies":[{"name":"wp","href":"https:\/\/api.w.org\/{rel}","templated":true}]}}