{"id":1645,"date":"2026-02-27T14:31:34","date_gmt":"2026-02-27T17:31:34","guid":{"rendered":"https:\/\/www.agrodel.com.br\/?post_type=product&#038;p=1645"},"modified":"2026-02-27T14:31:34","modified_gmt":"2026-02-27T17:31:34","slug":"racao-para-caes-all-s-dogue-15kg","status":"publish","type":"product","link":"https:\/\/www.agrodel.com.br\/index.php\/product\/racao-para-caes-all-s-dogue-15kg\/","title":{"rendered":"RA\u00c7\u00c3O PARA C\u00c3ES ALL&#8217; S DOGUE 15KG"},"content":{"rendered":"<p>A <strong>Ra\u00e7\u00e3o All\u00b4s Dogue para C\u00e3es Adultos Carne e frango &#8211; 15Kg<\/strong>, \u00e9 um alimento completo e balanceado para c\u00e3es adultos. \u00c9 um alimento de excelente custo-benef\u00edcio, que oferece todos os nutrientes necess\u00e1rios para manter o c\u00e3o saud\u00e1vel e com \u00f3tima condi\u00e7\u00e3o corporal.<\/p>\n<p>A ra\u00e7\u00e3o cont\u00e9m prote\u00ednas de origem animal e vegetal de alta qualidade, vitaminas, minerais e antioxidantes. Tamb\u00e9m \u00e9 rica em \u00f4mega 3 e \u00f4mega 6, que s\u00e3o essenciais para a sa\u00fade da pele, do pelo, das articula\u00e7\u00f5es e da reprodu\u00e7\u00e3o. Al\u00e9m disso, cont\u00e9m sel\u00eanio e vitamina E, que s\u00e3o antioxidantes que ajudam a proteger o organismo do c\u00e3o de doen\u00e7as.<\/p>\n<h2><strong>N\u00edveis de garantia<\/strong><\/h2>\n<p>Umidade (m\u00e1x)\u2026\u2026\u2026\u2026\u2026\u2026\u2026..10,0%(100,00 g\/kg)<\/p>\n<p>Prote\u00edna Bruta (m\u00edn)\u2026\u2026\u2026\u2026\u2026\u2026\u2026..21,0(210,00 g\/kg)<\/p>\n<p>Extrato Et\u00e9reo (m\u00edn)\u2026\u2026\u2026\u2026\u2026\u2026\u2026..8,5%(85,00 g\/kg)<\/p>\n<p>Mat\u00e9ria Fibrosa (m\u00e1x)\u2026\u2026\u2026\u2026\u2026\u2026\u2026..4,5(45,00 g\/kg)<\/p>\n<p>Mat\u00e9ria Mineral (m\u00e1x)\u2026\u2026\u2026\u2026\u2026\u2026\u2026..10%(100,00 g\/kg)<\/p>\n<p>C\u00e1lcio (m\u00e1x)\u2026\u2026\u2026\u2026\u2026\u2026\u2026..2,4(24,00 g\/kg)<\/p>\n<p>F\u00f3sforo(m\u00edn)\u2026\u2026\u2026\u2026\u2026\u2026\u2026..1,2(12,00 g\/kg)<\/p>\n<p>\u00c1cido Linoleico (m\u00edn) \u00f4mega 6\u2026\u2026\u2026\u2026\u2026\u2026\u2026..0,5(5,00 g\/kg)<\/p>\n<p>\u00c1cido Linol\u00eanico (m\u00edn) \u00f4mega 3\u2026\u2026\u2026\u2026\u2026\u2026\u2026..0,1(1.000,00 mg\/kg)<\/p>\n<h2><strong>Enriquecimento m\u00ednimo por Kg<\/strong><\/h2>\n<p>Vitamina A 10.000 UI, Vitamina D3 800 UI, Vitamina E 60 UI, Vitamina K3 1,5 mg, Vitamina B1 2,5mg, Vitamina B2 7 mg, Vitamina B3 20mg, Vitamina B5 17mg, Vitamina B6 2mg, Vitamina B7 0,1mg, Vitamina B9 0,8mg, Vitamina B12 40mcg, Colina 370mg, Cobre 11mg, Ferro 80mg, Mangan\u00eas 1mg, iodo 1,5mg, Sel\u00eanio 0,36mg, Zinco 110mg.<\/p>\n","protected":false},"excerpt":{"rendered":"<p>A Ra\u00e7\u00e3o All\u00b4s Dogue para C\u00e3es Adultos Carne e frango &#8211; 15Kg, \u00e9 um alimento completo e balanceado para c\u00e3es adultos. \u00c9 um alimento de excelente custo-benef\u00edcio, que oferece todos os nutrientes necess\u00e1rios para manter o c\u00e3o saud\u00e1vel e com \u00f3tima condi\u00e7\u00e3o corporal. A ra\u00e7\u00e3o cont\u00e9m prote\u00ednas de origem animal e vegetal de alta qualidade,&hellip;&nbsp;<a href=\"https:\/\/www.agrodel.com.br\/index.php\/product\/racao-para-caes-all-s-dogue-15kg\/\" rel=\"bookmark\">Continue a ler &raquo;<span class=\"screen-reader-text\">RA\u00c7\u00c3O PARA C\u00c3ES ALL&#8217; S DOGUE 15KG<\/span><\/a><\/p>\n","protected":false},"featured_media":1646,"comment_status":"open","ping_status":"closed","template":"","meta":{"neve_meta_sidebar":"","neve_meta_container":"","neve_meta_enable_content_width":"off","neve_meta_content_width":100,"neve_meta_title_alignment":"","neve_meta_author_avatar":"","neve_post_elements_order":"","neve_meta_disable_header":"","neve_meta_disable_footer":"","neve_meta_disable_title":""},"product_brand":[103],"product_cat":[22,35],"product_tag":[41,71,37,24],"class_list":{"0":"post-1645","1":"product","2":"type-product","3":"status-publish","4":"has-post-thumbnail","6":"product_brand-dogue","7":"product_cat-caes","8":"product_cat-racao-seca","9":"product_tag-15kg","10":"product_tag-all-s-dogue","11":"product_tag-caes","12":"product_tag-racao","14":"first","15":"instock","16":"sale","17":"shipping-taxable","18":"purchasable","19":"product-type-simple"},"yoast_head":"<!-- This site is optimized with the Yoast SEO plugin v27.2 - https:\/\/yoast.com\/product\/yoast-seo-wordpress\/ -->\n<title>RA\u00c7\u00c3O PARA C\u00c3ES ALL&#039; S DOGUE 15KG - Agro D\u00e9l Itapira<\/title>\n<meta name=\"robots\" content=\"index, follow, max-snippet:-1, max-image-preview:large, max-video-preview:-1\" \/>\n<link rel=\"canonical\" href=\"https:\/\/www.agrodel.com.br\/index.php\/product\/racao-para-caes-all-s-dogue-15kg\/\" \/>\n<meta property=\"og:locale\" content=\"pt_BR\" \/>\n<meta property=\"og:type\" content=\"article\" \/>\n<meta property=\"og:title\" content=\"RA\u00c7\u00c3O PARA C\u00c3ES ALL&#039; S DOGUE 15KG - Agro D\u00e9l Itapira\" \/>\n<meta property=\"og:description\" content=\"A Ra\u00e7\u00e3o All\u00b4s Dogue para C\u00e3es Adultos Carne e frango &#8211; 15Kg, \u00e9 um alimento completo e balanceado para c\u00e3es adultos. \u00c9 um alimento de excelente custo-benef\u00edcio, que oferece todos os nutrientes necess\u00e1rios para manter o c\u00e3o saud\u00e1vel e com \u00f3tima condi\u00e7\u00e3o corporal. A ra\u00e7\u00e3o cont\u00e9m prote\u00ednas de origem animal e vegetal de alta qualidade,&hellip;&nbsp;Continue a ler &raquo;RA\u00c7\u00c3O PARA C\u00c3ES ALL&#8217; S DOGUE 15KG\" \/>\n<meta property=\"og:url\" content=\"https:\/\/www.agrodel.com.br\/index.php\/product\/racao-para-caes-all-s-dogue-15kg\/\" \/>\n<meta property=\"og:site_name\" content=\"Agro D\u00e9l Itapira\" \/>\n<meta property=\"og:image\" content=\"https:\/\/www.agrodel.com.br\/wp-content\/uploads\/2026\/02\/design-sem-nome-2-66896426d7c70-1.webp\" \/>\n\t<meta property=\"og:image:width\" content=\"1000\" \/>\n\t<meta property=\"og:image:height\" content=\"1000\" \/>\n\t<meta property=\"og:image:type\" content=\"image\/webp\" \/>\n<meta name=\"twitter:card\" content=\"summary_large_image\" \/>\n<meta name=\"twitter:label1\" content=\"Est. tempo de leitura\" \/>\n\t<meta name=\"twitter:data1\" content=\"2 minutos\" \/>\n<script type=\"application\/ld+json\" class=\"yoast-schema-graph\">{\"@context\":\"https:\/\/schema.org\",\"@graph\":[{\"@type\":\"WebPage\",\"@id\":\"https:\/\/www.agrodel.com.br\/index.php\/product\/racao-para-caes-all-s-dogue-15kg\/\",\"url\":\"https:\/\/www.agrodel.com.br\/index.php\/product\/racao-para-caes-all-s-dogue-15kg\/\",\"name\":\"RA\u00c7\u00c3O PARA C\u00c3ES ALL' S DOGUE 15KG - Agro D\u00e9l Itapira\",\"isPartOf\":{\"@id\":\"https:\/\/www.agrodel.com.br\/#website\"},\"primaryImageOfPage\":{\"@id\":\"https:\/\/www.agrodel.com.br\/index.php\/product\/racao-para-caes-all-s-dogue-15kg\/#primaryimage\"},\"image\":{\"@id\":\"https:\/\/www.agrodel.com.br\/index.php\/product\/racao-para-caes-all-s-dogue-15kg\/#primaryimage\"},\"thumbnailUrl\":\"https:\/\/www.agrodel.com.br\/wp-content\/uploads\/2026\/02\/design-sem-nome-2-66896426d7c70-1.webp\",\"datePublished\":\"2026-02-27T17:31:34+00:00\",\"breadcrumb\":{\"@id\":\"https:\/\/www.agrodel.com.br\/index.php\/product\/racao-para-caes-all-s-dogue-15kg\/#breadcrumb\"},\"inLanguage\":\"pt-BR\",\"potentialAction\":[{\"@type\":\"ReadAction\",\"target\":[\"https:\/\/www.agrodel.com.br\/index.php\/product\/racao-para-caes-all-s-dogue-15kg\/\"]}]},{\"@type\":\"ImageObject\",\"inLanguage\":\"pt-BR\",\"@id\":\"https:\/\/www.agrodel.com.br\/index.php\/product\/racao-para-caes-all-s-dogue-15kg\/#primaryimage\",\"url\":\"https:\/\/www.agrodel.com.br\/wp-content\/uploads\/2026\/02\/design-sem-nome-2-66896426d7c70-1.webp\",\"contentUrl\":\"https:\/\/www.agrodel.com.br\/wp-content\/uploads\/2026\/02\/design-sem-nome-2-66896426d7c70-1.webp\",\"width\":1000,\"height\":1000},{\"@type\":\"BreadcrumbList\",\"@id\":\"https:\/\/www.agrodel.com.br\/index.php\/product\/racao-para-caes-all-s-dogue-15kg\/#breadcrumb\",\"itemListElement\":[{\"@type\":\"ListItem\",\"position\":1,\"name\":\"Home\",\"item\":\"https:\/\/www.agrodel.com.br\/\"},{\"@type\":\"ListItem\",\"position\":2,\"name\":\"Loja\",\"item\":\"https:\/\/www.agrodel.com.br\/index.php\/loja\/\"},{\"@type\":\"ListItem\",\"position\":3,\"name\":\"RA\u00c7\u00c3O PARA C\u00c3ES ALL&#8217; S DOGUE 15KG\"}]},{\"@type\":\"WebSite\",\"@id\":\"https:\/\/www.agrodel.com.br\/#website\",\"url\":\"https:\/\/www.agrodel.com.br\/\",\"name\":\"Agro D\u00e9l Itapira\",\"description\":\"A sua agropecu\u00e1ria amiga!\",\"publisher\":{\"@id\":\"https:\/\/www.agrodel.com.br\/#organization\"},\"potentialAction\":[{\"@type\":\"SearchAction\",\"target\":{\"@type\":\"EntryPoint\",\"urlTemplate\":\"https:\/\/www.agrodel.com.br\/?s={search_term_string}\"},\"query-input\":{\"@type\":\"PropertyValueSpecification\",\"valueRequired\":true,\"valueName\":\"search_term_string\"}}],\"inLanguage\":\"pt-BR\"},{\"@type\":\"Organization\",\"@id\":\"https:\/\/www.agrodel.com.br\/#organization\",\"name\":\"Agro D\u00e9l Itapira\",\"url\":\"https:\/\/www.agrodel.com.br\/\",\"logo\":{\"@type\":\"ImageObject\",\"inLanguage\":\"pt-BR\",\"@id\":\"https:\/\/www.agrodel.com.br\/#\/schema\/logo\/image\/\",\"url\":\"https:\/\/www.agrodel.com.br\/wp-content\/uploads\/2024\/10\/img-logo-agro-del-itapira.png\",\"contentUrl\":\"https:\/\/www.agrodel.com.br\/wp-content\/uploads\/2024\/10\/img-logo-agro-del-itapira.png\",\"width\":700,\"height\":336,\"caption\":\"Agro D\u00e9l Itapira\"},\"image\":{\"@id\":\"https:\/\/www.agrodel.com.br\/#\/schema\/logo\/image\/\"}}]}<\/script>\n<!-- \/ Yoast SEO plugin. -->","yoast_head_json":{"title":"RA\u00c7\u00c3O PARA C\u00c3ES ALL' S DOGUE 15KG - Agro D\u00e9l Itapira","robots":{"index":"index","follow":"follow","max-snippet":"max-snippet:-1","max-image-preview":"max-image-preview:large","max-video-preview":"max-video-preview:-1"},"canonical":"https:\/\/www.agrodel.com.br\/index.php\/product\/racao-para-caes-all-s-dogue-15kg\/","og_locale":"pt_BR","og_type":"article","og_title":"RA\u00c7\u00c3O PARA C\u00c3ES ALL' S DOGUE 15KG - Agro D\u00e9l Itapira","og_description":"A Ra\u00e7\u00e3o All\u00b4s Dogue para C\u00e3es Adultos Carne e frango &#8211; 15Kg, \u00e9 um alimento completo e balanceado para c\u00e3es adultos. \u00c9 um alimento de excelente custo-benef\u00edcio, que oferece todos os nutrientes necess\u00e1rios para manter o c\u00e3o saud\u00e1vel e com \u00f3tima condi\u00e7\u00e3o corporal. A ra\u00e7\u00e3o cont\u00e9m prote\u00ednas de origem animal e vegetal de alta qualidade,&hellip;&nbsp;Continue a ler &raquo;RA\u00c7\u00c3O PARA C\u00c3ES ALL&#8217; S DOGUE 15KG","og_url":"https:\/\/www.agrodel.com.br\/index.php\/product\/racao-para-caes-all-s-dogue-15kg\/","og_site_name":"Agro D\u00e9l Itapira","og_image":[{"width":1000,"height":1000,"url":"https:\/\/www.agrodel.com.br\/wp-content\/uploads\/2026\/02\/design-sem-nome-2-66896426d7c70-1.webp","type":"image\/webp"}],"twitter_card":"summary_large_image","twitter_misc":{"Est. tempo de leitura":"2 minutos"},"schema":{"@context":"https:\/\/schema.org","@graph":[{"@type":"WebPage","@id":"https:\/\/www.agrodel.com.br\/index.php\/product\/racao-para-caes-all-s-dogue-15kg\/","url":"https:\/\/www.agrodel.com.br\/index.php\/product\/racao-para-caes-all-s-dogue-15kg\/","name":"RA\u00c7\u00c3O PARA C\u00c3ES ALL' S DOGUE 15KG - Agro D\u00e9l Itapira","isPartOf":{"@id":"https:\/\/www.agrodel.com.br\/#website"},"primaryImageOfPage":{"@id":"https:\/\/www.agrodel.com.br\/index.php\/product\/racao-para-caes-all-s-dogue-15kg\/#primaryimage"},"image":{"@id":"https:\/\/www.agrodel.com.br\/index.php\/product\/racao-para-caes-all-s-dogue-15kg\/#primaryimage"},"thumbnailUrl":"https:\/\/www.agrodel.com.br\/wp-content\/uploads\/2026\/02\/design-sem-nome-2-66896426d7c70-1.webp","datePublished":"2026-02-27T17:31:34+00:00","breadcrumb":{"@id":"https:\/\/www.agrodel.com.br\/index.php\/product\/racao-para-caes-all-s-dogue-15kg\/#breadcrumb"},"inLanguage":"pt-BR","potentialAction":[{"@type":"ReadAction","target":["https:\/\/www.agrodel.com.br\/index.php\/product\/racao-para-caes-all-s-dogue-15kg\/"]}]},{"@type":"ImageObject","inLanguage":"pt-BR","@id":"https:\/\/www.agrodel.com.br\/index.php\/product\/racao-para-caes-all-s-dogue-15kg\/#primaryimage","url":"https:\/\/www.agrodel.com.br\/wp-content\/uploads\/2026\/02\/design-sem-nome-2-66896426d7c70-1.webp","contentUrl":"https:\/\/www.agrodel.com.br\/wp-content\/uploads\/2026\/02\/design-sem-nome-2-66896426d7c70-1.webp","width":1000,"height":1000},{"@type":"BreadcrumbList","@id":"https:\/\/www.agrodel.com.br\/index.php\/product\/racao-para-caes-all-s-dogue-15kg\/#breadcrumb","itemListElement":[{"@type":"ListItem","position":1,"name":"Home","item":"https:\/\/www.agrodel.com.br\/"},{"@type":"ListItem","position":2,"name":"Loja","item":"https:\/\/www.agrodel.com.br\/index.php\/loja\/"},{"@type":"ListItem","position":3,"name":"RA\u00c7\u00c3O PARA C\u00c3ES ALL&#8217; S DOGUE 15KG"}]},{"@type":"WebSite","@id":"https:\/\/www.agrodel.com.br\/#website","url":"https:\/\/www.agrodel.com.br\/","name":"Agro D\u00e9l Itapira","description":"A sua agropecu\u00e1ria amiga!","publisher":{"@id":"https:\/\/www.agrodel.com.br\/#organization"},"potentialAction":[{"@type":"SearchAction","target":{"@type":"EntryPoint","urlTemplate":"https:\/\/www.agrodel.com.br\/?s={search_term_string}"},"query-input":{"@type":"PropertyValueSpecification","valueRequired":true,"valueName":"search_term_string"}}],"inLanguage":"pt-BR"},{"@type":"Organization","@id":"https:\/\/www.agrodel.com.br\/#organization","name":"Agro D\u00e9l Itapira","url":"https:\/\/www.agrodel.com.br\/","logo":{"@type":"ImageObject","inLanguage":"pt-BR","@id":"https:\/\/www.agrodel.com.br\/#\/schema\/logo\/image\/","url":"https:\/\/www.agrodel.com.br\/wp-content\/uploads\/2024\/10\/img-logo-agro-del-itapira.png","contentUrl":"https:\/\/www.agrodel.com.br\/wp-content\/uploads\/2024\/10\/img-logo-agro-del-itapira.png","width":700,"height":336,"caption":"Agro D\u00e9l Itapira"},"image":{"@id":"https:\/\/www.agrodel.com.br\/#\/schema\/logo\/image\/"}}]}},"_links":{"self":[{"href":"https:\/\/www.agrodel.com.br\/index.php\/wp-json\/wp\/v2\/product\/1645","targetHints":{"allow":["GET"]}}],"collection":[{"href":"https:\/\/www.agrodel.com.br\/index.php\/wp-json\/wp\/v2\/product"}],"about":[{"href":"https:\/\/www.agrodel.com.br\/index.php\/wp-json\/wp\/v2\/types\/product"}],"replies":[{"embeddable":true,"href":"https:\/\/www.agrodel.com.br\/index.php\/wp-json\/wp\/v2\/comments?post=1645"}],"wp:featuredmedia":[{"embeddable":true,"href":"https:\/\/www.agrodel.com.br\/index.php\/wp-json\/wp\/v2\/media\/1646"}],"wp:attachment":[{"href":"https:\/\/www.agrodel.com.br\/index.php\/wp-json\/wp\/v2\/media?parent=1645"}],"wp:term":[{"taxonomy":"product_brand","embeddable":true,"href":"https:\/\/www.agrodel.com.br\/index.php\/wp-json\/wp\/v2\/product_brand?post=1645"},{"taxonomy":"product_cat","embeddable":true,"href":"https:\/\/www.agrodel.com.br\/index.php\/wp-json\/wp\/v2\/product_cat?post=1645"},{"taxonomy":"product_tag","embeddable":true,"href":"https:\/\/www.agrodel.com.br\/index.php\/wp-json\/wp\/v2\/product_tag?post=1645"}],"curies":[{"name":"wp","href":"https:\/\/api.w.org\/{rel}","templated":true}]}}