{"id":1649,"date":"2026-02-27T14:31:34","date_gmt":"2026-02-27T17:31:34","guid":{"rendered":"https:\/\/www.agrodel.com.br\/?post_type=product&#038;p=1649"},"modified":"2026-02-27T14:31:34","modified_gmt":"2026-02-27T17:31:34","slug":"racao-para-caes-cane-dog-adulto-frango-15kg","status":"publish","type":"product","link":"https:\/\/www.agrodel.com.br\/index.php\/product\/racao-para-caes-cane-dog-adulto-frango-15kg\/","title":{"rendered":"RA\u00c7\u00c3O PARA C\u00c3ES CANE DOG ADULTO FRANGO 15KG"},"content":{"rendered":"<p>CaneDog Super Premium \u00e9 um alimento completo e balanceado, ideal para c\u00e3es de todas as ra\u00e7as, proporcionando uma nutri\u00e7\u00e3o de alta qualidade. Com 27% de prote\u00edna bruta, este produto garante uma absor\u00e7\u00e3o eficiente, essencial para a sa\u00fade e energia do seu pet. Enriquecido com condroitina e glucosamina, promove articula\u00e7\u00f5es mais saud\u00e1veis, enquanto os \u00e1cidos graxos \u00f4mega 3 e 6 contribuem para um pelo mais brilhante e saud\u00e1vel. O extrato de yucca \u00e9 adicionado para reduzir o odor das fezes, tornando a conviv\u00eancia mais agrad\u00e1vel. Al\u00e9m disso, a presen\u00e7a de probi\u00f3ticos e fibras favorece um intestino saud\u00e1vel. Dispon\u00edvel em embalagem de 15kg, \u00e9 a escolha perfeita para c\u00e3es adultos, garantindo uma alimenta\u00e7\u00e3o de qualidade e sabor irresist\u00edvel de carne e frango. A linha Super Premium Pet Food da Cane Dog \u00e9 sin\u00f4nimo de cuidado e bem-estar para o seu melhor amigo.<\/p>\n<p>&nbsp;<\/p>\n","protected":false},"excerpt":{"rendered":"<p>CaneDog Super Premium \u00e9 um alimento completo e balanceado, ideal para c\u00e3es de todas as ra\u00e7as, proporcionando uma nutri\u00e7\u00e3o de alta qualidade. Com 27% de prote\u00edna bruta, este produto garante uma absor\u00e7\u00e3o eficiente, essencial para a sa\u00fade e energia do seu pet. Enriquecido com condroitina e glucosamina, promove articula\u00e7\u00f5es mais saud\u00e1veis, enquanto os \u00e1cidos graxos&hellip;&nbsp;<a href=\"https:\/\/www.agrodel.com.br\/index.php\/product\/racao-para-caes-cane-dog-adulto-frango-15kg\/\" rel=\"bookmark\">Continue a ler &raquo;<span class=\"screen-reader-text\">RA\u00c7\u00c3O PARA C\u00c3ES CANE DOG ADULTO FRANGO 15KG<\/span><\/a><\/p>\n","protected":false},"featured_media":1690,"comment_status":"open","ping_status":"closed","template":"","meta":{"neve_meta_sidebar":"","neve_meta_container":"","neve_meta_enable_content_width":"off","neve_meta_content_width":100,"neve_meta_title_alignment":"","neve_meta_author_avatar":"","neve_post_elements_order":"","neve_meta_disable_header":"","neve_meta_disable_footer":"","neve_meta_disable_title":""},"product_brand":[102],"product_cat":[22,35],"product_tag":[41,38,37,72,73,24],"class_list":{"0":"post-1649","1":"product","2":"type-product","3":"status-publish","4":"has-post-thumbnail","6":"product_brand-cane-dog","7":"product_cat-caes","8":"product_cat-racao-seca","9":"product_tag-15kg","10":"product_tag-adulto","11":"product_tag-caes","12":"product_tag-cane-dog","13":"product_tag-frango","14":"product_tag-racao","16":"first","17":"instock","18":"sale","19":"shipping-taxable","20":"purchasable","21":"product-type-simple"},"yoast_head":"<!-- This site is optimized with the Yoast SEO plugin v27.2 - https:\/\/yoast.com\/product\/yoast-seo-wordpress\/ -->\n<title>RA\u00c7\u00c3O PARA C\u00c3ES CANE DOG ADULTO FRANGO 15KG - Agro D\u00e9l Itapira<\/title>\n<meta name=\"robots\" content=\"index, follow, max-snippet:-1, max-image-preview:large, max-video-preview:-1\" \/>\n<link rel=\"canonical\" href=\"https:\/\/www.agrodel.com.br\/index.php\/product\/racao-para-caes-cane-dog-adulto-frango-15kg\/\" \/>\n<meta property=\"og:locale\" content=\"pt_BR\" \/>\n<meta property=\"og:type\" content=\"article\" \/>\n<meta property=\"og:title\" content=\"RA\u00c7\u00c3O PARA C\u00c3ES CANE DOG ADULTO FRANGO 15KG - Agro D\u00e9l Itapira\" \/>\n<meta property=\"og:description\" content=\"CaneDog Super Premium \u00e9 um alimento completo e balanceado, ideal para c\u00e3es de todas as ra\u00e7as, proporcionando uma nutri\u00e7\u00e3o de alta qualidade. Com 27% de prote\u00edna bruta, este produto garante uma absor\u00e7\u00e3o eficiente, essencial para a sa\u00fade e energia do seu pet. Enriquecido com condroitina e glucosamina, promove articula\u00e7\u00f5es mais saud\u00e1veis, enquanto os \u00e1cidos graxos&hellip;&nbsp;Continue a ler &raquo;RA\u00c7\u00c3O PARA C\u00c3ES CANE DOG ADULTO FRANGO 15KG\" \/>\n<meta property=\"og:url\" content=\"https:\/\/www.agrodel.com.br\/index.php\/product\/racao-para-caes-cane-dog-adulto-frango-15kg\/\" \/>\n<meta property=\"og:site_name\" content=\"Agro D\u00e9l Itapira\" \/>\n<meta property=\"og:image\" content=\"https:\/\/www.agrodel.com.br\/wp-content\/uploads\/2026\/02\/67bc85a34231d.jpg\" \/>\n\t<meta property=\"og:image:width\" content=\"600\" \/>\n\t<meta property=\"og:image:height\" content=\"600\" \/>\n\t<meta property=\"og:image:type\" content=\"image\/jpeg\" \/>\n<meta name=\"twitter:card\" content=\"summary_large_image\" \/>\n<meta name=\"twitter:label1\" content=\"Est. tempo de leitura\" \/>\n\t<meta name=\"twitter:data1\" content=\"1 minuto\" \/>\n<script type=\"application\/ld+json\" class=\"yoast-schema-graph\">{\"@context\":\"https:\/\/schema.org\",\"@graph\":[{\"@type\":\"WebPage\",\"@id\":\"https:\/\/www.agrodel.com.br\/index.php\/product\/racao-para-caes-cane-dog-adulto-frango-15kg\/\",\"url\":\"https:\/\/www.agrodel.com.br\/index.php\/product\/racao-para-caes-cane-dog-adulto-frango-15kg\/\",\"name\":\"RA\u00c7\u00c3O PARA C\u00c3ES CANE DOG ADULTO FRANGO 15KG - Agro D\u00e9l Itapira\",\"isPartOf\":{\"@id\":\"https:\/\/www.agrodel.com.br\/#website\"},\"primaryImageOfPage\":{\"@id\":\"https:\/\/www.agrodel.com.br\/index.php\/product\/racao-para-caes-cane-dog-adulto-frango-15kg\/#primaryimage\"},\"image\":{\"@id\":\"https:\/\/www.agrodel.com.br\/index.php\/product\/racao-para-caes-cane-dog-adulto-frango-15kg\/#primaryimage\"},\"thumbnailUrl\":\"https:\/\/www.agrodel.com.br\/wp-content\/uploads\/2026\/02\/67bc85a34231d.jpg\",\"datePublished\":\"2026-02-27T17:31:34+00:00\",\"breadcrumb\":{\"@id\":\"https:\/\/www.agrodel.com.br\/index.php\/product\/racao-para-caes-cane-dog-adulto-frango-15kg\/#breadcrumb\"},\"inLanguage\":\"pt-BR\",\"potentialAction\":[{\"@type\":\"ReadAction\",\"target\":[\"https:\/\/www.agrodel.com.br\/index.php\/product\/racao-para-caes-cane-dog-adulto-frango-15kg\/\"]}]},{\"@type\":\"ImageObject\",\"inLanguage\":\"pt-BR\",\"@id\":\"https:\/\/www.agrodel.com.br\/index.php\/product\/racao-para-caes-cane-dog-adulto-frango-15kg\/#primaryimage\",\"url\":\"https:\/\/www.agrodel.com.br\/wp-content\/uploads\/2026\/02\/67bc85a34231d.jpg\",\"contentUrl\":\"https:\/\/www.agrodel.com.br\/wp-content\/uploads\/2026\/02\/67bc85a34231d.jpg\",\"width\":600,\"height\":600},{\"@type\":\"BreadcrumbList\",\"@id\":\"https:\/\/www.agrodel.com.br\/index.php\/product\/racao-para-caes-cane-dog-adulto-frango-15kg\/#breadcrumb\",\"itemListElement\":[{\"@type\":\"ListItem\",\"position\":1,\"name\":\"Home\",\"item\":\"https:\/\/www.agrodel.com.br\/\"},{\"@type\":\"ListItem\",\"position\":2,\"name\":\"Loja\",\"item\":\"https:\/\/www.agrodel.com.br\/index.php\/loja\/\"},{\"@type\":\"ListItem\",\"position\":3,\"name\":\"RA\u00c7\u00c3O PARA C\u00c3ES CANE DOG ADULTO FRANGO 15KG\"}]},{\"@type\":\"WebSite\",\"@id\":\"https:\/\/www.agrodel.com.br\/#website\",\"url\":\"https:\/\/www.agrodel.com.br\/\",\"name\":\"Agro D\u00e9l Itapira\",\"description\":\"A sua agropecu\u00e1ria amiga!\",\"publisher\":{\"@id\":\"https:\/\/www.agrodel.com.br\/#organization\"},\"potentialAction\":[{\"@type\":\"SearchAction\",\"target\":{\"@type\":\"EntryPoint\",\"urlTemplate\":\"https:\/\/www.agrodel.com.br\/?s={search_term_string}\"},\"query-input\":{\"@type\":\"PropertyValueSpecification\",\"valueRequired\":true,\"valueName\":\"search_term_string\"}}],\"inLanguage\":\"pt-BR\"},{\"@type\":\"Organization\",\"@id\":\"https:\/\/www.agrodel.com.br\/#organization\",\"name\":\"Agro D\u00e9l Itapira\",\"url\":\"https:\/\/www.agrodel.com.br\/\",\"logo\":{\"@type\":\"ImageObject\",\"inLanguage\":\"pt-BR\",\"@id\":\"https:\/\/www.agrodel.com.br\/#\/schema\/logo\/image\/\",\"url\":\"https:\/\/www.agrodel.com.br\/wp-content\/uploads\/2024\/10\/img-logo-agro-del-itapira.png\",\"contentUrl\":\"https:\/\/www.agrodel.com.br\/wp-content\/uploads\/2024\/10\/img-logo-agro-del-itapira.png\",\"width\":700,\"height\":336,\"caption\":\"Agro D\u00e9l Itapira\"},\"image\":{\"@id\":\"https:\/\/www.agrodel.com.br\/#\/schema\/logo\/image\/\"}}]}<\/script>\n<!-- \/ Yoast SEO plugin. -->","yoast_head_json":{"title":"RA\u00c7\u00c3O PARA C\u00c3ES CANE DOG ADULTO FRANGO 15KG - Agro D\u00e9l Itapira","robots":{"index":"index","follow":"follow","max-snippet":"max-snippet:-1","max-image-preview":"max-image-preview:large","max-video-preview":"max-video-preview:-1"},"canonical":"https:\/\/www.agrodel.com.br\/index.php\/product\/racao-para-caes-cane-dog-adulto-frango-15kg\/","og_locale":"pt_BR","og_type":"article","og_title":"RA\u00c7\u00c3O PARA C\u00c3ES CANE DOG ADULTO FRANGO 15KG - Agro D\u00e9l Itapira","og_description":"CaneDog Super Premium \u00e9 um alimento completo e balanceado, ideal para c\u00e3es de todas as ra\u00e7as, proporcionando uma nutri\u00e7\u00e3o de alta qualidade. Com 27% de prote\u00edna bruta, este produto garante uma absor\u00e7\u00e3o eficiente, essencial para a sa\u00fade e energia do seu pet. Enriquecido com condroitina e glucosamina, promove articula\u00e7\u00f5es mais saud\u00e1veis, enquanto os \u00e1cidos graxos&hellip;&nbsp;Continue a ler &raquo;RA\u00c7\u00c3O PARA C\u00c3ES CANE DOG ADULTO FRANGO 15KG","og_url":"https:\/\/www.agrodel.com.br\/index.php\/product\/racao-para-caes-cane-dog-adulto-frango-15kg\/","og_site_name":"Agro D\u00e9l Itapira","og_image":[{"width":600,"height":600,"url":"https:\/\/www.agrodel.com.br\/wp-content\/uploads\/2026\/02\/67bc85a34231d.jpg","type":"image\/jpeg"}],"twitter_card":"summary_large_image","twitter_misc":{"Est. tempo de leitura":"1 minuto"},"schema":{"@context":"https:\/\/schema.org","@graph":[{"@type":"WebPage","@id":"https:\/\/www.agrodel.com.br\/index.php\/product\/racao-para-caes-cane-dog-adulto-frango-15kg\/","url":"https:\/\/www.agrodel.com.br\/index.php\/product\/racao-para-caes-cane-dog-adulto-frango-15kg\/","name":"RA\u00c7\u00c3O PARA C\u00c3ES CANE DOG ADULTO FRANGO 15KG - Agro D\u00e9l Itapira","isPartOf":{"@id":"https:\/\/www.agrodel.com.br\/#website"},"primaryImageOfPage":{"@id":"https:\/\/www.agrodel.com.br\/index.php\/product\/racao-para-caes-cane-dog-adulto-frango-15kg\/#primaryimage"},"image":{"@id":"https:\/\/www.agrodel.com.br\/index.php\/product\/racao-para-caes-cane-dog-adulto-frango-15kg\/#primaryimage"},"thumbnailUrl":"https:\/\/www.agrodel.com.br\/wp-content\/uploads\/2026\/02\/67bc85a34231d.jpg","datePublished":"2026-02-27T17:31:34+00:00","breadcrumb":{"@id":"https:\/\/www.agrodel.com.br\/index.php\/product\/racao-para-caes-cane-dog-adulto-frango-15kg\/#breadcrumb"},"inLanguage":"pt-BR","potentialAction":[{"@type":"ReadAction","target":["https:\/\/www.agrodel.com.br\/index.php\/product\/racao-para-caes-cane-dog-adulto-frango-15kg\/"]}]},{"@type":"ImageObject","inLanguage":"pt-BR","@id":"https:\/\/www.agrodel.com.br\/index.php\/product\/racao-para-caes-cane-dog-adulto-frango-15kg\/#primaryimage","url":"https:\/\/www.agrodel.com.br\/wp-content\/uploads\/2026\/02\/67bc85a34231d.jpg","contentUrl":"https:\/\/www.agrodel.com.br\/wp-content\/uploads\/2026\/02\/67bc85a34231d.jpg","width":600,"height":600},{"@type":"BreadcrumbList","@id":"https:\/\/www.agrodel.com.br\/index.php\/product\/racao-para-caes-cane-dog-adulto-frango-15kg\/#breadcrumb","itemListElement":[{"@type":"ListItem","position":1,"name":"Home","item":"https:\/\/www.agrodel.com.br\/"},{"@type":"ListItem","position":2,"name":"Loja","item":"https:\/\/www.agrodel.com.br\/index.php\/loja\/"},{"@type":"ListItem","position":3,"name":"RA\u00c7\u00c3O PARA C\u00c3ES CANE DOG ADULTO FRANGO 15KG"}]},{"@type":"WebSite","@id":"https:\/\/www.agrodel.com.br\/#website","url":"https:\/\/www.agrodel.com.br\/","name":"Agro D\u00e9l Itapira","description":"A sua agropecu\u00e1ria amiga!","publisher":{"@id":"https:\/\/www.agrodel.com.br\/#organization"},"potentialAction":[{"@type":"SearchAction","target":{"@type":"EntryPoint","urlTemplate":"https:\/\/www.agrodel.com.br\/?s={search_term_string}"},"query-input":{"@type":"PropertyValueSpecification","valueRequired":true,"valueName":"search_term_string"}}],"inLanguage":"pt-BR"},{"@type":"Organization","@id":"https:\/\/www.agrodel.com.br\/#organization","name":"Agro D\u00e9l Itapira","url":"https:\/\/www.agrodel.com.br\/","logo":{"@type":"ImageObject","inLanguage":"pt-BR","@id":"https:\/\/www.agrodel.com.br\/#\/schema\/logo\/image\/","url":"https:\/\/www.agrodel.com.br\/wp-content\/uploads\/2024\/10\/img-logo-agro-del-itapira.png","contentUrl":"https:\/\/www.agrodel.com.br\/wp-content\/uploads\/2024\/10\/img-logo-agro-del-itapira.png","width":700,"height":336,"caption":"Agro D\u00e9l Itapira"},"image":{"@id":"https:\/\/www.agrodel.com.br\/#\/schema\/logo\/image\/"}}]}},"_links":{"self":[{"href":"https:\/\/www.agrodel.com.br\/index.php\/wp-json\/wp\/v2\/product\/1649","targetHints":{"allow":["GET"]}}],"collection":[{"href":"https:\/\/www.agrodel.com.br\/index.php\/wp-json\/wp\/v2\/product"}],"about":[{"href":"https:\/\/www.agrodel.com.br\/index.php\/wp-json\/wp\/v2\/types\/product"}],"replies":[{"embeddable":true,"href":"https:\/\/www.agrodel.com.br\/index.php\/wp-json\/wp\/v2\/comments?post=1649"}],"wp:featuredmedia":[{"embeddable":true,"href":"https:\/\/www.agrodel.com.br\/index.php\/wp-json\/wp\/v2\/media\/1690"}],"wp:attachment":[{"href":"https:\/\/www.agrodel.com.br\/index.php\/wp-json\/wp\/v2\/media?parent=1649"}],"wp:term":[{"taxonomy":"product_brand","embeddable":true,"href":"https:\/\/www.agrodel.com.br\/index.php\/wp-json\/wp\/v2\/product_brand?post=1649"},{"taxonomy":"product_cat","embeddable":true,"href":"https:\/\/www.agrodel.com.br\/index.php\/wp-json\/wp\/v2\/product_cat?post=1649"},{"taxonomy":"product_tag","embeddable":true,"href":"https:\/\/www.agrodel.com.br\/index.php\/wp-json\/wp\/v2\/product_tag?post=1649"}],"curies":[{"name":"wp","href":"https:\/\/api.w.org\/{rel}","templated":true}]}}