{"id":1652,"date":"2026-02-27T14:31:34","date_gmt":"2026-02-27T17:31:34","guid":{"rendered":"https:\/\/www.agrodel.com.br\/?post_type=product&#038;p=1652"},"modified":"2026-02-27T14:31:34","modified_gmt":"2026-02-27T17:31:34","slug":"racao-para-caes-cane-dog-indoor-racas-pequenas-101-kg","status":"publish","type":"product","link":"https:\/\/www.agrodel.com.br\/index.php\/product\/racao-para-caes-cane-dog-indoor-racas-pequenas-101-kg\/","title":{"rendered":"RA\u00c7\u00c3O PARA C\u00c3ES CANE DOG INDOOR RA\u00c7AS PEQUENAS 10,1 KG"},"content":{"rendered":"<p>A Ra\u00e7\u00e3o Cane Dog Indoor Mini \u00e9 premium special para c\u00e3es adultos de porte pequeno que vivem em ambientes internos, a partir de 12 meses. Auxilia na sa\u00fade digestiva, reduz o odor e volume das fezes com prote\u00ednas altamente digest\u00edveis e fibras apropriadas. Mant\u00e9m a condi\u00e7\u00e3o corporal ideal com conte\u00fado cal\u00f3rico adaptado. Promove pele e pelagem saud\u00e1veis com nutrientes espec\u00edficos.<\/p>\n","protected":false},"excerpt":{"rendered":"<p>A Ra\u00e7\u00e3o Cane Dog Indoor Mini \u00e9 premium special para c\u00e3es adultos de porte pequeno que vivem em ambientes internos, a partir de 12 meses. Auxilia na sa\u00fade digestiva, reduz o odor e volume das fezes com prote\u00ednas altamente digest\u00edveis e fibras apropriadas. Mant\u00e9m a condi\u00e7\u00e3o corporal ideal com conte\u00fado cal\u00f3rico adaptado. Promove pele e&hellip;&nbsp;<a href=\"https:\/\/www.agrodel.com.br\/index.php\/product\/racao-para-caes-cane-dog-indoor-racas-pequenas-101-kg\/\" rel=\"bookmark\">Continue a ler &raquo;<span class=\"screen-reader-text\">RA\u00c7\u00c3O PARA C\u00c3ES CANE DOG INDOOR RA\u00c7AS PEQUENAS 10,1 KG<\/span><\/a><\/p>\n","protected":false},"featured_media":1653,"comment_status":"open","ping_status":"closed","template":"","meta":{"neve_meta_sidebar":"","neve_meta_container":"","neve_meta_enable_content_width":"off","neve_meta_content_width":100,"neve_meta_title_alignment":"","neve_meta_author_avatar":"","neve_post_elements_order":"","neve_meta_disable_header":"","neve_meta_disable_footer":"","neve_meta_disable_title":""},"product_brand":[102],"product_cat":[22,35],"product_tag":[110,109,108,24,64],"class_list":{"0":"post-1652","1":"product","2":"type-product","3":"status-publish","4":"has-post-thumbnail","6":"product_brand-cane-dog","7":"product_cat-caes","8":"product_cat-racao-seca","9":"product_tag-101kg","10":"product_tag-indoor","11":"product_tag-para-caes-cane-dog","12":"product_tag-racao","13":"product_tag-racas-pequenas","15":"first","16":"instock","17":"sale","18":"shipping-taxable","19":"purchasable","20":"product-type-simple"},"yoast_head":"<!-- This site is optimized with the Yoast SEO plugin v27.2 - https:\/\/yoast.com\/product\/yoast-seo-wordpress\/ -->\n<title>RA\u00c7\u00c3O PARA C\u00c3ES CANE DOG INDOOR RA\u00c7AS PEQUENAS 10,1 KG - Agro D\u00e9l Itapira<\/title>\n<meta name=\"robots\" content=\"index, follow, max-snippet:-1, max-image-preview:large, max-video-preview:-1\" \/>\n<link rel=\"canonical\" href=\"https:\/\/www.agrodel.com.br\/index.php\/product\/racao-para-caes-cane-dog-indoor-racas-pequenas-101-kg\/\" \/>\n<meta property=\"og:locale\" content=\"pt_BR\" \/>\n<meta property=\"og:type\" content=\"article\" \/>\n<meta property=\"og:title\" content=\"RA\u00c7\u00c3O PARA C\u00c3ES CANE DOG INDOOR RA\u00c7AS PEQUENAS 10,1 KG - Agro D\u00e9l Itapira\" \/>\n<meta property=\"og:description\" content=\"A Ra\u00e7\u00e3o Cane Dog Indoor Mini \u00e9 premium special para c\u00e3es adultos de porte pequeno que vivem em ambientes internos, a partir de 12 meses. Auxilia na sa\u00fade digestiva, reduz o odor e volume das fezes com prote\u00ednas altamente digest\u00edveis e fibras apropriadas. Mant\u00e9m a condi\u00e7\u00e3o corporal ideal com conte\u00fado cal\u00f3rico adaptado. Promove pele e&hellip;&nbsp;Continue a ler &raquo;RA\u00c7\u00c3O PARA C\u00c3ES CANE DOG INDOOR RA\u00c7AS PEQUENAS 10,1 KG\" \/>\n<meta property=\"og:url\" content=\"https:\/\/www.agrodel.com.br\/index.php\/product\/racao-para-caes-cane-dog-indoor-racas-pequenas-101-kg\/\" \/>\n<meta property=\"og:site_name\" content=\"Agro D\u00e9l Itapira\" \/>\n<meta property=\"og:image\" content=\"https:\/\/www.agrodel.com.br\/wp-content\/uploads\/2026\/02\/br-11134207-7r98o-m2jyi7qf5m4m8f.webp\" \/>\n\t<meta property=\"og:image:width\" content=\"556\" \/>\n\t<meta property=\"og:image:height\" content=\"556\" \/>\n\t<meta property=\"og:image:type\" content=\"image\/webp\" \/>\n<meta name=\"twitter:card\" content=\"summary_large_image\" \/>\n<meta name=\"twitter:label1\" content=\"Est. tempo de leitura\" \/>\n\t<meta name=\"twitter:data1\" content=\"1 minuto\" \/>\n<script type=\"application\/ld+json\" class=\"yoast-schema-graph\">{\"@context\":\"https:\/\/schema.org\",\"@graph\":[{\"@type\":\"WebPage\",\"@id\":\"https:\/\/www.agrodel.com.br\/index.php\/product\/racao-para-caes-cane-dog-indoor-racas-pequenas-101-kg\/\",\"url\":\"https:\/\/www.agrodel.com.br\/index.php\/product\/racao-para-caes-cane-dog-indoor-racas-pequenas-101-kg\/\",\"name\":\"RA\u00c7\u00c3O PARA C\u00c3ES CANE DOG INDOOR RA\u00c7AS PEQUENAS 10,1 KG - Agro D\u00e9l Itapira\",\"isPartOf\":{\"@id\":\"https:\/\/www.agrodel.com.br\/#website\"},\"primaryImageOfPage\":{\"@id\":\"https:\/\/www.agrodel.com.br\/index.php\/product\/racao-para-caes-cane-dog-indoor-racas-pequenas-101-kg\/#primaryimage\"},\"image\":{\"@id\":\"https:\/\/www.agrodel.com.br\/index.php\/product\/racao-para-caes-cane-dog-indoor-racas-pequenas-101-kg\/#primaryimage\"},\"thumbnailUrl\":\"https:\/\/www.agrodel.com.br\/wp-content\/uploads\/2026\/02\/br-11134207-7r98o-m2jyi7qf5m4m8f.webp\",\"datePublished\":\"2026-02-27T17:31:34+00:00\",\"breadcrumb\":{\"@id\":\"https:\/\/www.agrodel.com.br\/index.php\/product\/racao-para-caes-cane-dog-indoor-racas-pequenas-101-kg\/#breadcrumb\"},\"inLanguage\":\"pt-BR\",\"potentialAction\":[{\"@type\":\"ReadAction\",\"target\":[\"https:\/\/www.agrodel.com.br\/index.php\/product\/racao-para-caes-cane-dog-indoor-racas-pequenas-101-kg\/\"]}]},{\"@type\":\"ImageObject\",\"inLanguage\":\"pt-BR\",\"@id\":\"https:\/\/www.agrodel.com.br\/index.php\/product\/racao-para-caes-cane-dog-indoor-racas-pequenas-101-kg\/#primaryimage\",\"url\":\"https:\/\/www.agrodel.com.br\/wp-content\/uploads\/2026\/02\/br-11134207-7r98o-m2jyi7qf5m4m8f.webp\",\"contentUrl\":\"https:\/\/www.agrodel.com.br\/wp-content\/uploads\/2026\/02\/br-11134207-7r98o-m2jyi7qf5m4m8f.webp\",\"width\":556,\"height\":556},{\"@type\":\"BreadcrumbList\",\"@id\":\"https:\/\/www.agrodel.com.br\/index.php\/product\/racao-para-caes-cane-dog-indoor-racas-pequenas-101-kg\/#breadcrumb\",\"itemListElement\":[{\"@type\":\"ListItem\",\"position\":1,\"name\":\"Home\",\"item\":\"https:\/\/www.agrodel.com.br\/\"},{\"@type\":\"ListItem\",\"position\":2,\"name\":\"Loja\",\"item\":\"https:\/\/www.agrodel.com.br\/index.php\/loja\/\"},{\"@type\":\"ListItem\",\"position\":3,\"name\":\"RA\u00c7\u00c3O PARA C\u00c3ES CANE DOG INDOOR RA\u00c7AS PEQUENAS 10,1 KG\"}]},{\"@type\":\"WebSite\",\"@id\":\"https:\/\/www.agrodel.com.br\/#website\",\"url\":\"https:\/\/www.agrodel.com.br\/\",\"name\":\"Agro D\u00e9l Itapira\",\"description\":\"A sua agropecu\u00e1ria amiga!\",\"publisher\":{\"@id\":\"https:\/\/www.agrodel.com.br\/#organization\"},\"potentialAction\":[{\"@type\":\"SearchAction\",\"target\":{\"@type\":\"EntryPoint\",\"urlTemplate\":\"https:\/\/www.agrodel.com.br\/?s={search_term_string}\"},\"query-input\":{\"@type\":\"PropertyValueSpecification\",\"valueRequired\":true,\"valueName\":\"search_term_string\"}}],\"inLanguage\":\"pt-BR\"},{\"@type\":\"Organization\",\"@id\":\"https:\/\/www.agrodel.com.br\/#organization\",\"name\":\"Agro D\u00e9l Itapira\",\"url\":\"https:\/\/www.agrodel.com.br\/\",\"logo\":{\"@type\":\"ImageObject\",\"inLanguage\":\"pt-BR\",\"@id\":\"https:\/\/www.agrodel.com.br\/#\/schema\/logo\/image\/\",\"url\":\"https:\/\/www.agrodel.com.br\/wp-content\/uploads\/2024\/10\/img-logo-agro-del-itapira.png\",\"contentUrl\":\"https:\/\/www.agrodel.com.br\/wp-content\/uploads\/2024\/10\/img-logo-agro-del-itapira.png\",\"width\":700,\"height\":336,\"caption\":\"Agro D\u00e9l Itapira\"},\"image\":{\"@id\":\"https:\/\/www.agrodel.com.br\/#\/schema\/logo\/image\/\"}}]}<\/script>\n<!-- \/ Yoast SEO plugin. -->","yoast_head_json":{"title":"RA\u00c7\u00c3O PARA C\u00c3ES CANE DOG INDOOR RA\u00c7AS PEQUENAS 10,1 KG - Agro D\u00e9l Itapira","robots":{"index":"index","follow":"follow","max-snippet":"max-snippet:-1","max-image-preview":"max-image-preview:large","max-video-preview":"max-video-preview:-1"},"canonical":"https:\/\/www.agrodel.com.br\/index.php\/product\/racao-para-caes-cane-dog-indoor-racas-pequenas-101-kg\/","og_locale":"pt_BR","og_type":"article","og_title":"RA\u00c7\u00c3O PARA C\u00c3ES CANE DOG INDOOR RA\u00c7AS PEQUENAS 10,1 KG - Agro D\u00e9l Itapira","og_description":"A Ra\u00e7\u00e3o Cane Dog Indoor Mini \u00e9 premium special para c\u00e3es adultos de porte pequeno que vivem em ambientes internos, a partir de 12 meses. Auxilia na sa\u00fade digestiva, reduz o odor e volume das fezes com prote\u00ednas altamente digest\u00edveis e fibras apropriadas. Mant\u00e9m a condi\u00e7\u00e3o corporal ideal com conte\u00fado cal\u00f3rico adaptado. Promove pele e&hellip;&nbsp;Continue a ler &raquo;RA\u00c7\u00c3O PARA C\u00c3ES CANE DOG INDOOR RA\u00c7AS PEQUENAS 10,1 KG","og_url":"https:\/\/www.agrodel.com.br\/index.php\/product\/racao-para-caes-cane-dog-indoor-racas-pequenas-101-kg\/","og_site_name":"Agro D\u00e9l Itapira","og_image":[{"width":556,"height":556,"url":"https:\/\/www.agrodel.com.br\/wp-content\/uploads\/2026\/02\/br-11134207-7r98o-m2jyi7qf5m4m8f.webp","type":"image\/webp"}],"twitter_card":"summary_large_image","twitter_misc":{"Est. tempo de leitura":"1 minuto"},"schema":{"@context":"https:\/\/schema.org","@graph":[{"@type":"WebPage","@id":"https:\/\/www.agrodel.com.br\/index.php\/product\/racao-para-caes-cane-dog-indoor-racas-pequenas-101-kg\/","url":"https:\/\/www.agrodel.com.br\/index.php\/product\/racao-para-caes-cane-dog-indoor-racas-pequenas-101-kg\/","name":"RA\u00c7\u00c3O PARA C\u00c3ES CANE DOG INDOOR RA\u00c7AS PEQUENAS 10,1 KG - Agro D\u00e9l Itapira","isPartOf":{"@id":"https:\/\/www.agrodel.com.br\/#website"},"primaryImageOfPage":{"@id":"https:\/\/www.agrodel.com.br\/index.php\/product\/racao-para-caes-cane-dog-indoor-racas-pequenas-101-kg\/#primaryimage"},"image":{"@id":"https:\/\/www.agrodel.com.br\/index.php\/product\/racao-para-caes-cane-dog-indoor-racas-pequenas-101-kg\/#primaryimage"},"thumbnailUrl":"https:\/\/www.agrodel.com.br\/wp-content\/uploads\/2026\/02\/br-11134207-7r98o-m2jyi7qf5m4m8f.webp","datePublished":"2026-02-27T17:31:34+00:00","breadcrumb":{"@id":"https:\/\/www.agrodel.com.br\/index.php\/product\/racao-para-caes-cane-dog-indoor-racas-pequenas-101-kg\/#breadcrumb"},"inLanguage":"pt-BR","potentialAction":[{"@type":"ReadAction","target":["https:\/\/www.agrodel.com.br\/index.php\/product\/racao-para-caes-cane-dog-indoor-racas-pequenas-101-kg\/"]}]},{"@type":"ImageObject","inLanguage":"pt-BR","@id":"https:\/\/www.agrodel.com.br\/index.php\/product\/racao-para-caes-cane-dog-indoor-racas-pequenas-101-kg\/#primaryimage","url":"https:\/\/www.agrodel.com.br\/wp-content\/uploads\/2026\/02\/br-11134207-7r98o-m2jyi7qf5m4m8f.webp","contentUrl":"https:\/\/www.agrodel.com.br\/wp-content\/uploads\/2026\/02\/br-11134207-7r98o-m2jyi7qf5m4m8f.webp","width":556,"height":556},{"@type":"BreadcrumbList","@id":"https:\/\/www.agrodel.com.br\/index.php\/product\/racao-para-caes-cane-dog-indoor-racas-pequenas-101-kg\/#breadcrumb","itemListElement":[{"@type":"ListItem","position":1,"name":"Home","item":"https:\/\/www.agrodel.com.br\/"},{"@type":"ListItem","position":2,"name":"Loja","item":"https:\/\/www.agrodel.com.br\/index.php\/loja\/"},{"@type":"ListItem","position":3,"name":"RA\u00c7\u00c3O PARA C\u00c3ES CANE DOG INDOOR RA\u00c7AS PEQUENAS 10,1 KG"}]},{"@type":"WebSite","@id":"https:\/\/www.agrodel.com.br\/#website","url":"https:\/\/www.agrodel.com.br\/","name":"Agro D\u00e9l Itapira","description":"A sua agropecu\u00e1ria amiga!","publisher":{"@id":"https:\/\/www.agrodel.com.br\/#organization"},"potentialAction":[{"@type":"SearchAction","target":{"@type":"EntryPoint","urlTemplate":"https:\/\/www.agrodel.com.br\/?s={search_term_string}"},"query-input":{"@type":"PropertyValueSpecification","valueRequired":true,"valueName":"search_term_string"}}],"inLanguage":"pt-BR"},{"@type":"Organization","@id":"https:\/\/www.agrodel.com.br\/#organization","name":"Agro D\u00e9l Itapira","url":"https:\/\/www.agrodel.com.br\/","logo":{"@type":"ImageObject","inLanguage":"pt-BR","@id":"https:\/\/www.agrodel.com.br\/#\/schema\/logo\/image\/","url":"https:\/\/www.agrodel.com.br\/wp-content\/uploads\/2024\/10\/img-logo-agro-del-itapira.png","contentUrl":"https:\/\/www.agrodel.com.br\/wp-content\/uploads\/2024\/10\/img-logo-agro-del-itapira.png","width":700,"height":336,"caption":"Agro D\u00e9l Itapira"},"image":{"@id":"https:\/\/www.agrodel.com.br\/#\/schema\/logo\/image\/"}}]}},"_links":{"self":[{"href":"https:\/\/www.agrodel.com.br\/index.php\/wp-json\/wp\/v2\/product\/1652","targetHints":{"allow":["GET"]}}],"collection":[{"href":"https:\/\/www.agrodel.com.br\/index.php\/wp-json\/wp\/v2\/product"}],"about":[{"href":"https:\/\/www.agrodel.com.br\/index.php\/wp-json\/wp\/v2\/types\/product"}],"replies":[{"embeddable":true,"href":"https:\/\/www.agrodel.com.br\/index.php\/wp-json\/wp\/v2\/comments?post=1652"}],"wp:featuredmedia":[{"embeddable":true,"href":"https:\/\/www.agrodel.com.br\/index.php\/wp-json\/wp\/v2\/media\/1653"}],"wp:attachment":[{"href":"https:\/\/www.agrodel.com.br\/index.php\/wp-json\/wp\/v2\/media?parent=1652"}],"wp:term":[{"taxonomy":"product_brand","embeddable":true,"href":"https:\/\/www.agrodel.com.br\/index.php\/wp-json\/wp\/v2\/product_brand?post=1652"},{"taxonomy":"product_cat","embeddable":true,"href":"https:\/\/www.agrodel.com.br\/index.php\/wp-json\/wp\/v2\/product_cat?post=1652"},{"taxonomy":"product_tag","embeddable":true,"href":"https:\/\/www.agrodel.com.br\/index.php\/wp-json\/wp\/v2\/product_tag?post=1652"}],"curies":[{"name":"wp","href":"https:\/\/api.w.org\/{rel}","templated":true}]}}