{"id":1655,"date":"2026-02-27T14:31:33","date_gmt":"2026-02-27T17:31:33","guid":{"rendered":"https:\/\/www.agrodel.com.br\/?post_type=product&#038;p=1655"},"modified":"2026-02-27T14:31:33","modified_gmt":"2026-02-27T17:31:33","slug":"racao-para-gatos-cane-cat-salmao-castrado-101kg","status":"publish","type":"product","link":"https:\/\/www.agrodel.com.br\/index.php\/product\/racao-para-gatos-cane-cat-salmao-castrado-101kg\/","title":{"rendered":"RA\u00c7\u00c3O PARA GATOS CANE CAT SALM\u00c3O CASTRADO 10,1KG"},"content":{"rendered":"<p>CaneCat Fit Salm\u00e3o Gato Castrado Premium Special 10,1Kg<br \/>\nAlimenta\u00e7\u00e3o balanceada e sabor irresist\u00edvel para gatos castrados<br \/>\nA Ra\u00e7\u00e3o CaneCat Fit Salm\u00e3o Gato Castrado Premium Special \u00e9 um alimento completo e balanceado, especialmente formulado para atender \u00e0s necessidades nutricionais de gatos castrados. Com um sabor irresist\u00edvel de salm\u00e3o, esta ra\u00e7\u00e3o proporciona uma digest\u00e3o f\u00e1cil e bem-estar prolongado, garantindo que seu gato desfrute de uma vida saud\u00e1vel e ativa. Feita com ingredientes de alta qualidade, sem corantes artificiais, \u00e9 a escolha ideal para manter seu amigo felino em \u00f3tima forma.<\/p>\n","protected":false},"excerpt":{"rendered":"<p><br data-mce-bogus=\"1\"><\/p>\n","protected":false},"featured_media":1656,"comment_status":"open","ping_status":"closed","template":"","meta":{"neve_meta_sidebar":"","neve_meta_container":"","neve_meta_enable_content_width":"off","neve_meta_content_width":100,"neve_meta_title_alignment":"","neve_meta_author_avatar":"","neve_post_elements_order":"","neve_meta_disable_header":"","neve_meta_disable_footer":"","neve_meta_disable_title":""},"product_brand":[],"product_cat":[31,57],"product_tag":[77,78,74,76,67,24,75],"class_list":{"0":"post-1655","1":"product","2":"type-product","3":"status-publish","4":"has-post-thumbnail","6":"product_cat-gatos","7":"product_cat-racao-seca-gatos","8":"product_tag-77","9":"product_tag-1kg","10":"product_tag-cane-cat","11":"product_tag-castrado","12":"product_tag-gatos","13":"product_tag-racao","14":"product_tag-salmao","16":"first","17":"instock","18":"sale","19":"shipping-taxable","20":"purchasable","21":"product-type-simple"},"yoast_head":"<!-- This site is optimized with the Yoast SEO plugin v27.2 - https:\/\/yoast.com\/product\/yoast-seo-wordpress\/ -->\n<title>RA\u00c7\u00c3O PARA GATOS CANE CAT SALM\u00c3O CASTRADO 10,1KG - Agro D\u00e9l Itapira<\/title>\n<meta name=\"robots\" content=\"index, follow, max-snippet:-1, max-image-preview:large, max-video-preview:-1\" \/>\n<link rel=\"canonical\" href=\"https:\/\/www.agrodel.com.br\/index.php\/product\/racao-para-gatos-cane-cat-salmao-castrado-101kg\/\" \/>\n<meta property=\"og:locale\" content=\"pt_BR\" \/>\n<meta property=\"og:type\" content=\"article\" \/>\n<meta property=\"og:title\" content=\"RA\u00c7\u00c3O PARA GATOS CANE CAT SALM\u00c3O CASTRADO 10,1KG - Agro D\u00e9l Itapira\" \/>\n<meta property=\"og:url\" content=\"https:\/\/www.agrodel.com.br\/index.php\/product\/racao-para-gatos-cane-cat-salmao-castrado-101kg\/\" \/>\n<meta property=\"og:site_name\" content=\"Agro D\u00e9l Itapira\" \/>\n<meta property=\"og:image\" content=\"https:\/\/www.agrodel.com.br\/wp-content\/uploads\/2026\/02\/D_Q_NP_2X_836739-MLB94989429305_102025-F.webp\" \/>\n\t<meta property=\"og:image:width\" content=\"581\" \/>\n\t<meta property=\"og:image:height\" content=\"1198\" \/>\n\t<meta property=\"og:image:type\" content=\"image\/webp\" \/>\n<meta name=\"twitter:card\" content=\"summary_large_image\" \/>\n<meta name=\"twitter:label1\" content=\"Est. tempo de leitura\" \/>\n\t<meta name=\"twitter:data1\" content=\"1 minuto\" \/>\n<script type=\"application\/ld+json\" class=\"yoast-schema-graph\">{\"@context\":\"https:\/\/schema.org\",\"@graph\":[{\"@type\":\"WebPage\",\"@id\":\"https:\/\/www.agrodel.com.br\/index.php\/product\/racao-para-gatos-cane-cat-salmao-castrado-101kg\/\",\"url\":\"https:\/\/www.agrodel.com.br\/index.php\/product\/racao-para-gatos-cane-cat-salmao-castrado-101kg\/\",\"name\":\"RA\u00c7\u00c3O PARA GATOS CANE CAT SALM\u00c3O CASTRADO 10,1KG - Agro D\u00e9l Itapira\",\"isPartOf\":{\"@id\":\"https:\/\/www.agrodel.com.br\/#website\"},\"primaryImageOfPage\":{\"@id\":\"https:\/\/www.agrodel.com.br\/index.php\/product\/racao-para-gatos-cane-cat-salmao-castrado-101kg\/#primaryimage\"},\"image\":{\"@id\":\"https:\/\/www.agrodel.com.br\/index.php\/product\/racao-para-gatos-cane-cat-salmao-castrado-101kg\/#primaryimage\"},\"thumbnailUrl\":\"https:\/\/www.agrodel.com.br\/wp-content\/uploads\/2026\/02\/D_Q_NP_2X_836739-MLB94989429305_102025-F.webp\",\"datePublished\":\"2026-02-27T17:31:33+00:00\",\"breadcrumb\":{\"@id\":\"https:\/\/www.agrodel.com.br\/index.php\/product\/racao-para-gatos-cane-cat-salmao-castrado-101kg\/#breadcrumb\"},\"inLanguage\":\"pt-BR\",\"potentialAction\":[{\"@type\":\"ReadAction\",\"target\":[\"https:\/\/www.agrodel.com.br\/index.php\/product\/racao-para-gatos-cane-cat-salmao-castrado-101kg\/\"]}]},{\"@type\":\"ImageObject\",\"inLanguage\":\"pt-BR\",\"@id\":\"https:\/\/www.agrodel.com.br\/index.php\/product\/racao-para-gatos-cane-cat-salmao-castrado-101kg\/#primaryimage\",\"url\":\"https:\/\/www.agrodel.com.br\/wp-content\/uploads\/2026\/02\/D_Q_NP_2X_836739-MLB94989429305_102025-F.webp\",\"contentUrl\":\"https:\/\/www.agrodel.com.br\/wp-content\/uploads\/2026\/02\/D_Q_NP_2X_836739-MLB94989429305_102025-F.webp\",\"width\":581,\"height\":1198},{\"@type\":\"BreadcrumbList\",\"@id\":\"https:\/\/www.agrodel.com.br\/index.php\/product\/racao-para-gatos-cane-cat-salmao-castrado-101kg\/#breadcrumb\",\"itemListElement\":[{\"@type\":\"ListItem\",\"position\":1,\"name\":\"Home\",\"item\":\"https:\/\/www.agrodel.com.br\/\"},{\"@type\":\"ListItem\",\"position\":2,\"name\":\"Loja\",\"item\":\"https:\/\/www.agrodel.com.br\/index.php\/loja\/\"},{\"@type\":\"ListItem\",\"position\":3,\"name\":\"RA\u00c7\u00c3O PARA GATOS CANE CAT SALM\u00c3O CASTRADO 10,1KG\"}]},{\"@type\":\"WebSite\",\"@id\":\"https:\/\/www.agrodel.com.br\/#website\",\"url\":\"https:\/\/www.agrodel.com.br\/\",\"name\":\"Agro D\u00e9l Itapira\",\"description\":\"A sua agropecu\u00e1ria amiga!\",\"publisher\":{\"@id\":\"https:\/\/www.agrodel.com.br\/#organization\"},\"potentialAction\":[{\"@type\":\"SearchAction\",\"target\":{\"@type\":\"EntryPoint\",\"urlTemplate\":\"https:\/\/www.agrodel.com.br\/?s={search_term_string}\"},\"query-input\":{\"@type\":\"PropertyValueSpecification\",\"valueRequired\":true,\"valueName\":\"search_term_string\"}}],\"inLanguage\":\"pt-BR\"},{\"@type\":\"Organization\",\"@id\":\"https:\/\/www.agrodel.com.br\/#organization\",\"name\":\"Agro D\u00e9l Itapira\",\"url\":\"https:\/\/www.agrodel.com.br\/\",\"logo\":{\"@type\":\"ImageObject\",\"inLanguage\":\"pt-BR\",\"@id\":\"https:\/\/www.agrodel.com.br\/#\/schema\/logo\/image\/\",\"url\":\"https:\/\/www.agrodel.com.br\/wp-content\/uploads\/2024\/10\/img-logo-agro-del-itapira.png\",\"contentUrl\":\"https:\/\/www.agrodel.com.br\/wp-content\/uploads\/2024\/10\/img-logo-agro-del-itapira.png\",\"width\":700,\"height\":336,\"caption\":\"Agro D\u00e9l Itapira\"},\"image\":{\"@id\":\"https:\/\/www.agrodel.com.br\/#\/schema\/logo\/image\/\"}}]}<\/script>\n<!-- \/ Yoast SEO plugin. -->","yoast_head_json":{"title":"RA\u00c7\u00c3O PARA GATOS CANE CAT SALM\u00c3O CASTRADO 10,1KG - Agro D\u00e9l Itapira","robots":{"index":"index","follow":"follow","max-snippet":"max-snippet:-1","max-image-preview":"max-image-preview:large","max-video-preview":"max-video-preview:-1"},"canonical":"https:\/\/www.agrodel.com.br\/index.php\/product\/racao-para-gatos-cane-cat-salmao-castrado-101kg\/","og_locale":"pt_BR","og_type":"article","og_title":"RA\u00c7\u00c3O PARA GATOS CANE CAT SALM\u00c3O CASTRADO 10,1KG - Agro D\u00e9l Itapira","og_url":"https:\/\/www.agrodel.com.br\/index.php\/product\/racao-para-gatos-cane-cat-salmao-castrado-101kg\/","og_site_name":"Agro D\u00e9l Itapira","og_image":[{"width":581,"height":1198,"url":"https:\/\/www.agrodel.com.br\/wp-content\/uploads\/2026\/02\/D_Q_NP_2X_836739-MLB94989429305_102025-F.webp","type":"image\/webp"}],"twitter_card":"summary_large_image","twitter_misc":{"Est. tempo de leitura":"1 minuto"},"schema":{"@context":"https:\/\/schema.org","@graph":[{"@type":"WebPage","@id":"https:\/\/www.agrodel.com.br\/index.php\/product\/racao-para-gatos-cane-cat-salmao-castrado-101kg\/","url":"https:\/\/www.agrodel.com.br\/index.php\/product\/racao-para-gatos-cane-cat-salmao-castrado-101kg\/","name":"RA\u00c7\u00c3O PARA GATOS CANE CAT SALM\u00c3O CASTRADO 10,1KG - Agro D\u00e9l Itapira","isPartOf":{"@id":"https:\/\/www.agrodel.com.br\/#website"},"primaryImageOfPage":{"@id":"https:\/\/www.agrodel.com.br\/index.php\/product\/racao-para-gatos-cane-cat-salmao-castrado-101kg\/#primaryimage"},"image":{"@id":"https:\/\/www.agrodel.com.br\/index.php\/product\/racao-para-gatos-cane-cat-salmao-castrado-101kg\/#primaryimage"},"thumbnailUrl":"https:\/\/www.agrodel.com.br\/wp-content\/uploads\/2026\/02\/D_Q_NP_2X_836739-MLB94989429305_102025-F.webp","datePublished":"2026-02-27T17:31:33+00:00","breadcrumb":{"@id":"https:\/\/www.agrodel.com.br\/index.php\/product\/racao-para-gatos-cane-cat-salmao-castrado-101kg\/#breadcrumb"},"inLanguage":"pt-BR","potentialAction":[{"@type":"ReadAction","target":["https:\/\/www.agrodel.com.br\/index.php\/product\/racao-para-gatos-cane-cat-salmao-castrado-101kg\/"]}]},{"@type":"ImageObject","inLanguage":"pt-BR","@id":"https:\/\/www.agrodel.com.br\/index.php\/product\/racao-para-gatos-cane-cat-salmao-castrado-101kg\/#primaryimage","url":"https:\/\/www.agrodel.com.br\/wp-content\/uploads\/2026\/02\/D_Q_NP_2X_836739-MLB94989429305_102025-F.webp","contentUrl":"https:\/\/www.agrodel.com.br\/wp-content\/uploads\/2026\/02\/D_Q_NP_2X_836739-MLB94989429305_102025-F.webp","width":581,"height":1198},{"@type":"BreadcrumbList","@id":"https:\/\/www.agrodel.com.br\/index.php\/product\/racao-para-gatos-cane-cat-salmao-castrado-101kg\/#breadcrumb","itemListElement":[{"@type":"ListItem","position":1,"name":"Home","item":"https:\/\/www.agrodel.com.br\/"},{"@type":"ListItem","position":2,"name":"Loja","item":"https:\/\/www.agrodel.com.br\/index.php\/loja\/"},{"@type":"ListItem","position":3,"name":"RA\u00c7\u00c3O PARA GATOS CANE CAT SALM\u00c3O CASTRADO 10,1KG"}]},{"@type":"WebSite","@id":"https:\/\/www.agrodel.com.br\/#website","url":"https:\/\/www.agrodel.com.br\/","name":"Agro D\u00e9l Itapira","description":"A sua agropecu\u00e1ria amiga!","publisher":{"@id":"https:\/\/www.agrodel.com.br\/#organization"},"potentialAction":[{"@type":"SearchAction","target":{"@type":"EntryPoint","urlTemplate":"https:\/\/www.agrodel.com.br\/?s={search_term_string}"},"query-input":{"@type":"PropertyValueSpecification","valueRequired":true,"valueName":"search_term_string"}}],"inLanguage":"pt-BR"},{"@type":"Organization","@id":"https:\/\/www.agrodel.com.br\/#organization","name":"Agro D\u00e9l Itapira","url":"https:\/\/www.agrodel.com.br\/","logo":{"@type":"ImageObject","inLanguage":"pt-BR","@id":"https:\/\/www.agrodel.com.br\/#\/schema\/logo\/image\/","url":"https:\/\/www.agrodel.com.br\/wp-content\/uploads\/2024\/10\/img-logo-agro-del-itapira.png","contentUrl":"https:\/\/www.agrodel.com.br\/wp-content\/uploads\/2024\/10\/img-logo-agro-del-itapira.png","width":700,"height":336,"caption":"Agro D\u00e9l Itapira"},"image":{"@id":"https:\/\/www.agrodel.com.br\/#\/schema\/logo\/image\/"}}]}},"_links":{"self":[{"href":"https:\/\/www.agrodel.com.br\/index.php\/wp-json\/wp\/v2\/product\/1655","targetHints":{"allow":["GET"]}}],"collection":[{"href":"https:\/\/www.agrodel.com.br\/index.php\/wp-json\/wp\/v2\/product"}],"about":[{"href":"https:\/\/www.agrodel.com.br\/index.php\/wp-json\/wp\/v2\/types\/product"}],"replies":[{"embeddable":true,"href":"https:\/\/www.agrodel.com.br\/index.php\/wp-json\/wp\/v2\/comments?post=1655"}],"wp:featuredmedia":[{"embeddable":true,"href":"https:\/\/www.agrodel.com.br\/index.php\/wp-json\/wp\/v2\/media\/1656"}],"wp:attachment":[{"href":"https:\/\/www.agrodel.com.br\/index.php\/wp-json\/wp\/v2\/media?parent=1655"}],"wp:term":[{"taxonomy":"product_brand","embeddable":true,"href":"https:\/\/www.agrodel.com.br\/index.php\/wp-json\/wp\/v2\/product_brand?post=1655"},{"taxonomy":"product_cat","embeddable":true,"href":"https:\/\/www.agrodel.com.br\/index.php\/wp-json\/wp\/v2\/product_cat?post=1655"},{"taxonomy":"product_tag","embeddable":true,"href":"https:\/\/www.agrodel.com.br\/index.php\/wp-json\/wp\/v2\/product_tag?post=1655"}],"curies":[{"name":"wp","href":"https:\/\/api.w.org\/{rel}","templated":true}]}}