{"id":1658,"date":"2026-02-27T14:22:35","date_gmt":"2026-02-27T17:22:35","guid":{"rendered":"https:\/\/www.agrodel.com.br\/?post_type=product&#038;p=1658"},"modified":"2026-03-17T08:25:52","modified_gmt":"2026-03-17T11:25:52","slug":"cloro-g-multi-3x1-atcllor-10kg","status":"publish","type":"product","link":"https:\/\/www.agrodel.com.br\/index.php\/product\/cloro-g-multi-3x1-atcllor-10kg\/","title":{"rendered":"CLORO G. MULTI 3&#215;1 ATCLLOR 10kg"},"content":{"rendered":"<div class=\"board_htm\">\n<p>Cloro Para Piscina Org\u00e2nico Granulado Algicida, Clarificante e Decantador ATclloro 3 em 1 de 10Kg<\/p>\n<p>&#8211; Se voc\u00ea est\u00e1 em busca de uma solu\u00e7\u00e3o eficaz e pr\u00e1tica para o tratamento de \u00e1gua da sua piscina, ent\u00e3o o ATclloro 3 em 1 \u00e9 o produto que voc\u00ea precisa!<br \/>\n&#8211; Uma solu\u00e7\u00e3o inovadora com exclusivo dicloro org\u00e2nico multifuncional com 36,47% de cloro ativo, garante um tratamento efetivo e de longa dura\u00e7\u00e3o.<br \/>\n&#8211; Al\u00e9m disso, sua a\u00e7\u00e3o algicida, algist\u00e1tico, floculante, clarificante, decantador, alcalinizante e muito mais, tornam esse cloro de piscina o produto mais completo e com melhor custo benef\u00edcio do mercado brasileiro.<br \/>\n&#8211; Imagine a vantagem de poder aproveitar sua piscina sem gastar muito tempo e dinheiro, sem precisar se preocupar com a manuten\u00e7\u00f5es constantes, e ter sempre uma \u00e1gua cristalina e saud\u00e1vel.<br \/>\n&#8211; Com o nosso produto voc\u00ea reduzir\u00e1 muito o gasto de m\u00e3o de obra necess\u00e1ria para a manuten\u00e7\u00e3o da piscina.<br \/>\n&#8211; Adquira o ATclloro 3 em 1 e tenha a tranquilidade de ter sua piscina com a \u00e1gua limpa e protegida.<\/p>\n<p>Tratamento inicial e manuten\u00e7\u00e3o:<br \/>\n&#8211; Ajuste a alcalinidade total entre 80 e 120ppm e o pH entre 7,2 e 7,6.<br \/>\n&#8211; Adicione 4g\/m\u00b3 de ATclloro 3 em 1 dissolvendo o produto na \u00e1gua em um recipiente pl\u00e1stico limpo.<br \/>\n&#8211; Distribua a solu\u00e7\u00e3o obtida sobre a superf\u00edcie da \u00e1gua.<br \/>\n&#8211; Mantenha o residual de cloro entre 1 e 3ppm.<br \/>\n&#8211; N\u00e3o misture com outros produtos de piscina, em especial com o Hipoclorito de C\u00e1lcio.<\/p>\n<p>Ingrediente ativo:<br \/>\n&#8211; Dicloroisocianurato de s\u00f3dio (36,47% de teor de cloro ativo)<br \/>\n&#8211; Clarificante<br \/>\n&#8211; Coadjuvante<br \/>\n&#8211; Inerte<\/p>\n<p>Diferencial do ATclloro 3 em 1:<br \/>\n&#8211; O ATclloro 3 em 1 possui o selo de qualidade &#8220;Compra Segura&#8221;, avalia\u00e7\u00e3o t\u00e9cnica e sanit\u00e1ria, al\u00e9m de testes que asseguram a sa\u00fade dos usu\u00e1rios.<br \/>\n&#8211; Produto n\u00e3o testado em animais. Compre com a tranquilidade de estar fazendo a sua parte em prol do bem-estar animal.<br \/>\n&#8211; Compromisso com a sustentabilidade e com o uso respons\u00e1vel dos recursos naturais.<br \/>\n&#8211; Aplicando nossos produtos voc\u00ea reduz o desperd\u00edcio de \u00e1gua, um recurso finito e precioso que deve ser usado com sabedoria.<\/p>\n<p>Aten\u00e7\u00e3o:<br \/>\n&#8211; Manipule o produto em local aberto e ventilado.<br \/>\n&#8211; Evite a inala\u00e7\u00e3o do produto concentrado e o contato direto com a pele ou olhos.<br \/>\n&#8211; Em caso de acidentes lavar a regi\u00e3o atingida com \u00e1gua corrente em abund\u00e2ncia.<br \/>\n&#8211; Persistindo a irrita\u00e7\u00e3o procure o servi\u00e7o de sa\u00fade levando a embalagem do produto.<br \/>\n&#8211; Em caso de ingest\u00e3o do produto concentrado, n\u00e3o provoque v\u00f4mito. Procure o servi\u00e7o de sa\u00fade levando a embalagem do produto.<\/p>\n<\/div>\n","protected":false},"excerpt":{"rendered":"<p>Cloro Para Piscina Org\u00e2nico Granulado Algicida, Clarificante e Decantador ATclloro 3 em 1 de 10Kg &#8211; Se voc\u00ea est\u00e1 em busca de uma solu\u00e7\u00e3o eficaz e pr\u00e1tica para o tratamento de \u00e1gua da sua piscina, ent\u00e3o o ATclloro 3 em 1 \u00e9 o produto que voc\u00ea precisa! &#8211; Uma solu\u00e7\u00e3o inovadora com exclusivo dicloro org\u00e2nico&hellip;&nbsp;<a href=\"https:\/\/www.agrodel.com.br\/index.php\/product\/cloro-g-multi-3x1-atcllor-10kg\/\" rel=\"bookmark\">Continue a ler &raquo;<span class=\"screen-reader-text\">CLORO G. MULTI 3&#215;1 ATCLLOR 10kg<\/span><\/a><\/p>\n","protected":false},"featured_media":1661,"comment_status":"open","ping_status":"closed","template":"","meta":{"neve_meta_sidebar":"","neve_meta_container":"","neve_meta_enable_content_width":"off","neve_meta_content_width":100,"neve_meta_title_alignment":"","neve_meta_author_avatar":"","neve_post_elements_order":"","neve_meta_disable_header":"","neve_meta_disable_footer":"","neve_meta_disable_title":""},"product_brand":[106],"product_cat":[80,79],"product_tag":[58,84,81,82,85,83],"class_list":{"0":"post-1658","1":"product","2":"type-product","3":"status-publish","4":"has-post-thumbnail","6":"product_brand-atcllor","7":"product_cat-cloro","8":"product_cat-piscinas","9":"product_tag-10kg","10":"product_tag-atcllor","11":"product_tag-cloro","12":"product_tag-g","13":"product_tag-genco","14":"product_tag-multi-3x1","16":"first","17":"outofstock","18":"sale","19":"shipping-taxable","20":"purchasable","21":"product-type-simple"},"yoast_head":"<!-- This site is optimized with the Yoast SEO plugin v27.2 - https:\/\/yoast.com\/product\/yoast-seo-wordpress\/ -->\n<title>CLORO G. MULTI 3x1 ATCLLOR 10kg - Agro D\u00e9l Itapira<\/title>\n<meta name=\"robots\" content=\"index, follow, max-snippet:-1, max-image-preview:large, max-video-preview:-1\" \/>\n<link rel=\"canonical\" href=\"https:\/\/www.agrodel.com.br\/index.php\/product\/cloro-g-multi-3x1-atcllor-10kg\/\" \/>\n<meta property=\"og:locale\" content=\"pt_BR\" \/>\n<meta property=\"og:type\" content=\"article\" \/>\n<meta property=\"og:title\" content=\"CLORO G. MULTI 3x1 ATCLLOR 10kg - Agro D\u00e9l Itapira\" \/>\n<meta property=\"og:description\" content=\"Cloro Para Piscina Org\u00e2nico Granulado Algicida, Clarificante e Decantador ATclloro 3 em 1 de 10Kg &#8211; Se voc\u00ea est\u00e1 em busca de uma solu\u00e7\u00e3o eficaz e pr\u00e1tica para o tratamento de \u00e1gua da sua piscina, ent\u00e3o o ATclloro 3 em 1 \u00e9 o produto que voc\u00ea precisa! &#8211; Uma solu\u00e7\u00e3o inovadora com exclusivo dicloro org\u00e2nico&hellip;&nbsp;Continue a ler &raquo;CLORO G. MULTI 3&#215;1 ATCLLOR 10kg\" \/>\n<meta property=\"og:url\" content=\"https:\/\/www.agrodel.com.br\/index.php\/product\/cloro-g-multi-3x1-atcllor-10kg\/\" \/>\n<meta property=\"og:site_name\" content=\"Agro D\u00e9l Itapira\" \/>\n<meta property=\"article:modified_time\" content=\"2026-03-17T11:25:52+00:00\" \/>\n<meta property=\"og:image\" content=\"https:\/\/www.agrodel.com.br\/wp-content\/uploads\/2026\/02\/cloro_g_multi_3x1_atcllor_525_1_b8bb982343491a24f25df580179cd82b.jpg\" \/>\n\t<meta property=\"og:image:width\" content=\"1200\" \/>\n\t<meta property=\"og:image:height\" content=\"1200\" \/>\n\t<meta property=\"og:image:type\" content=\"image\/jpeg\" \/>\n<meta name=\"twitter:card\" content=\"summary_large_image\" \/>\n<meta name=\"twitter:label1\" content=\"Est. tempo de leitura\" \/>\n\t<meta name=\"twitter:data1\" content=\"3 minutos\" \/>\n<script type=\"application\/ld+json\" class=\"yoast-schema-graph\">{\"@context\":\"https:\/\/schema.org\",\"@graph\":[{\"@type\":\"WebPage\",\"@id\":\"https:\/\/www.agrodel.com.br\/index.php\/product\/cloro-g-multi-3x1-atcllor-10kg\/\",\"url\":\"https:\/\/www.agrodel.com.br\/index.php\/product\/cloro-g-multi-3x1-atcllor-10kg\/\",\"name\":\"CLORO G. MULTI 3x1 ATCLLOR 10kg - Agro D\u00e9l Itapira\",\"isPartOf\":{\"@id\":\"https:\/\/www.agrodel.com.br\/#website\"},\"primaryImageOfPage\":{\"@id\":\"https:\/\/www.agrodel.com.br\/index.php\/product\/cloro-g-multi-3x1-atcllor-10kg\/#primaryimage\"},\"image\":{\"@id\":\"https:\/\/www.agrodel.com.br\/index.php\/product\/cloro-g-multi-3x1-atcllor-10kg\/#primaryimage\"},\"thumbnailUrl\":\"https:\/\/www.agrodel.com.br\/wp-content\/uploads\/2026\/02\/cloro_g_multi_3x1_atcllor_525_1_b8bb982343491a24f25df580179cd82b.jpg\",\"datePublished\":\"2026-02-27T17:22:35+00:00\",\"dateModified\":\"2026-03-17T11:25:52+00:00\",\"breadcrumb\":{\"@id\":\"https:\/\/www.agrodel.com.br\/index.php\/product\/cloro-g-multi-3x1-atcllor-10kg\/#breadcrumb\"},\"inLanguage\":\"pt-BR\",\"potentialAction\":[{\"@type\":\"ReadAction\",\"target\":[\"https:\/\/www.agrodel.com.br\/index.php\/product\/cloro-g-multi-3x1-atcllor-10kg\/\"]}]},{\"@type\":\"ImageObject\",\"inLanguage\":\"pt-BR\",\"@id\":\"https:\/\/www.agrodel.com.br\/index.php\/product\/cloro-g-multi-3x1-atcllor-10kg\/#primaryimage\",\"url\":\"https:\/\/www.agrodel.com.br\/wp-content\/uploads\/2026\/02\/cloro_g_multi_3x1_atcllor_525_1_b8bb982343491a24f25df580179cd82b.jpg\",\"contentUrl\":\"https:\/\/www.agrodel.com.br\/wp-content\/uploads\/2026\/02\/cloro_g_multi_3x1_atcllor_525_1_b8bb982343491a24f25df580179cd82b.jpg\",\"width\":1200,\"height\":1200},{\"@type\":\"BreadcrumbList\",\"@id\":\"https:\/\/www.agrodel.com.br\/index.php\/product\/cloro-g-multi-3x1-atcllor-10kg\/#breadcrumb\",\"itemListElement\":[{\"@type\":\"ListItem\",\"position\":1,\"name\":\"Home\",\"item\":\"https:\/\/www.agrodel.com.br\/\"},{\"@type\":\"ListItem\",\"position\":2,\"name\":\"Loja\",\"item\":\"https:\/\/www.agrodel.com.br\/index.php\/loja\/\"},{\"@type\":\"ListItem\",\"position\":3,\"name\":\"CLORO G. MULTI 3&#215;1 ATCLLOR 10kg\"}]},{\"@type\":\"WebSite\",\"@id\":\"https:\/\/www.agrodel.com.br\/#website\",\"url\":\"https:\/\/www.agrodel.com.br\/\",\"name\":\"Agro D\u00e9l Itapira\",\"description\":\"A sua agropecu\u00e1ria amiga!\",\"publisher\":{\"@id\":\"https:\/\/www.agrodel.com.br\/#organization\"},\"potentialAction\":[{\"@type\":\"SearchAction\",\"target\":{\"@type\":\"EntryPoint\",\"urlTemplate\":\"https:\/\/www.agrodel.com.br\/?s={search_term_string}\"},\"query-input\":{\"@type\":\"PropertyValueSpecification\",\"valueRequired\":true,\"valueName\":\"search_term_string\"}}],\"inLanguage\":\"pt-BR\"},{\"@type\":\"Organization\",\"@id\":\"https:\/\/www.agrodel.com.br\/#organization\",\"name\":\"Agro D\u00e9l Itapira\",\"url\":\"https:\/\/www.agrodel.com.br\/\",\"logo\":{\"@type\":\"ImageObject\",\"inLanguage\":\"pt-BR\",\"@id\":\"https:\/\/www.agrodel.com.br\/#\/schema\/logo\/image\/\",\"url\":\"https:\/\/www.agrodel.com.br\/wp-content\/uploads\/2024\/10\/img-logo-agro-del-itapira.png\",\"contentUrl\":\"https:\/\/www.agrodel.com.br\/wp-content\/uploads\/2024\/10\/img-logo-agro-del-itapira.png\",\"width\":700,\"height\":336,\"caption\":\"Agro D\u00e9l Itapira\"},\"image\":{\"@id\":\"https:\/\/www.agrodel.com.br\/#\/schema\/logo\/image\/\"}}]}<\/script>\n<!-- \/ Yoast SEO plugin. -->","yoast_head_json":{"title":"CLORO G. MULTI 3x1 ATCLLOR 10kg - Agro D\u00e9l Itapira","robots":{"index":"index","follow":"follow","max-snippet":"max-snippet:-1","max-image-preview":"max-image-preview:large","max-video-preview":"max-video-preview:-1"},"canonical":"https:\/\/www.agrodel.com.br\/index.php\/product\/cloro-g-multi-3x1-atcllor-10kg\/","og_locale":"pt_BR","og_type":"article","og_title":"CLORO G. MULTI 3x1 ATCLLOR 10kg - Agro D\u00e9l Itapira","og_description":"Cloro Para Piscina Org\u00e2nico Granulado Algicida, Clarificante e Decantador ATclloro 3 em 1 de 10Kg &#8211; Se voc\u00ea est\u00e1 em busca de uma solu\u00e7\u00e3o eficaz e pr\u00e1tica para o tratamento de \u00e1gua da sua piscina, ent\u00e3o o ATclloro 3 em 1 \u00e9 o produto que voc\u00ea precisa! &#8211; Uma solu\u00e7\u00e3o inovadora com exclusivo dicloro org\u00e2nico&hellip;&nbsp;Continue a ler &raquo;CLORO G. MULTI 3&#215;1 ATCLLOR 10kg","og_url":"https:\/\/www.agrodel.com.br\/index.php\/product\/cloro-g-multi-3x1-atcllor-10kg\/","og_site_name":"Agro D\u00e9l Itapira","article_modified_time":"2026-03-17T11:25:52+00:00","og_image":[{"width":1200,"height":1200,"url":"https:\/\/www.agrodel.com.br\/wp-content\/uploads\/2026\/02\/cloro_g_multi_3x1_atcllor_525_1_b8bb982343491a24f25df580179cd82b.jpg","type":"image\/jpeg"}],"twitter_card":"summary_large_image","twitter_misc":{"Est. tempo de leitura":"3 minutos"},"schema":{"@context":"https:\/\/schema.org","@graph":[{"@type":"WebPage","@id":"https:\/\/www.agrodel.com.br\/index.php\/product\/cloro-g-multi-3x1-atcllor-10kg\/","url":"https:\/\/www.agrodel.com.br\/index.php\/product\/cloro-g-multi-3x1-atcllor-10kg\/","name":"CLORO G. MULTI 3x1 ATCLLOR 10kg - Agro D\u00e9l Itapira","isPartOf":{"@id":"https:\/\/www.agrodel.com.br\/#website"},"primaryImageOfPage":{"@id":"https:\/\/www.agrodel.com.br\/index.php\/product\/cloro-g-multi-3x1-atcllor-10kg\/#primaryimage"},"image":{"@id":"https:\/\/www.agrodel.com.br\/index.php\/product\/cloro-g-multi-3x1-atcllor-10kg\/#primaryimage"},"thumbnailUrl":"https:\/\/www.agrodel.com.br\/wp-content\/uploads\/2026\/02\/cloro_g_multi_3x1_atcllor_525_1_b8bb982343491a24f25df580179cd82b.jpg","datePublished":"2026-02-27T17:22:35+00:00","dateModified":"2026-03-17T11:25:52+00:00","breadcrumb":{"@id":"https:\/\/www.agrodel.com.br\/index.php\/product\/cloro-g-multi-3x1-atcllor-10kg\/#breadcrumb"},"inLanguage":"pt-BR","potentialAction":[{"@type":"ReadAction","target":["https:\/\/www.agrodel.com.br\/index.php\/product\/cloro-g-multi-3x1-atcllor-10kg\/"]}]},{"@type":"ImageObject","inLanguage":"pt-BR","@id":"https:\/\/www.agrodel.com.br\/index.php\/product\/cloro-g-multi-3x1-atcllor-10kg\/#primaryimage","url":"https:\/\/www.agrodel.com.br\/wp-content\/uploads\/2026\/02\/cloro_g_multi_3x1_atcllor_525_1_b8bb982343491a24f25df580179cd82b.jpg","contentUrl":"https:\/\/www.agrodel.com.br\/wp-content\/uploads\/2026\/02\/cloro_g_multi_3x1_atcllor_525_1_b8bb982343491a24f25df580179cd82b.jpg","width":1200,"height":1200},{"@type":"BreadcrumbList","@id":"https:\/\/www.agrodel.com.br\/index.php\/product\/cloro-g-multi-3x1-atcllor-10kg\/#breadcrumb","itemListElement":[{"@type":"ListItem","position":1,"name":"Home","item":"https:\/\/www.agrodel.com.br\/"},{"@type":"ListItem","position":2,"name":"Loja","item":"https:\/\/www.agrodel.com.br\/index.php\/loja\/"},{"@type":"ListItem","position":3,"name":"CLORO G. MULTI 3&#215;1 ATCLLOR 10kg"}]},{"@type":"WebSite","@id":"https:\/\/www.agrodel.com.br\/#website","url":"https:\/\/www.agrodel.com.br\/","name":"Agro D\u00e9l Itapira","description":"A sua agropecu\u00e1ria amiga!","publisher":{"@id":"https:\/\/www.agrodel.com.br\/#organization"},"potentialAction":[{"@type":"SearchAction","target":{"@type":"EntryPoint","urlTemplate":"https:\/\/www.agrodel.com.br\/?s={search_term_string}"},"query-input":{"@type":"PropertyValueSpecification","valueRequired":true,"valueName":"search_term_string"}}],"inLanguage":"pt-BR"},{"@type":"Organization","@id":"https:\/\/www.agrodel.com.br\/#organization","name":"Agro D\u00e9l Itapira","url":"https:\/\/www.agrodel.com.br\/","logo":{"@type":"ImageObject","inLanguage":"pt-BR","@id":"https:\/\/www.agrodel.com.br\/#\/schema\/logo\/image\/","url":"https:\/\/www.agrodel.com.br\/wp-content\/uploads\/2024\/10\/img-logo-agro-del-itapira.png","contentUrl":"https:\/\/www.agrodel.com.br\/wp-content\/uploads\/2024\/10\/img-logo-agro-del-itapira.png","width":700,"height":336,"caption":"Agro D\u00e9l Itapira"},"image":{"@id":"https:\/\/www.agrodel.com.br\/#\/schema\/logo\/image\/"}}]}},"_links":{"self":[{"href":"https:\/\/www.agrodel.com.br\/index.php\/wp-json\/wp\/v2\/product\/1658","targetHints":{"allow":["GET"]}}],"collection":[{"href":"https:\/\/www.agrodel.com.br\/index.php\/wp-json\/wp\/v2\/product"}],"about":[{"href":"https:\/\/www.agrodel.com.br\/index.php\/wp-json\/wp\/v2\/types\/product"}],"replies":[{"embeddable":true,"href":"https:\/\/www.agrodel.com.br\/index.php\/wp-json\/wp\/v2\/comments?post=1658"}],"wp:featuredmedia":[{"embeddable":true,"href":"https:\/\/www.agrodel.com.br\/index.php\/wp-json\/wp\/v2\/media\/1661"}],"wp:attachment":[{"href":"https:\/\/www.agrodel.com.br\/index.php\/wp-json\/wp\/v2\/media?parent=1658"}],"wp:term":[{"taxonomy":"product_brand","embeddable":true,"href":"https:\/\/www.agrodel.com.br\/index.php\/wp-json\/wp\/v2\/product_brand?post=1658"},{"taxonomy":"product_cat","embeddable":true,"href":"https:\/\/www.agrodel.com.br\/index.php\/wp-json\/wp\/v2\/product_cat?post=1658"},{"taxonomy":"product_tag","embeddable":true,"href":"https:\/\/www.agrodel.com.br\/index.php\/wp-json\/wp\/v2\/product_tag?post=1658"}],"curies":[{"name":"wp","href":"https:\/\/api.w.org\/{rel}","templated":true}]}}