{"id":1663,"date":"2026-02-27T14:22:35","date_gmt":"2026-02-27T17:22:35","guid":{"rendered":"https:\/\/www.agrodel.com.br\/?post_type=product&#038;p=1663"},"modified":"2026-02-27T14:22:35","modified_gmt":"2026-02-27T17:22:35","slug":"cloro-genco-l-e-3x1-10kg","status":"publish","type":"product","link":"https:\/\/www.agrodel.com.br\/index.php\/product\/cloro-genco-l-e-3x1-10kg\/","title":{"rendered":"CLORO GENCO L.E 3X1 10KG"},"content":{"rendered":"<p>Desenvolvido especialmente para quem procura praticidade aliada \u00e0 qualidade, pois \u00e9 um poderoso agente desinfetante para \u00e1gua de piscinas (cloro com estabilizante), clarificante, algicida e algist\u00e1tico. Indicado para piscinas residenciais.<\/p>\n<p>Sua f\u00f3rmula 3 em 1 conta com:<\/p>\n<p>Cloro estabilizado &#8211; elimina microorganismos causadores de doen\u00e7as presentes na \u00e1gua, antes que infectem os usu\u00e1rios ou se multipliquem. Por ser estabilizado (possui prote\u00e7\u00e3o contra os raios UV) dura mais na agua da piscina.<\/p>\n<p>Clarificante &#8211; mant\u00e9m a \u00e1gua da piscina cristalina e aumenta o desempenho do filtro de areia.<\/p>\n<p>Algicida e Algist\u00e1tico &#8211; elimina e previne o surgimento de algas.<\/p>\n","protected":false},"excerpt":{"rendered":"<p>Desenvolvido especialmente para quem procura praticidade aliada \u00e0 qualidade, pois \u00e9 um poderoso agente desinfetante para \u00e1gua de piscinas (cloro com estabilizante), clarificante, algicida e algist\u00e1tico. Indicado para piscinas residenciais. Sua f\u00f3rmula 3 em 1 conta com: Cloro estabilizado &#8211; elimina microorganismos causadores de doen\u00e7as presentes na \u00e1gua, antes que infectem os usu\u00e1rios ou se&hellip;&nbsp;<a href=\"https:\/\/www.agrodel.com.br\/index.php\/product\/cloro-genco-l-e-3x1-10kg\/\" rel=\"bookmark\">Continue a ler &raquo;<span class=\"screen-reader-text\">CLORO GENCO L.E 3X1 10KG<\/span><\/a><\/p>\n","protected":false},"featured_media":1664,"comment_status":"open","ping_status":"closed","template":"","meta":{"neve_meta_sidebar":"","neve_meta_container":"","neve_meta_enable_content_width":"off","neve_meta_content_width":100,"neve_meta_title_alignment":"","neve_meta_author_avatar":"","neve_post_elements_order":"","neve_meta_disable_header":"","neve_meta_disable_footer":"","neve_meta_disable_title":""},"product_brand":[104],"product_cat":[80,79],"product_tag":[58,84,81,85,86],"class_list":{"0":"post-1663","1":"product","2":"type-product","3":"status-publish","4":"has-post-thumbnail","6":"product_brand-genco","7":"product_cat-cloro","8":"product_cat-piscinas","9":"product_tag-10kg","10":"product_tag-atcllor","11":"product_tag-cloro","12":"product_tag-genco","13":"product_tag-l-e-3x1","15":"first","16":"instock","17":"sale","18":"shipping-taxable","19":"purchasable","20":"product-type-simple"},"yoast_head":"<!-- This site is optimized with the Yoast SEO plugin v27.2 - https:\/\/yoast.com\/product\/yoast-seo-wordpress\/ -->\n<title>CLORO GENCO L.E 3X1 10KG - Agro D\u00e9l Itapira<\/title>\n<meta name=\"robots\" content=\"index, follow, max-snippet:-1, max-image-preview:large, max-video-preview:-1\" \/>\n<link rel=\"canonical\" href=\"https:\/\/www.agrodel.com.br\/index.php\/product\/cloro-genco-l-e-3x1-10kg\/\" \/>\n<meta property=\"og:locale\" content=\"pt_BR\" \/>\n<meta property=\"og:type\" content=\"article\" \/>\n<meta property=\"og:title\" content=\"CLORO GENCO L.E 3X1 10KG - Agro D\u00e9l Itapira\" \/>\n<meta property=\"og:description\" content=\"Desenvolvido especialmente para quem procura praticidade aliada \u00e0 qualidade, pois \u00e9 um poderoso agente desinfetante para \u00e1gua de piscinas (cloro com estabilizante), clarificante, algicida e algist\u00e1tico. Indicado para piscinas residenciais. Sua f\u00f3rmula 3 em 1 conta com: Cloro estabilizado &#8211; elimina microorganismos causadores de doen\u00e7as presentes na \u00e1gua, antes que infectem os usu\u00e1rios ou se&hellip;&nbsp;Continue a ler &raquo;CLORO GENCO L.E 3X1 10KG\" \/>\n<meta property=\"og:url\" content=\"https:\/\/www.agrodel.com.br\/index.php\/product\/cloro-genco-l-e-3x1-10kg\/\" \/>\n<meta property=\"og:site_name\" content=\"Agro D\u00e9l Itapira\" \/>\n<meta property=\"og:image\" content=\"https:\/\/www.agrodel.com.br\/wp-content\/uploads\/2026\/02\/61cvWTsDRkL._AC_SL1085_.jpg\" \/>\n\t<meta property=\"og:image:width\" content=\"836\" \/>\n\t<meta property=\"og:image:height\" content=\"926\" \/>\n\t<meta property=\"og:image:type\" content=\"image\/jpeg\" \/>\n<meta name=\"twitter:card\" content=\"summary_large_image\" \/>\n<meta name=\"twitter:label1\" content=\"Est. tempo de leitura\" \/>\n\t<meta name=\"twitter:data1\" content=\"1 minuto\" \/>\n<script type=\"application\/ld+json\" class=\"yoast-schema-graph\">{\"@context\":\"https:\/\/schema.org\",\"@graph\":[{\"@type\":\"WebPage\",\"@id\":\"https:\/\/www.agrodel.com.br\/index.php\/product\/cloro-genco-l-e-3x1-10kg\/\",\"url\":\"https:\/\/www.agrodel.com.br\/index.php\/product\/cloro-genco-l-e-3x1-10kg\/\",\"name\":\"CLORO GENCO L.E 3X1 10KG - Agro D\u00e9l Itapira\",\"isPartOf\":{\"@id\":\"https:\/\/www.agrodel.com.br\/#website\"},\"primaryImageOfPage\":{\"@id\":\"https:\/\/www.agrodel.com.br\/index.php\/product\/cloro-genco-l-e-3x1-10kg\/#primaryimage\"},\"image\":{\"@id\":\"https:\/\/www.agrodel.com.br\/index.php\/product\/cloro-genco-l-e-3x1-10kg\/#primaryimage\"},\"thumbnailUrl\":\"https:\/\/www.agrodel.com.br\/wp-content\/uploads\/2026\/02\/61cvWTsDRkL._AC_SL1085_.jpg\",\"datePublished\":\"2026-02-27T17:22:35+00:00\",\"breadcrumb\":{\"@id\":\"https:\/\/www.agrodel.com.br\/index.php\/product\/cloro-genco-l-e-3x1-10kg\/#breadcrumb\"},\"inLanguage\":\"pt-BR\",\"potentialAction\":[{\"@type\":\"ReadAction\",\"target\":[\"https:\/\/www.agrodel.com.br\/index.php\/product\/cloro-genco-l-e-3x1-10kg\/\"]}]},{\"@type\":\"ImageObject\",\"inLanguage\":\"pt-BR\",\"@id\":\"https:\/\/www.agrodel.com.br\/index.php\/product\/cloro-genco-l-e-3x1-10kg\/#primaryimage\",\"url\":\"https:\/\/www.agrodel.com.br\/wp-content\/uploads\/2026\/02\/61cvWTsDRkL._AC_SL1085_.jpg\",\"contentUrl\":\"https:\/\/www.agrodel.com.br\/wp-content\/uploads\/2026\/02\/61cvWTsDRkL._AC_SL1085_.jpg\",\"width\":836,\"height\":926},{\"@type\":\"BreadcrumbList\",\"@id\":\"https:\/\/www.agrodel.com.br\/index.php\/product\/cloro-genco-l-e-3x1-10kg\/#breadcrumb\",\"itemListElement\":[{\"@type\":\"ListItem\",\"position\":1,\"name\":\"Home\",\"item\":\"https:\/\/www.agrodel.com.br\/\"},{\"@type\":\"ListItem\",\"position\":2,\"name\":\"Loja\",\"item\":\"https:\/\/www.agrodel.com.br\/index.php\/loja\/\"},{\"@type\":\"ListItem\",\"position\":3,\"name\":\"CLORO GENCO L.E 3X1 10KG\"}]},{\"@type\":\"WebSite\",\"@id\":\"https:\/\/www.agrodel.com.br\/#website\",\"url\":\"https:\/\/www.agrodel.com.br\/\",\"name\":\"Agro D\u00e9l Itapira\",\"description\":\"A sua agropecu\u00e1ria amiga!\",\"publisher\":{\"@id\":\"https:\/\/www.agrodel.com.br\/#organization\"},\"potentialAction\":[{\"@type\":\"SearchAction\",\"target\":{\"@type\":\"EntryPoint\",\"urlTemplate\":\"https:\/\/www.agrodel.com.br\/?s={search_term_string}\"},\"query-input\":{\"@type\":\"PropertyValueSpecification\",\"valueRequired\":true,\"valueName\":\"search_term_string\"}}],\"inLanguage\":\"pt-BR\"},{\"@type\":\"Organization\",\"@id\":\"https:\/\/www.agrodel.com.br\/#organization\",\"name\":\"Agro D\u00e9l Itapira\",\"url\":\"https:\/\/www.agrodel.com.br\/\",\"logo\":{\"@type\":\"ImageObject\",\"inLanguage\":\"pt-BR\",\"@id\":\"https:\/\/www.agrodel.com.br\/#\/schema\/logo\/image\/\",\"url\":\"https:\/\/www.agrodel.com.br\/wp-content\/uploads\/2024\/10\/img-logo-agro-del-itapira.png\",\"contentUrl\":\"https:\/\/www.agrodel.com.br\/wp-content\/uploads\/2024\/10\/img-logo-agro-del-itapira.png\",\"width\":700,\"height\":336,\"caption\":\"Agro D\u00e9l Itapira\"},\"image\":{\"@id\":\"https:\/\/www.agrodel.com.br\/#\/schema\/logo\/image\/\"}}]}<\/script>\n<!-- \/ Yoast SEO plugin. -->","yoast_head_json":{"title":"CLORO GENCO L.E 3X1 10KG - Agro D\u00e9l Itapira","robots":{"index":"index","follow":"follow","max-snippet":"max-snippet:-1","max-image-preview":"max-image-preview:large","max-video-preview":"max-video-preview:-1"},"canonical":"https:\/\/www.agrodel.com.br\/index.php\/product\/cloro-genco-l-e-3x1-10kg\/","og_locale":"pt_BR","og_type":"article","og_title":"CLORO GENCO L.E 3X1 10KG - Agro D\u00e9l Itapira","og_description":"Desenvolvido especialmente para quem procura praticidade aliada \u00e0 qualidade, pois \u00e9 um poderoso agente desinfetante para \u00e1gua de piscinas (cloro com estabilizante), clarificante, algicida e algist\u00e1tico. Indicado para piscinas residenciais. Sua f\u00f3rmula 3 em 1 conta com: Cloro estabilizado &#8211; elimina microorganismos causadores de doen\u00e7as presentes na \u00e1gua, antes que infectem os usu\u00e1rios ou se&hellip;&nbsp;Continue a ler &raquo;CLORO GENCO L.E 3X1 10KG","og_url":"https:\/\/www.agrodel.com.br\/index.php\/product\/cloro-genco-l-e-3x1-10kg\/","og_site_name":"Agro D\u00e9l Itapira","og_image":[{"width":836,"height":926,"url":"https:\/\/www.agrodel.com.br\/wp-content\/uploads\/2026\/02\/61cvWTsDRkL._AC_SL1085_.jpg","type":"image\/jpeg"}],"twitter_card":"summary_large_image","twitter_misc":{"Est. tempo de leitura":"1 minuto"},"schema":{"@context":"https:\/\/schema.org","@graph":[{"@type":"WebPage","@id":"https:\/\/www.agrodel.com.br\/index.php\/product\/cloro-genco-l-e-3x1-10kg\/","url":"https:\/\/www.agrodel.com.br\/index.php\/product\/cloro-genco-l-e-3x1-10kg\/","name":"CLORO GENCO L.E 3X1 10KG - Agro D\u00e9l Itapira","isPartOf":{"@id":"https:\/\/www.agrodel.com.br\/#website"},"primaryImageOfPage":{"@id":"https:\/\/www.agrodel.com.br\/index.php\/product\/cloro-genco-l-e-3x1-10kg\/#primaryimage"},"image":{"@id":"https:\/\/www.agrodel.com.br\/index.php\/product\/cloro-genco-l-e-3x1-10kg\/#primaryimage"},"thumbnailUrl":"https:\/\/www.agrodel.com.br\/wp-content\/uploads\/2026\/02\/61cvWTsDRkL._AC_SL1085_.jpg","datePublished":"2026-02-27T17:22:35+00:00","breadcrumb":{"@id":"https:\/\/www.agrodel.com.br\/index.php\/product\/cloro-genco-l-e-3x1-10kg\/#breadcrumb"},"inLanguage":"pt-BR","potentialAction":[{"@type":"ReadAction","target":["https:\/\/www.agrodel.com.br\/index.php\/product\/cloro-genco-l-e-3x1-10kg\/"]}]},{"@type":"ImageObject","inLanguage":"pt-BR","@id":"https:\/\/www.agrodel.com.br\/index.php\/product\/cloro-genco-l-e-3x1-10kg\/#primaryimage","url":"https:\/\/www.agrodel.com.br\/wp-content\/uploads\/2026\/02\/61cvWTsDRkL._AC_SL1085_.jpg","contentUrl":"https:\/\/www.agrodel.com.br\/wp-content\/uploads\/2026\/02\/61cvWTsDRkL._AC_SL1085_.jpg","width":836,"height":926},{"@type":"BreadcrumbList","@id":"https:\/\/www.agrodel.com.br\/index.php\/product\/cloro-genco-l-e-3x1-10kg\/#breadcrumb","itemListElement":[{"@type":"ListItem","position":1,"name":"Home","item":"https:\/\/www.agrodel.com.br\/"},{"@type":"ListItem","position":2,"name":"Loja","item":"https:\/\/www.agrodel.com.br\/index.php\/loja\/"},{"@type":"ListItem","position":3,"name":"CLORO GENCO L.E 3X1 10KG"}]},{"@type":"WebSite","@id":"https:\/\/www.agrodel.com.br\/#website","url":"https:\/\/www.agrodel.com.br\/","name":"Agro D\u00e9l Itapira","description":"A sua agropecu\u00e1ria amiga!","publisher":{"@id":"https:\/\/www.agrodel.com.br\/#organization"},"potentialAction":[{"@type":"SearchAction","target":{"@type":"EntryPoint","urlTemplate":"https:\/\/www.agrodel.com.br\/?s={search_term_string}"},"query-input":{"@type":"PropertyValueSpecification","valueRequired":true,"valueName":"search_term_string"}}],"inLanguage":"pt-BR"},{"@type":"Organization","@id":"https:\/\/www.agrodel.com.br\/#organization","name":"Agro D\u00e9l Itapira","url":"https:\/\/www.agrodel.com.br\/","logo":{"@type":"ImageObject","inLanguage":"pt-BR","@id":"https:\/\/www.agrodel.com.br\/#\/schema\/logo\/image\/","url":"https:\/\/www.agrodel.com.br\/wp-content\/uploads\/2024\/10\/img-logo-agro-del-itapira.png","contentUrl":"https:\/\/www.agrodel.com.br\/wp-content\/uploads\/2024\/10\/img-logo-agro-del-itapira.png","width":700,"height":336,"caption":"Agro D\u00e9l Itapira"},"image":{"@id":"https:\/\/www.agrodel.com.br\/#\/schema\/logo\/image\/"}}]}},"_links":{"self":[{"href":"https:\/\/www.agrodel.com.br\/index.php\/wp-json\/wp\/v2\/product\/1663","targetHints":{"allow":["GET"]}}],"collection":[{"href":"https:\/\/www.agrodel.com.br\/index.php\/wp-json\/wp\/v2\/product"}],"about":[{"href":"https:\/\/www.agrodel.com.br\/index.php\/wp-json\/wp\/v2\/types\/product"}],"replies":[{"embeddable":true,"href":"https:\/\/www.agrodel.com.br\/index.php\/wp-json\/wp\/v2\/comments?post=1663"}],"wp:featuredmedia":[{"embeddable":true,"href":"https:\/\/www.agrodel.com.br\/index.php\/wp-json\/wp\/v2\/media\/1664"}],"wp:attachment":[{"href":"https:\/\/www.agrodel.com.br\/index.php\/wp-json\/wp\/v2\/media?parent=1663"}],"wp:term":[{"taxonomy":"product_brand","embeddable":true,"href":"https:\/\/www.agrodel.com.br\/index.php\/wp-json\/wp\/v2\/product_brand?post=1663"},{"taxonomy":"product_cat","embeddable":true,"href":"https:\/\/www.agrodel.com.br\/index.php\/wp-json\/wp\/v2\/product_cat?post=1663"},{"taxonomy":"product_tag","embeddable":true,"href":"https:\/\/www.agrodel.com.br\/index.php\/wp-json\/wp\/v2\/product_tag?post=1663"}],"curies":[{"name":"wp","href":"https:\/\/api.w.org\/{rel}","templated":true}]}}