{"id":1671,"date":"2026-02-27T14:22:34","date_gmt":"2026-02-27T17:22:34","guid":{"rendered":"https:\/\/www.agrodel.com.br\/?post_type=product&#038;p=1671"},"modified":"2026-02-27T14:22:34","modified_gmt":"2026-02-27T17:22:34","slug":"bifinho-petiscao-para-caes-adultos-sabor-carne-tablete-60g","status":"publish","type":"product","link":"https:\/\/www.agrodel.com.br\/index.php\/product\/bifinho-petiscao-para-caes-adultos-sabor-carne-tablete-60g\/","title":{"rendered":"BIFINHO TABLETE PETISC\u00c3O PARA C\u00c3ES SABOR CARNE 60G"},"content":{"rendered":"<p>Bifinho de carne em formato de ossinho Petisc\u00e3o 60g Mais que um petisco, um gesto de carinho, Bifinho Mastig\u00e1vel Petisc\u00e3o Sabor Carne pode ser oferecido como agrado ou recompensa, traduzindo em sabor o grande amor pelo seu melhor amigo.<\/p>\n<p>BENEF\u00cdCIOS:<\/p>\n<p>&#8211; Muito saboroso.<\/p>\n<p>&#8211; \u00d3timo como recompensa para adestramento.<\/p>\n<p>&#8211; Bifinho suculento e macio, facilitando a ingest\u00e3o pelo seu pet.<\/p>\n<p>&#8211; Adequado para c\u00e3es de TODOS os portes!<\/p>\n","protected":false},"excerpt":{"rendered":"<p>Bifinho de carne em formato de ossinho Petisc\u00e3o 60g Mais que um petisco, um gesto de carinho, Bifinho Mastig\u00e1vel Petisc\u00e3o Sabor Carne pode ser oferecido como agrado ou recompensa, traduzindo em sabor o grande amor pelo seu melhor amigo. BENEF\u00cdCIOS: &#8211; Muito saboroso. &#8211; \u00d3timo como recompensa para adestramento. &#8211; Bifinho suculento e macio, facilitando&hellip;&nbsp;<a href=\"https:\/\/www.agrodel.com.br\/index.php\/product\/bifinho-petiscao-para-caes-adultos-sabor-carne-tablete-60g\/\" rel=\"bookmark\">Continue a ler &raquo;<span class=\"screen-reader-text\">BIFINHO TABLETE PETISC\u00c3O PARA C\u00c3ES SABOR CARNE 60G<\/span><\/a><\/p>\n","protected":false},"featured_media":1672,"comment_status":"open","ping_status":"closed","template":"","meta":{"neve_meta_sidebar":"","neve_meta_container":"","neve_meta_enable_content_width":"off","neve_meta_content_width":100,"neve_meta_title_alignment":"","neve_meta_author_avatar":"","neve_post_elements_order":"","neve_meta_disable_header":"","neve_meta_disable_footer":"","neve_meta_disable_title":""},"product_brand":[105],"product_cat":[22,45],"product_tag":[78,87,89,91,88,90],"class_list":{"0":"post-1671","1":"product","2":"type-product","3":"status-publish","4":"has-post-thumbnail","6":"product_brand-petiscao","7":"product_cat-caes","8":"product_cat-petisco","9":"product_tag-1kg","10":"product_tag-bifinho","11":"product_tag-caes-adultos","12":"product_tag-ossinho","13":"product_tag-petiscao","14":"product_tag-sabor-carne","16":"first","17":"instock","18":"sale","19":"shipping-taxable","20":"purchasable","21":"product-type-simple"},"yoast_head":"<!-- This site is optimized with the Yoast SEO plugin v27.2 - https:\/\/yoast.com\/product\/yoast-seo-wordpress\/ -->\n<title>BIFINHO TABLETE PETISC\u00c3O PARA C\u00c3ES SABOR CARNE 60G - Agro D\u00e9l Itapira<\/title>\n<meta name=\"robots\" content=\"index, follow, max-snippet:-1, max-image-preview:large, max-video-preview:-1\" \/>\n<link rel=\"canonical\" href=\"https:\/\/www.agrodel.com.br\/index.php\/product\/bifinho-petiscao-para-caes-adultos-sabor-carne-tablete-60g\/\" \/>\n<meta property=\"og:locale\" content=\"pt_BR\" \/>\n<meta property=\"og:type\" content=\"article\" \/>\n<meta property=\"og:title\" content=\"BIFINHO TABLETE PETISC\u00c3O PARA C\u00c3ES SABOR CARNE 60G - Agro D\u00e9l Itapira\" \/>\n<meta property=\"og:description\" content=\"Bifinho de carne em formato de ossinho Petisc\u00e3o 60g Mais que um petisco, um gesto de carinho, Bifinho Mastig\u00e1vel Petisc\u00e3o Sabor Carne pode ser oferecido como agrado ou recompensa, traduzindo em sabor o grande amor pelo seu melhor amigo. BENEF\u00cdCIOS: &#8211; Muito saboroso. &#8211; \u00d3timo como recompensa para adestramento. &#8211; Bifinho suculento e macio, facilitando&hellip;&nbsp;Continue a ler &raquo;BIFINHO TABLETE PETISC\u00c3O PARA C\u00c3ES SABOR CARNE 60G\" \/>\n<meta property=\"og:url\" content=\"https:\/\/www.agrodel.com.br\/index.php\/product\/bifinho-petiscao-para-caes-adultos-sabor-carne-tablete-60g\/\" \/>\n<meta property=\"og:site_name\" content=\"Agro D\u00e9l Itapira\" \/>\n<meta property=\"og:image\" content=\"https:\/\/www.agrodel.com.br\/wp-content\/uploads\/2026\/02\/Tratada_0090_2729779_7898396117807_1.jpg\" \/>\n\t<meta property=\"og:image:width\" content=\"400\" \/>\n\t<meta property=\"og:image:height\" content=\"400\" \/>\n\t<meta property=\"og:image:type\" content=\"image\/jpeg\" \/>\n<meta name=\"twitter:card\" content=\"summary_large_image\" \/>\n<meta name=\"twitter:label1\" content=\"Est. tempo de leitura\" \/>\n\t<meta name=\"twitter:data1\" content=\"1 minuto\" \/>\n<script type=\"application\/ld+json\" class=\"yoast-schema-graph\">{\"@context\":\"https:\/\/schema.org\",\"@graph\":[{\"@type\":\"WebPage\",\"@id\":\"https:\/\/www.agrodel.com.br\/index.php\/product\/bifinho-petiscao-para-caes-adultos-sabor-carne-tablete-60g\/\",\"url\":\"https:\/\/www.agrodel.com.br\/index.php\/product\/bifinho-petiscao-para-caes-adultos-sabor-carne-tablete-60g\/\",\"name\":\"BIFINHO TABLETE PETISC\u00c3O PARA C\u00c3ES SABOR CARNE 60G - Agro D\u00e9l Itapira\",\"isPartOf\":{\"@id\":\"https:\/\/www.agrodel.com.br\/#website\"},\"primaryImageOfPage\":{\"@id\":\"https:\/\/www.agrodel.com.br\/index.php\/product\/bifinho-petiscao-para-caes-adultos-sabor-carne-tablete-60g\/#primaryimage\"},\"image\":{\"@id\":\"https:\/\/www.agrodel.com.br\/index.php\/product\/bifinho-petiscao-para-caes-adultos-sabor-carne-tablete-60g\/#primaryimage\"},\"thumbnailUrl\":\"https:\/\/www.agrodel.com.br\/wp-content\/uploads\/2026\/02\/Tratada_0090_2729779_7898396117807_1.jpg\",\"datePublished\":\"2026-02-27T17:22:34+00:00\",\"breadcrumb\":{\"@id\":\"https:\/\/www.agrodel.com.br\/index.php\/product\/bifinho-petiscao-para-caes-adultos-sabor-carne-tablete-60g\/#breadcrumb\"},\"inLanguage\":\"pt-BR\",\"potentialAction\":[{\"@type\":\"ReadAction\",\"target\":[\"https:\/\/www.agrodel.com.br\/index.php\/product\/bifinho-petiscao-para-caes-adultos-sabor-carne-tablete-60g\/\"]}]},{\"@type\":\"ImageObject\",\"inLanguage\":\"pt-BR\",\"@id\":\"https:\/\/www.agrodel.com.br\/index.php\/product\/bifinho-petiscao-para-caes-adultos-sabor-carne-tablete-60g\/#primaryimage\",\"url\":\"https:\/\/www.agrodel.com.br\/wp-content\/uploads\/2026\/02\/Tratada_0090_2729779_7898396117807_1.jpg\",\"contentUrl\":\"https:\/\/www.agrodel.com.br\/wp-content\/uploads\/2026\/02\/Tratada_0090_2729779_7898396117807_1.jpg\",\"width\":400,\"height\":400},{\"@type\":\"BreadcrumbList\",\"@id\":\"https:\/\/www.agrodel.com.br\/index.php\/product\/bifinho-petiscao-para-caes-adultos-sabor-carne-tablete-60g\/#breadcrumb\",\"itemListElement\":[{\"@type\":\"ListItem\",\"position\":1,\"name\":\"Home\",\"item\":\"https:\/\/www.agrodel.com.br\/\"},{\"@type\":\"ListItem\",\"position\":2,\"name\":\"Loja\",\"item\":\"https:\/\/www.agrodel.com.br\/index.php\/loja\/\"},{\"@type\":\"ListItem\",\"position\":3,\"name\":\"BIFINHO TABLETE PETISC\u00c3O PARA C\u00c3ES SABOR CARNE 60G\"}]},{\"@type\":\"WebSite\",\"@id\":\"https:\/\/www.agrodel.com.br\/#website\",\"url\":\"https:\/\/www.agrodel.com.br\/\",\"name\":\"Agro D\u00e9l Itapira\",\"description\":\"A sua agropecu\u00e1ria amiga!\",\"publisher\":{\"@id\":\"https:\/\/www.agrodel.com.br\/#organization\"},\"potentialAction\":[{\"@type\":\"SearchAction\",\"target\":{\"@type\":\"EntryPoint\",\"urlTemplate\":\"https:\/\/www.agrodel.com.br\/?s={search_term_string}\"},\"query-input\":{\"@type\":\"PropertyValueSpecification\",\"valueRequired\":true,\"valueName\":\"search_term_string\"}}],\"inLanguage\":\"pt-BR\"},{\"@type\":\"Organization\",\"@id\":\"https:\/\/www.agrodel.com.br\/#organization\",\"name\":\"Agro D\u00e9l Itapira\",\"url\":\"https:\/\/www.agrodel.com.br\/\",\"logo\":{\"@type\":\"ImageObject\",\"inLanguage\":\"pt-BR\",\"@id\":\"https:\/\/www.agrodel.com.br\/#\/schema\/logo\/image\/\",\"url\":\"https:\/\/www.agrodel.com.br\/wp-content\/uploads\/2024\/10\/img-logo-agro-del-itapira.png\",\"contentUrl\":\"https:\/\/www.agrodel.com.br\/wp-content\/uploads\/2024\/10\/img-logo-agro-del-itapira.png\",\"width\":700,\"height\":336,\"caption\":\"Agro D\u00e9l Itapira\"},\"image\":{\"@id\":\"https:\/\/www.agrodel.com.br\/#\/schema\/logo\/image\/\"}}]}<\/script>\n<!-- \/ Yoast SEO plugin. -->","yoast_head_json":{"title":"BIFINHO TABLETE PETISC\u00c3O PARA C\u00c3ES SABOR CARNE 60G - Agro D\u00e9l Itapira","robots":{"index":"index","follow":"follow","max-snippet":"max-snippet:-1","max-image-preview":"max-image-preview:large","max-video-preview":"max-video-preview:-1"},"canonical":"https:\/\/www.agrodel.com.br\/index.php\/product\/bifinho-petiscao-para-caes-adultos-sabor-carne-tablete-60g\/","og_locale":"pt_BR","og_type":"article","og_title":"BIFINHO TABLETE PETISC\u00c3O PARA C\u00c3ES SABOR CARNE 60G - Agro D\u00e9l Itapira","og_description":"Bifinho de carne em formato de ossinho Petisc\u00e3o 60g Mais que um petisco, um gesto de carinho, Bifinho Mastig\u00e1vel Petisc\u00e3o Sabor Carne pode ser oferecido como agrado ou recompensa, traduzindo em sabor o grande amor pelo seu melhor amigo. BENEF\u00cdCIOS: &#8211; Muito saboroso. &#8211; \u00d3timo como recompensa para adestramento. &#8211; Bifinho suculento e macio, facilitando&hellip;&nbsp;Continue a ler &raquo;BIFINHO TABLETE PETISC\u00c3O PARA C\u00c3ES SABOR CARNE 60G","og_url":"https:\/\/www.agrodel.com.br\/index.php\/product\/bifinho-petiscao-para-caes-adultos-sabor-carne-tablete-60g\/","og_site_name":"Agro D\u00e9l Itapira","og_image":[{"width":400,"height":400,"url":"https:\/\/www.agrodel.com.br\/wp-content\/uploads\/2026\/02\/Tratada_0090_2729779_7898396117807_1.jpg","type":"image\/jpeg"}],"twitter_card":"summary_large_image","twitter_misc":{"Est. tempo de leitura":"1 minuto"},"schema":{"@context":"https:\/\/schema.org","@graph":[{"@type":"WebPage","@id":"https:\/\/www.agrodel.com.br\/index.php\/product\/bifinho-petiscao-para-caes-adultos-sabor-carne-tablete-60g\/","url":"https:\/\/www.agrodel.com.br\/index.php\/product\/bifinho-petiscao-para-caes-adultos-sabor-carne-tablete-60g\/","name":"BIFINHO TABLETE PETISC\u00c3O PARA C\u00c3ES SABOR CARNE 60G - Agro D\u00e9l Itapira","isPartOf":{"@id":"https:\/\/www.agrodel.com.br\/#website"},"primaryImageOfPage":{"@id":"https:\/\/www.agrodel.com.br\/index.php\/product\/bifinho-petiscao-para-caes-adultos-sabor-carne-tablete-60g\/#primaryimage"},"image":{"@id":"https:\/\/www.agrodel.com.br\/index.php\/product\/bifinho-petiscao-para-caes-adultos-sabor-carne-tablete-60g\/#primaryimage"},"thumbnailUrl":"https:\/\/www.agrodel.com.br\/wp-content\/uploads\/2026\/02\/Tratada_0090_2729779_7898396117807_1.jpg","datePublished":"2026-02-27T17:22:34+00:00","breadcrumb":{"@id":"https:\/\/www.agrodel.com.br\/index.php\/product\/bifinho-petiscao-para-caes-adultos-sabor-carne-tablete-60g\/#breadcrumb"},"inLanguage":"pt-BR","potentialAction":[{"@type":"ReadAction","target":["https:\/\/www.agrodel.com.br\/index.php\/product\/bifinho-petiscao-para-caes-adultos-sabor-carne-tablete-60g\/"]}]},{"@type":"ImageObject","inLanguage":"pt-BR","@id":"https:\/\/www.agrodel.com.br\/index.php\/product\/bifinho-petiscao-para-caes-adultos-sabor-carne-tablete-60g\/#primaryimage","url":"https:\/\/www.agrodel.com.br\/wp-content\/uploads\/2026\/02\/Tratada_0090_2729779_7898396117807_1.jpg","contentUrl":"https:\/\/www.agrodel.com.br\/wp-content\/uploads\/2026\/02\/Tratada_0090_2729779_7898396117807_1.jpg","width":400,"height":400},{"@type":"BreadcrumbList","@id":"https:\/\/www.agrodel.com.br\/index.php\/product\/bifinho-petiscao-para-caes-adultos-sabor-carne-tablete-60g\/#breadcrumb","itemListElement":[{"@type":"ListItem","position":1,"name":"Home","item":"https:\/\/www.agrodel.com.br\/"},{"@type":"ListItem","position":2,"name":"Loja","item":"https:\/\/www.agrodel.com.br\/index.php\/loja\/"},{"@type":"ListItem","position":3,"name":"BIFINHO TABLETE PETISC\u00c3O PARA C\u00c3ES SABOR CARNE 60G"}]},{"@type":"WebSite","@id":"https:\/\/www.agrodel.com.br\/#website","url":"https:\/\/www.agrodel.com.br\/","name":"Agro D\u00e9l Itapira","description":"A sua agropecu\u00e1ria amiga!","publisher":{"@id":"https:\/\/www.agrodel.com.br\/#organization"},"potentialAction":[{"@type":"SearchAction","target":{"@type":"EntryPoint","urlTemplate":"https:\/\/www.agrodel.com.br\/?s={search_term_string}"},"query-input":{"@type":"PropertyValueSpecification","valueRequired":true,"valueName":"search_term_string"}}],"inLanguage":"pt-BR"},{"@type":"Organization","@id":"https:\/\/www.agrodel.com.br\/#organization","name":"Agro D\u00e9l Itapira","url":"https:\/\/www.agrodel.com.br\/","logo":{"@type":"ImageObject","inLanguage":"pt-BR","@id":"https:\/\/www.agrodel.com.br\/#\/schema\/logo\/image\/","url":"https:\/\/www.agrodel.com.br\/wp-content\/uploads\/2024\/10\/img-logo-agro-del-itapira.png","contentUrl":"https:\/\/www.agrodel.com.br\/wp-content\/uploads\/2024\/10\/img-logo-agro-del-itapira.png","width":700,"height":336,"caption":"Agro D\u00e9l Itapira"},"image":{"@id":"https:\/\/www.agrodel.com.br\/#\/schema\/logo\/image\/"}}]}},"_links":{"self":[{"href":"https:\/\/www.agrodel.com.br\/index.php\/wp-json\/wp\/v2\/product\/1671","targetHints":{"allow":["GET"]}}],"collection":[{"href":"https:\/\/www.agrodel.com.br\/index.php\/wp-json\/wp\/v2\/product"}],"about":[{"href":"https:\/\/www.agrodel.com.br\/index.php\/wp-json\/wp\/v2\/types\/product"}],"replies":[{"embeddable":true,"href":"https:\/\/www.agrodel.com.br\/index.php\/wp-json\/wp\/v2\/comments?post=1671"}],"wp:featuredmedia":[{"embeddable":true,"href":"https:\/\/www.agrodel.com.br\/index.php\/wp-json\/wp\/v2\/media\/1672"}],"wp:attachment":[{"href":"https:\/\/www.agrodel.com.br\/index.php\/wp-json\/wp\/v2\/media?parent=1671"}],"wp:term":[{"taxonomy":"product_brand","embeddable":true,"href":"https:\/\/www.agrodel.com.br\/index.php\/wp-json\/wp\/v2\/product_brand?post=1671"},{"taxonomy":"product_cat","embeddable":true,"href":"https:\/\/www.agrodel.com.br\/index.php\/wp-json\/wp\/v2\/product_cat?post=1671"},{"taxonomy":"product_tag","embeddable":true,"href":"https:\/\/www.agrodel.com.br\/index.php\/wp-json\/wp\/v2\/product_tag?post=1671"}],"curies":[{"name":"wp","href":"https:\/\/api.w.org\/{rel}","templated":true}]}}