{"id":1707,"date":"2026-02-27T14:22:33","date_gmt":"2026-02-27T17:22:33","guid":{"rendered":"https:\/\/www.agrodel.com.br\/?post_type=product&#038;p=1707"},"modified":"2026-02-27T14:22:34","modified_gmt":"2026-02-27T17:22:34","slug":"esterco-galinha-20kg-mogi-fertil","status":"publish","type":"product","link":"https:\/\/www.agrodel.com.br\/index.php\/product\/esterco-galinha-20kg-mogi-fertil\/","title":{"rendered":"ESTERCO GALINHA 20KG MOGI FERTIL"},"content":{"rendered":"<p>O <strong>Substrato Esterco de Galinha 20<\/strong> <strong>KG Mogi Fertil<\/strong> \u00e9 a escolha ideal para quem busca qualidade e efici\u00eancia no cultivo de plantas. Produzido a partir de esterco de frango, este fertilizante org\u00e2nico proporciona nutrientes essenciais, promovendo um crescimento saud\u00e1vel e vigoroso das suas plantas. Com um peso de 2.300 g e especifica\u00e7\u00f5es que garantem f\u00e1cil manuseio, sua embalagem compacta de 37 cm de altura, 14 cm de comprimento e 28 cm de largura \u00e9 perfeita para armazenamento. O produto n\u00e3o \u00e9 inflam\u00e1vel, garantindo seguran\u00e7a ao ser utilizado. A linha de adubo Mogi Fertil \u00e9 reconhecida por sua efic\u00e1cia e contribui\u00e7\u00e3o para a sa\u00fade do solo, tornando-se uma excelente op\u00e7\u00e3o tanto para jardinagem amadora quanto para cultivo profissional. Invista na qualidade do seu cultivo com o esterco de frango Mogi Fertil e observe a diferen\u00e7a no desenvolvimento de suas plantas.<\/p>\n","protected":false},"excerpt":{"rendered":"<p>O Substrato Esterco de Galinha 20 KG Mogi Fertil \u00e9 a escolha ideal para quem busca qualidade e efici\u00eancia no cultivo de plantas. Produzido a partir de esterco de frango, este fertilizante org\u00e2nico proporciona nutrientes essenciais, promovendo um crescimento saud\u00e1vel e vigoroso das suas plantas. Com um peso de 2.300 g e especifica\u00e7\u00f5es que garantem&hellip;&nbsp;<a href=\"https:\/\/www.agrodel.com.br\/index.php\/product\/esterco-galinha-20kg-mogi-fertil\/\" rel=\"bookmark\">Continue a ler &raquo;<span class=\"screen-reader-text\">ESTERCO GALINHA 20KG MOGI FERTIL<\/span><\/a><\/p>\n","protected":false},"featured_media":1708,"comment_status":"open","ping_status":"closed","template":"","meta":{"neve_meta_sidebar":"","neve_meta_container":"","neve_meta_enable_content_width":"off","neve_meta_content_width":100,"neve_meta_title_alignment":"","neve_meta_author_avatar":"","neve_post_elements_order":"","neve_meta_disable_header":"","neve_meta_disable_footer":"","neve_meta_disable_title":""},"product_brand":[97],"product_cat":[92],"product_tag":[96,98,114,115,101],"class_list":{"0":"post-1707","1":"product","2":"type-product","3":"status-publish","4":"has-post-thumbnail","6":"product_brand-mogi-fertil","7":"product_cat-jardinagem","8":"product_tag-20kg","9":"product_tag-esterco","10":"product_tag-galinha","11":"product_tag-jardinagem","12":"product_tag-mogi-fertil","14":"first","15":"instock","16":"sale","17":"shipping-taxable","18":"purchasable","19":"product-type-simple"},"yoast_head":"<!-- This site is optimized with the Yoast SEO plugin v27.2 - https:\/\/yoast.com\/product\/yoast-seo-wordpress\/ -->\n<title>ESTERCO GALINHA 20KG MOGI FERTIL - Agro D\u00e9l Itapira<\/title>\n<meta name=\"robots\" content=\"index, follow, max-snippet:-1, max-image-preview:large, max-video-preview:-1\" \/>\n<link rel=\"canonical\" href=\"https:\/\/www.agrodel.com.br\/index.php\/product\/esterco-galinha-20kg-mogi-fertil\/\" \/>\n<meta property=\"og:locale\" content=\"pt_BR\" \/>\n<meta property=\"og:type\" content=\"article\" \/>\n<meta property=\"og:title\" content=\"ESTERCO GALINHA 20KG MOGI FERTIL - Agro D\u00e9l Itapira\" \/>\n<meta property=\"og:description\" content=\"O Substrato Esterco de Galinha 20 KG Mogi Fertil \u00e9 a escolha ideal para quem busca qualidade e efici\u00eancia no cultivo de plantas. Produzido a partir de esterco de frango, este fertilizante org\u00e2nico proporciona nutrientes essenciais, promovendo um crescimento saud\u00e1vel e vigoroso das suas plantas. Com um peso de 2.300 g e especifica\u00e7\u00f5es que garantem&hellip;&nbsp;Continue a ler &raquo;ESTERCO GALINHA 20KG MOGI FERTIL\" \/>\n<meta property=\"og:url\" content=\"https:\/\/www.agrodel.com.br\/index.php\/product\/esterco-galinha-20kg-mogi-fertil\/\" \/>\n<meta property=\"og:site_name\" content=\"Agro D\u00e9l Itapira\" \/>\n<meta property=\"article:modified_time\" content=\"2026-02-27T17:22:34+00:00\" \/>\n<meta property=\"og:image\" content=\"https:\/\/www.agrodel.com.br\/wp-content\/uploads\/2026\/02\/D_NQ_NP_2X_715321-MLB94235049222_102025-F.webp\" \/>\n\t<meta property=\"og:image:width\" content=\"827\" \/>\n\t<meta property=\"og:image:height\" content=\"1198\" \/>\n\t<meta property=\"og:image:type\" content=\"image\/webp\" \/>\n<meta name=\"twitter:card\" content=\"summary_large_image\" \/>\n<meta name=\"twitter:label1\" content=\"Est. tempo de leitura\" \/>\n\t<meta name=\"twitter:data1\" content=\"1 minuto\" \/>\n<script type=\"application\/ld+json\" class=\"yoast-schema-graph\">{\"@context\":\"https:\/\/schema.org\",\"@graph\":[{\"@type\":\"WebPage\",\"@id\":\"https:\/\/www.agrodel.com.br\/index.php\/product\/esterco-galinha-20kg-mogi-fertil\/\",\"url\":\"https:\/\/www.agrodel.com.br\/index.php\/product\/esterco-galinha-20kg-mogi-fertil\/\",\"name\":\"ESTERCO GALINHA 20KG MOGI FERTIL - Agro D\u00e9l Itapira\",\"isPartOf\":{\"@id\":\"https:\/\/www.agrodel.com.br\/#website\"},\"primaryImageOfPage\":{\"@id\":\"https:\/\/www.agrodel.com.br\/index.php\/product\/esterco-galinha-20kg-mogi-fertil\/#primaryimage\"},\"image\":{\"@id\":\"https:\/\/www.agrodel.com.br\/index.php\/product\/esterco-galinha-20kg-mogi-fertil\/#primaryimage\"},\"thumbnailUrl\":\"https:\/\/www.agrodel.com.br\/wp-content\/uploads\/2026\/02\/D_NQ_NP_2X_715321-MLB94235049222_102025-F.webp\",\"datePublished\":\"2026-02-27T17:22:33+00:00\",\"dateModified\":\"2026-02-27T17:22:34+00:00\",\"breadcrumb\":{\"@id\":\"https:\/\/www.agrodel.com.br\/index.php\/product\/esterco-galinha-20kg-mogi-fertil\/#breadcrumb\"},\"inLanguage\":\"pt-BR\",\"potentialAction\":[{\"@type\":\"ReadAction\",\"target\":[\"https:\/\/www.agrodel.com.br\/index.php\/product\/esterco-galinha-20kg-mogi-fertil\/\"]}]},{\"@type\":\"ImageObject\",\"inLanguage\":\"pt-BR\",\"@id\":\"https:\/\/www.agrodel.com.br\/index.php\/product\/esterco-galinha-20kg-mogi-fertil\/#primaryimage\",\"url\":\"https:\/\/www.agrodel.com.br\/wp-content\/uploads\/2026\/02\/D_NQ_NP_2X_715321-MLB94235049222_102025-F.webp\",\"contentUrl\":\"https:\/\/www.agrodel.com.br\/wp-content\/uploads\/2026\/02\/D_NQ_NP_2X_715321-MLB94235049222_102025-F.webp\",\"width\":827,\"height\":1198},{\"@type\":\"BreadcrumbList\",\"@id\":\"https:\/\/www.agrodel.com.br\/index.php\/product\/esterco-galinha-20kg-mogi-fertil\/#breadcrumb\",\"itemListElement\":[{\"@type\":\"ListItem\",\"position\":1,\"name\":\"Home\",\"item\":\"https:\/\/www.agrodel.com.br\/\"},{\"@type\":\"ListItem\",\"position\":2,\"name\":\"Loja\",\"item\":\"https:\/\/www.agrodel.com.br\/index.php\/loja\/\"},{\"@type\":\"ListItem\",\"position\":3,\"name\":\"ESTERCO GALINHA 20KG MOGI FERTIL\"}]},{\"@type\":\"WebSite\",\"@id\":\"https:\/\/www.agrodel.com.br\/#website\",\"url\":\"https:\/\/www.agrodel.com.br\/\",\"name\":\"Agro D\u00e9l Itapira\",\"description\":\"A sua agropecu\u00e1ria amiga!\",\"publisher\":{\"@id\":\"https:\/\/www.agrodel.com.br\/#organization\"},\"potentialAction\":[{\"@type\":\"SearchAction\",\"target\":{\"@type\":\"EntryPoint\",\"urlTemplate\":\"https:\/\/www.agrodel.com.br\/?s={search_term_string}\"},\"query-input\":{\"@type\":\"PropertyValueSpecification\",\"valueRequired\":true,\"valueName\":\"search_term_string\"}}],\"inLanguage\":\"pt-BR\"},{\"@type\":\"Organization\",\"@id\":\"https:\/\/www.agrodel.com.br\/#organization\",\"name\":\"Agro D\u00e9l Itapira\",\"url\":\"https:\/\/www.agrodel.com.br\/\",\"logo\":{\"@type\":\"ImageObject\",\"inLanguage\":\"pt-BR\",\"@id\":\"https:\/\/www.agrodel.com.br\/#\/schema\/logo\/image\/\",\"url\":\"https:\/\/www.agrodel.com.br\/wp-content\/uploads\/2024\/10\/img-logo-agro-del-itapira.png\",\"contentUrl\":\"https:\/\/www.agrodel.com.br\/wp-content\/uploads\/2024\/10\/img-logo-agro-del-itapira.png\",\"width\":700,\"height\":336,\"caption\":\"Agro D\u00e9l Itapira\"},\"image\":{\"@id\":\"https:\/\/www.agrodel.com.br\/#\/schema\/logo\/image\/\"}}]}<\/script>\n<!-- \/ Yoast SEO plugin. -->","yoast_head_json":{"title":"ESTERCO GALINHA 20KG MOGI FERTIL - Agro D\u00e9l Itapira","robots":{"index":"index","follow":"follow","max-snippet":"max-snippet:-1","max-image-preview":"max-image-preview:large","max-video-preview":"max-video-preview:-1"},"canonical":"https:\/\/www.agrodel.com.br\/index.php\/product\/esterco-galinha-20kg-mogi-fertil\/","og_locale":"pt_BR","og_type":"article","og_title":"ESTERCO GALINHA 20KG MOGI FERTIL - Agro D\u00e9l Itapira","og_description":"O Substrato Esterco de Galinha 20 KG Mogi Fertil \u00e9 a escolha ideal para quem busca qualidade e efici\u00eancia no cultivo de plantas. Produzido a partir de esterco de frango, este fertilizante org\u00e2nico proporciona nutrientes essenciais, promovendo um crescimento saud\u00e1vel e vigoroso das suas plantas. Com um peso de 2.300 g e especifica\u00e7\u00f5es que garantem&hellip;&nbsp;Continue a ler &raquo;ESTERCO GALINHA 20KG MOGI FERTIL","og_url":"https:\/\/www.agrodel.com.br\/index.php\/product\/esterco-galinha-20kg-mogi-fertil\/","og_site_name":"Agro D\u00e9l Itapira","article_modified_time":"2026-02-27T17:22:34+00:00","og_image":[{"width":827,"height":1198,"url":"https:\/\/www.agrodel.com.br\/wp-content\/uploads\/2026\/02\/D_NQ_NP_2X_715321-MLB94235049222_102025-F.webp","type":"image\/webp"}],"twitter_card":"summary_large_image","twitter_misc":{"Est. tempo de leitura":"1 minuto"},"schema":{"@context":"https:\/\/schema.org","@graph":[{"@type":"WebPage","@id":"https:\/\/www.agrodel.com.br\/index.php\/product\/esterco-galinha-20kg-mogi-fertil\/","url":"https:\/\/www.agrodel.com.br\/index.php\/product\/esterco-galinha-20kg-mogi-fertil\/","name":"ESTERCO GALINHA 20KG MOGI FERTIL - Agro D\u00e9l Itapira","isPartOf":{"@id":"https:\/\/www.agrodel.com.br\/#website"},"primaryImageOfPage":{"@id":"https:\/\/www.agrodel.com.br\/index.php\/product\/esterco-galinha-20kg-mogi-fertil\/#primaryimage"},"image":{"@id":"https:\/\/www.agrodel.com.br\/index.php\/product\/esterco-galinha-20kg-mogi-fertil\/#primaryimage"},"thumbnailUrl":"https:\/\/www.agrodel.com.br\/wp-content\/uploads\/2026\/02\/D_NQ_NP_2X_715321-MLB94235049222_102025-F.webp","datePublished":"2026-02-27T17:22:33+00:00","dateModified":"2026-02-27T17:22:34+00:00","breadcrumb":{"@id":"https:\/\/www.agrodel.com.br\/index.php\/product\/esterco-galinha-20kg-mogi-fertil\/#breadcrumb"},"inLanguage":"pt-BR","potentialAction":[{"@type":"ReadAction","target":["https:\/\/www.agrodel.com.br\/index.php\/product\/esterco-galinha-20kg-mogi-fertil\/"]}]},{"@type":"ImageObject","inLanguage":"pt-BR","@id":"https:\/\/www.agrodel.com.br\/index.php\/product\/esterco-galinha-20kg-mogi-fertil\/#primaryimage","url":"https:\/\/www.agrodel.com.br\/wp-content\/uploads\/2026\/02\/D_NQ_NP_2X_715321-MLB94235049222_102025-F.webp","contentUrl":"https:\/\/www.agrodel.com.br\/wp-content\/uploads\/2026\/02\/D_NQ_NP_2X_715321-MLB94235049222_102025-F.webp","width":827,"height":1198},{"@type":"BreadcrumbList","@id":"https:\/\/www.agrodel.com.br\/index.php\/product\/esterco-galinha-20kg-mogi-fertil\/#breadcrumb","itemListElement":[{"@type":"ListItem","position":1,"name":"Home","item":"https:\/\/www.agrodel.com.br\/"},{"@type":"ListItem","position":2,"name":"Loja","item":"https:\/\/www.agrodel.com.br\/index.php\/loja\/"},{"@type":"ListItem","position":3,"name":"ESTERCO GALINHA 20KG MOGI FERTIL"}]},{"@type":"WebSite","@id":"https:\/\/www.agrodel.com.br\/#website","url":"https:\/\/www.agrodel.com.br\/","name":"Agro D\u00e9l Itapira","description":"A sua agropecu\u00e1ria amiga!","publisher":{"@id":"https:\/\/www.agrodel.com.br\/#organization"},"potentialAction":[{"@type":"SearchAction","target":{"@type":"EntryPoint","urlTemplate":"https:\/\/www.agrodel.com.br\/?s={search_term_string}"},"query-input":{"@type":"PropertyValueSpecification","valueRequired":true,"valueName":"search_term_string"}}],"inLanguage":"pt-BR"},{"@type":"Organization","@id":"https:\/\/www.agrodel.com.br\/#organization","name":"Agro D\u00e9l Itapira","url":"https:\/\/www.agrodel.com.br\/","logo":{"@type":"ImageObject","inLanguage":"pt-BR","@id":"https:\/\/www.agrodel.com.br\/#\/schema\/logo\/image\/","url":"https:\/\/www.agrodel.com.br\/wp-content\/uploads\/2024\/10\/img-logo-agro-del-itapira.png","contentUrl":"https:\/\/www.agrodel.com.br\/wp-content\/uploads\/2024\/10\/img-logo-agro-del-itapira.png","width":700,"height":336,"caption":"Agro D\u00e9l Itapira"},"image":{"@id":"https:\/\/www.agrodel.com.br\/#\/schema\/logo\/image\/"}}]}},"_links":{"self":[{"href":"https:\/\/www.agrodel.com.br\/index.php\/wp-json\/wp\/v2\/product\/1707","targetHints":{"allow":["GET"]}}],"collection":[{"href":"https:\/\/www.agrodel.com.br\/index.php\/wp-json\/wp\/v2\/product"}],"about":[{"href":"https:\/\/www.agrodel.com.br\/index.php\/wp-json\/wp\/v2\/types\/product"}],"replies":[{"embeddable":true,"href":"https:\/\/www.agrodel.com.br\/index.php\/wp-json\/wp\/v2\/comments?post=1707"}],"wp:featuredmedia":[{"embeddable":true,"href":"https:\/\/www.agrodel.com.br\/index.php\/wp-json\/wp\/v2\/media\/1708"}],"wp:attachment":[{"href":"https:\/\/www.agrodel.com.br\/index.php\/wp-json\/wp\/v2\/media?parent=1707"}],"wp:term":[{"taxonomy":"product_brand","embeddable":true,"href":"https:\/\/www.agrodel.com.br\/index.php\/wp-json\/wp\/v2\/product_brand?post=1707"},{"taxonomy":"product_cat","embeddable":true,"href":"https:\/\/www.agrodel.com.br\/index.php\/wp-json\/wp\/v2\/product_cat?post=1707"},{"taxonomy":"product_tag","embeddable":true,"href":"https:\/\/www.agrodel.com.br\/index.php\/wp-json\/wp\/v2\/product_tag?post=1707"}],"curies":[{"name":"wp","href":"https:\/\/api.w.org\/{rel}","templated":true}]}}