{"id":1721,"date":"2026-02-27T14:22:33","date_gmt":"2026-02-27T17:22:33","guid":{"rendered":"https:\/\/www.agrodel.com.br\/?post_type=product&#038;p=1721"},"modified":"2026-02-27T14:22:33","modified_gmt":"2026-02-27T17:22:33","slug":"sache-gato-kitekat-peixe-70g","status":"publish","type":"product","link":"https:\/\/www.agrodel.com.br\/index.php\/product\/sache-gato-kitekat-peixe-70g\/","title":{"rendered":"SACH\u00ca GATO KITEKAT PEIXE 70G"},"content":{"rendered":"<p>Alimento \u00damido <strong>KiteKat Peixe ao Molho<\/strong> Alimento \u00damido KiteKat Peixe ao Molho \u00e9 um alimento \u00famido com deliciosos pedacinhos cozidos a vapor, completo e balanceado. KiteKat cont\u00e9m vitaminas, prote\u00ednas e minerais e \u00f4mega 6. Para pele e pelos mais bonitos e saud\u00e1veis, sem corantes artificiais e conservantes. Com nutrientes essenciais, garante uma alimenta\u00e7\u00e3o equilibrada. KiteKat Gatos Adultos \u00e9 uma op\u00e7\u00e3o nutritiva e saborosa para todos os gatos.<\/p>\n","protected":false},"excerpt":{"rendered":"<p>Alimento \u00damido KiteKat Peixe ao Molho Alimento \u00damido KiteKat Peixe ao Molho \u00e9 um alimento \u00famido com deliciosos pedacinhos cozidos a vapor, completo e balanceado. KiteKat cont\u00e9m vitaminas, prote\u00ednas e minerais e \u00f4mega 6. Para pele e pelos mais bonitos e saud\u00e1veis, sem corantes artificiais e conservantes. Com nutrientes essenciais, garante uma alimenta\u00e7\u00e3o equilibrada. KiteKat&hellip;&nbsp;<a href=\"https:\/\/www.agrodel.com.br\/index.php\/product\/sache-gato-kitekat-peixe-70g\/\" rel=\"bookmark\">Continue a ler &raquo;<span class=\"screen-reader-text\">SACH\u00ca GATO KITEKAT PEIXE 70G<\/span><\/a><\/p>\n","protected":false},"featured_media":1722,"comment_status":"open","ping_status":"closed","template":"","meta":{"neve_meta_sidebar":"","neve_meta_container":"","neve_meta_enable_content_width":"off","neve_meta_content_width":100,"neve_meta_title_alignment":"","neve_meta_author_avatar":"","neve_post_elements_order":"","neve_meta_disable_header":"","neve_meta_disable_footer":"","neve_meta_disable_title":""},"product_brand":[117],"product_cat":[31,32],"product_tag":[119,34,118,69,25],"class_list":{"0":"post-1721","1":"product","2":"type-product","3":"status-publish","4":"has-post-thumbnail","6":"product_brand-kitekat","7":"product_cat-gatos","8":"product_cat-racao-umida-gatos","9":"product_tag-70g","10":"product_tag-gato","11":"product_tag-kitekat","12":"product_tag-peixe","13":"product_tag-sache","15":"first","16":"instock","17":"sale","18":"shipping-taxable","19":"purchasable","20":"product-type-simple"},"yoast_head":"<!-- This site is optimized with the Yoast SEO plugin v27.2 - https:\/\/yoast.com\/product\/yoast-seo-wordpress\/ -->\n<title>SACH\u00ca GATO KITEKAT PEIXE 70G - Agro D\u00e9l Itapira<\/title>\n<meta name=\"robots\" content=\"index, follow, max-snippet:-1, max-image-preview:large, max-video-preview:-1\" \/>\n<link rel=\"canonical\" href=\"https:\/\/www.agrodel.com.br\/index.php\/product\/sache-gato-kitekat-peixe-70g\/\" \/>\n<meta property=\"og:locale\" content=\"pt_BR\" \/>\n<meta property=\"og:type\" content=\"article\" \/>\n<meta property=\"og:title\" content=\"SACH\u00ca GATO KITEKAT PEIXE 70G - Agro D\u00e9l Itapira\" \/>\n<meta property=\"og:description\" content=\"Alimento \u00damido KiteKat Peixe ao Molho Alimento \u00damido KiteKat Peixe ao Molho \u00e9 um alimento \u00famido com deliciosos pedacinhos cozidos a vapor, completo e balanceado. KiteKat cont\u00e9m vitaminas, prote\u00ednas e minerais e \u00f4mega 6. Para pele e pelos mais bonitos e saud\u00e1veis, sem corantes artificiais e conservantes. Com nutrientes essenciais, garante uma alimenta\u00e7\u00e3o equilibrada. KiteKat&hellip;&nbsp;Continue a ler &raquo;SACH\u00ca GATO KITEKAT PEIXE 70G\" \/>\n<meta property=\"og:url\" content=\"https:\/\/www.agrodel.com.br\/index.php\/product\/sache-gato-kitekat-peixe-70g\/\" \/>\n<meta property=\"og:site_name\" content=\"Agro D\u00e9l Itapira\" \/>\n<meta property=\"og:image\" content=\"https:\/\/www.agrodel.com.br\/wp-content\/uploads\/2026\/02\/D_NQ_NP_2X_611456-MLA99878706969_112025-F.webp\" \/>\n\t<meta property=\"og:image:width\" content=\"893\" \/>\n\t<meta property=\"og:image:height\" content=\"1200\" \/>\n\t<meta property=\"og:image:type\" content=\"image\/webp\" \/>\n<meta name=\"twitter:card\" content=\"summary_large_image\" \/>\n<meta name=\"twitter:label1\" content=\"Est. tempo de leitura\" \/>\n\t<meta name=\"twitter:data1\" content=\"1 minuto\" \/>\n<script type=\"application\/ld+json\" class=\"yoast-schema-graph\">{\"@context\":\"https:\/\/schema.org\",\"@graph\":[{\"@type\":\"WebPage\",\"@id\":\"https:\/\/www.agrodel.com.br\/index.php\/product\/sache-gato-kitekat-peixe-70g\/\",\"url\":\"https:\/\/www.agrodel.com.br\/index.php\/product\/sache-gato-kitekat-peixe-70g\/\",\"name\":\"SACH\u00ca GATO KITEKAT PEIXE 70G - Agro D\u00e9l Itapira\",\"isPartOf\":{\"@id\":\"https:\/\/www.agrodel.com.br\/#website\"},\"primaryImageOfPage\":{\"@id\":\"https:\/\/www.agrodel.com.br\/index.php\/product\/sache-gato-kitekat-peixe-70g\/#primaryimage\"},\"image\":{\"@id\":\"https:\/\/www.agrodel.com.br\/index.php\/product\/sache-gato-kitekat-peixe-70g\/#primaryimage\"},\"thumbnailUrl\":\"https:\/\/www.agrodel.com.br\/wp-content\/uploads\/2026\/02\/D_NQ_NP_2X_611456-MLA99878706969_112025-F.webp\",\"datePublished\":\"2026-02-27T17:22:33+00:00\",\"breadcrumb\":{\"@id\":\"https:\/\/www.agrodel.com.br\/index.php\/product\/sache-gato-kitekat-peixe-70g\/#breadcrumb\"},\"inLanguage\":\"pt-BR\",\"potentialAction\":[{\"@type\":\"ReadAction\",\"target\":[\"https:\/\/www.agrodel.com.br\/index.php\/product\/sache-gato-kitekat-peixe-70g\/\"]}]},{\"@type\":\"ImageObject\",\"inLanguage\":\"pt-BR\",\"@id\":\"https:\/\/www.agrodel.com.br\/index.php\/product\/sache-gato-kitekat-peixe-70g\/#primaryimage\",\"url\":\"https:\/\/www.agrodel.com.br\/wp-content\/uploads\/2026\/02\/D_NQ_NP_2X_611456-MLA99878706969_112025-F.webp\",\"contentUrl\":\"https:\/\/www.agrodel.com.br\/wp-content\/uploads\/2026\/02\/D_NQ_NP_2X_611456-MLA99878706969_112025-F.webp\",\"width\":893,\"height\":1200},{\"@type\":\"BreadcrumbList\",\"@id\":\"https:\/\/www.agrodel.com.br\/index.php\/product\/sache-gato-kitekat-peixe-70g\/#breadcrumb\",\"itemListElement\":[{\"@type\":\"ListItem\",\"position\":1,\"name\":\"Home\",\"item\":\"https:\/\/www.agrodel.com.br\/\"},{\"@type\":\"ListItem\",\"position\":2,\"name\":\"Loja\",\"item\":\"https:\/\/www.agrodel.com.br\/index.php\/loja\/\"},{\"@type\":\"ListItem\",\"position\":3,\"name\":\"SACH\u00ca GATO KITEKAT PEIXE 70G\"}]},{\"@type\":\"WebSite\",\"@id\":\"https:\/\/www.agrodel.com.br\/#website\",\"url\":\"https:\/\/www.agrodel.com.br\/\",\"name\":\"Agro D\u00e9l Itapira\",\"description\":\"A sua agropecu\u00e1ria amiga!\",\"publisher\":{\"@id\":\"https:\/\/www.agrodel.com.br\/#organization\"},\"potentialAction\":[{\"@type\":\"SearchAction\",\"target\":{\"@type\":\"EntryPoint\",\"urlTemplate\":\"https:\/\/www.agrodel.com.br\/?s={search_term_string}\"},\"query-input\":{\"@type\":\"PropertyValueSpecification\",\"valueRequired\":true,\"valueName\":\"search_term_string\"}}],\"inLanguage\":\"pt-BR\"},{\"@type\":\"Organization\",\"@id\":\"https:\/\/www.agrodel.com.br\/#organization\",\"name\":\"Agro D\u00e9l Itapira\",\"url\":\"https:\/\/www.agrodel.com.br\/\",\"logo\":{\"@type\":\"ImageObject\",\"inLanguage\":\"pt-BR\",\"@id\":\"https:\/\/www.agrodel.com.br\/#\/schema\/logo\/image\/\",\"url\":\"https:\/\/www.agrodel.com.br\/wp-content\/uploads\/2024\/10\/img-logo-agro-del-itapira.png\",\"contentUrl\":\"https:\/\/www.agrodel.com.br\/wp-content\/uploads\/2024\/10\/img-logo-agro-del-itapira.png\",\"width\":700,\"height\":336,\"caption\":\"Agro D\u00e9l Itapira\"},\"image\":{\"@id\":\"https:\/\/www.agrodel.com.br\/#\/schema\/logo\/image\/\"}}]}<\/script>\n<!-- \/ Yoast SEO plugin. -->","yoast_head_json":{"title":"SACH\u00ca GATO KITEKAT PEIXE 70G - Agro D\u00e9l Itapira","robots":{"index":"index","follow":"follow","max-snippet":"max-snippet:-1","max-image-preview":"max-image-preview:large","max-video-preview":"max-video-preview:-1"},"canonical":"https:\/\/www.agrodel.com.br\/index.php\/product\/sache-gato-kitekat-peixe-70g\/","og_locale":"pt_BR","og_type":"article","og_title":"SACH\u00ca GATO KITEKAT PEIXE 70G - Agro D\u00e9l Itapira","og_description":"Alimento \u00damido KiteKat Peixe ao Molho Alimento \u00damido KiteKat Peixe ao Molho \u00e9 um alimento \u00famido com deliciosos pedacinhos cozidos a vapor, completo e balanceado. KiteKat cont\u00e9m vitaminas, prote\u00ednas e minerais e \u00f4mega 6. Para pele e pelos mais bonitos e saud\u00e1veis, sem corantes artificiais e conservantes. Com nutrientes essenciais, garante uma alimenta\u00e7\u00e3o equilibrada. KiteKat&hellip;&nbsp;Continue a ler &raquo;SACH\u00ca GATO KITEKAT PEIXE 70G","og_url":"https:\/\/www.agrodel.com.br\/index.php\/product\/sache-gato-kitekat-peixe-70g\/","og_site_name":"Agro D\u00e9l Itapira","og_image":[{"width":893,"height":1200,"url":"https:\/\/www.agrodel.com.br\/wp-content\/uploads\/2026\/02\/D_NQ_NP_2X_611456-MLA99878706969_112025-F.webp","type":"image\/webp"}],"twitter_card":"summary_large_image","twitter_misc":{"Est. tempo de leitura":"1 minuto"},"schema":{"@context":"https:\/\/schema.org","@graph":[{"@type":"WebPage","@id":"https:\/\/www.agrodel.com.br\/index.php\/product\/sache-gato-kitekat-peixe-70g\/","url":"https:\/\/www.agrodel.com.br\/index.php\/product\/sache-gato-kitekat-peixe-70g\/","name":"SACH\u00ca GATO KITEKAT PEIXE 70G - Agro D\u00e9l Itapira","isPartOf":{"@id":"https:\/\/www.agrodel.com.br\/#website"},"primaryImageOfPage":{"@id":"https:\/\/www.agrodel.com.br\/index.php\/product\/sache-gato-kitekat-peixe-70g\/#primaryimage"},"image":{"@id":"https:\/\/www.agrodel.com.br\/index.php\/product\/sache-gato-kitekat-peixe-70g\/#primaryimage"},"thumbnailUrl":"https:\/\/www.agrodel.com.br\/wp-content\/uploads\/2026\/02\/D_NQ_NP_2X_611456-MLA99878706969_112025-F.webp","datePublished":"2026-02-27T17:22:33+00:00","breadcrumb":{"@id":"https:\/\/www.agrodel.com.br\/index.php\/product\/sache-gato-kitekat-peixe-70g\/#breadcrumb"},"inLanguage":"pt-BR","potentialAction":[{"@type":"ReadAction","target":["https:\/\/www.agrodel.com.br\/index.php\/product\/sache-gato-kitekat-peixe-70g\/"]}]},{"@type":"ImageObject","inLanguage":"pt-BR","@id":"https:\/\/www.agrodel.com.br\/index.php\/product\/sache-gato-kitekat-peixe-70g\/#primaryimage","url":"https:\/\/www.agrodel.com.br\/wp-content\/uploads\/2026\/02\/D_NQ_NP_2X_611456-MLA99878706969_112025-F.webp","contentUrl":"https:\/\/www.agrodel.com.br\/wp-content\/uploads\/2026\/02\/D_NQ_NP_2X_611456-MLA99878706969_112025-F.webp","width":893,"height":1200},{"@type":"BreadcrumbList","@id":"https:\/\/www.agrodel.com.br\/index.php\/product\/sache-gato-kitekat-peixe-70g\/#breadcrumb","itemListElement":[{"@type":"ListItem","position":1,"name":"Home","item":"https:\/\/www.agrodel.com.br\/"},{"@type":"ListItem","position":2,"name":"Loja","item":"https:\/\/www.agrodel.com.br\/index.php\/loja\/"},{"@type":"ListItem","position":3,"name":"SACH\u00ca GATO KITEKAT PEIXE 70G"}]},{"@type":"WebSite","@id":"https:\/\/www.agrodel.com.br\/#website","url":"https:\/\/www.agrodel.com.br\/","name":"Agro D\u00e9l Itapira","description":"A sua agropecu\u00e1ria amiga!","publisher":{"@id":"https:\/\/www.agrodel.com.br\/#organization"},"potentialAction":[{"@type":"SearchAction","target":{"@type":"EntryPoint","urlTemplate":"https:\/\/www.agrodel.com.br\/?s={search_term_string}"},"query-input":{"@type":"PropertyValueSpecification","valueRequired":true,"valueName":"search_term_string"}}],"inLanguage":"pt-BR"},{"@type":"Organization","@id":"https:\/\/www.agrodel.com.br\/#organization","name":"Agro D\u00e9l Itapira","url":"https:\/\/www.agrodel.com.br\/","logo":{"@type":"ImageObject","inLanguage":"pt-BR","@id":"https:\/\/www.agrodel.com.br\/#\/schema\/logo\/image\/","url":"https:\/\/www.agrodel.com.br\/wp-content\/uploads\/2024\/10\/img-logo-agro-del-itapira.png","contentUrl":"https:\/\/www.agrodel.com.br\/wp-content\/uploads\/2024\/10\/img-logo-agro-del-itapira.png","width":700,"height":336,"caption":"Agro D\u00e9l Itapira"},"image":{"@id":"https:\/\/www.agrodel.com.br\/#\/schema\/logo\/image\/"}}]}},"_links":{"self":[{"href":"https:\/\/www.agrodel.com.br\/index.php\/wp-json\/wp\/v2\/product\/1721","targetHints":{"allow":["GET"]}}],"collection":[{"href":"https:\/\/www.agrodel.com.br\/index.php\/wp-json\/wp\/v2\/product"}],"about":[{"href":"https:\/\/www.agrodel.com.br\/index.php\/wp-json\/wp\/v2\/types\/product"}],"replies":[{"embeddable":true,"href":"https:\/\/www.agrodel.com.br\/index.php\/wp-json\/wp\/v2\/comments?post=1721"}],"wp:featuredmedia":[{"embeddable":true,"href":"https:\/\/www.agrodel.com.br\/index.php\/wp-json\/wp\/v2\/media\/1722"}],"wp:attachment":[{"href":"https:\/\/www.agrodel.com.br\/index.php\/wp-json\/wp\/v2\/media?parent=1721"}],"wp:term":[{"taxonomy":"product_brand","embeddable":true,"href":"https:\/\/www.agrodel.com.br\/index.php\/wp-json\/wp\/v2\/product_brand?post=1721"},{"taxonomy":"product_cat","embeddable":true,"href":"https:\/\/www.agrodel.com.br\/index.php\/wp-json\/wp\/v2\/product_cat?post=1721"},{"taxonomy":"product_tag","embeddable":true,"href":"https:\/\/www.agrodel.com.br\/index.php\/wp-json\/wp\/v2\/product_tag?post=1721"}],"curies":[{"name":"wp","href":"https:\/\/api.w.org\/{rel}","templated":true}]}}