{"id":1729,"date":"2026-02-27T14:22:32","date_gmt":"2026-02-27T17:22:32","guid":{"rendered":"https:\/\/www.agrodel.com.br\/?post_type=product&#038;p=1729"},"modified":"2026-02-27T14:22:32","modified_gmt":"2026-02-27T17:22:32","slug":"sache-nexpet-caes-frango-70g","status":"publish","type":"product","link":"https:\/\/www.agrodel.com.br\/index.php\/product\/sache-nexpet-caes-frango-70g\/","title":{"rendered":"SACH\u00ca NEXPET C\u00c3ES FRANGO 70G"},"content":{"rendered":"<p>A ra\u00e7\u00e3o \u00famida <strong>NexPet Cachorro Sache Adultos Frango 85g<\/strong> \u00e9 a escolha ideal para c\u00e3es de todas as ra\u00e7as que buscam uma alimenta\u00e7\u00e3o saborosa e nutritiva. Com um delicioso sabor de frango, este produto foi desenvolvido para atender \u00e0s necessidades dos c\u00e3es adultos, proporcionando uma refei\u00e7\u00e3o que eles v\u00e3o adorar. A textura macia e suculenta da ra\u00e7\u00e3o \u00famida facilita a mastiga\u00e7\u00e3o e a digest\u00e3o, tornando-a perfeita para c\u00e3es que preferem alimentos mais \u00famidos. Al\u00e9m disso, a f\u00f3rmula \u00e9 rica em prote\u00ednas, essencial para manter a energia e a vitalidade do seu pet ao longo do dia. NexPet se preocupa com a sa\u00fade e o bem-estar do seu c\u00e3o, oferecendo uma refei\u00e7\u00e3o que n\u00e3o s\u00f3 agrada ao paladar, mas tamb\u00e9m contribui para uma dieta equilibrada. Experimente a ra\u00e7\u00e3o NexPet e proporcione ao seu amigo de quatro patas uma experi\u00eancia gastron\u00f4mica que ele merece.<\/p>\n","protected":false},"excerpt":{"rendered":"<p>A ra\u00e7\u00e3o \u00famida NexPet Cachorro Sache Adultos Frango 85g \u00e9 a escolha ideal para c\u00e3es de todas as ra\u00e7as que buscam uma alimenta\u00e7\u00e3o saborosa e nutritiva. Com um delicioso sabor de frango, este produto foi desenvolvido para atender \u00e0s necessidades dos c\u00e3es adultos, proporcionando uma refei\u00e7\u00e3o que eles v\u00e3o adorar. A textura macia e suculenta&hellip;&nbsp;<a href=\"https:\/\/www.agrodel.com.br\/index.php\/product\/sache-nexpet-caes-frango-70g\/\" rel=\"bookmark\">Continue a ler &raquo;<span class=\"screen-reader-text\">SACH\u00ca NEXPET C\u00c3ES FRANGO 70G<\/span><\/a><\/p>\n","protected":false},"featured_media":1730,"comment_status":"open","ping_status":"closed","template":"","meta":{"neve_meta_sidebar":"","neve_meta_container":"","neve_meta_enable_content_width":"off","neve_meta_content_width":100,"neve_meta_title_alignment":"","neve_meta_author_avatar":"","neve_post_elements_order":"","neve_meta_disable_header":"","neve_meta_disable_footer":"","neve_meta_disable_title":""},"product_brand":[120],"product_cat":[22,23],"product_tag":[119,37,73,121,25],"class_list":{"0":"post-1729","1":"product","2":"type-product","3":"status-publish","4":"has-post-thumbnail","6":"product_brand-nexpet","7":"product_cat-caes","8":"product_cat-racao-umida","9":"product_tag-70g","10":"product_tag-caes","11":"product_tag-frango","12":"product_tag-nexpet","13":"product_tag-sache","15":"first","16":"instock","17":"sale","18":"shipping-taxable","19":"purchasable","20":"product-type-simple"},"yoast_head":"<!-- This site is optimized with the Yoast SEO plugin v27.2 - https:\/\/yoast.com\/product\/yoast-seo-wordpress\/ -->\n<title>SACH\u00ca NEXPET C\u00c3ES FRANGO 70G - Agro D\u00e9l Itapira<\/title>\n<meta name=\"robots\" content=\"index, follow, max-snippet:-1, max-image-preview:large, max-video-preview:-1\" \/>\n<link rel=\"canonical\" href=\"https:\/\/www.agrodel.com.br\/index.php\/product\/sache-nexpet-caes-frango-70g\/\" \/>\n<meta property=\"og:locale\" content=\"pt_BR\" \/>\n<meta property=\"og:type\" content=\"article\" \/>\n<meta property=\"og:title\" content=\"SACH\u00ca NEXPET C\u00c3ES FRANGO 70G - Agro D\u00e9l Itapira\" \/>\n<meta property=\"og:description\" content=\"A ra\u00e7\u00e3o \u00famida NexPet Cachorro Sache Adultos Frango 85g \u00e9 a escolha ideal para c\u00e3es de todas as ra\u00e7as que buscam uma alimenta\u00e7\u00e3o saborosa e nutritiva. Com um delicioso sabor de frango, este produto foi desenvolvido para atender \u00e0s necessidades dos c\u00e3es adultos, proporcionando uma refei\u00e7\u00e3o que eles v\u00e3o adorar. A textura macia e suculenta&hellip;&nbsp;Continue a ler &raquo;SACH\u00ca NEXPET C\u00c3ES FRANGO 70G\" \/>\n<meta property=\"og:url\" content=\"https:\/\/www.agrodel.com.br\/index.php\/product\/sache-nexpet-caes-frango-70g\/\" \/>\n<meta property=\"og:site_name\" content=\"Agro D\u00e9l Itapira\" \/>\n<meta property=\"og:image\" content=\"https:\/\/www.agrodel.com.br\/wp-content\/uploads\/2026\/02\/D_NQ_NP_2X_840631-MLB97544662092_112025-F.webp\" \/>\n\t<meta property=\"og:image:width\" content=\"612\" \/>\n\t<meta property=\"og:image:height\" content=\"801\" \/>\n\t<meta property=\"og:image:type\" content=\"image\/webp\" \/>\n<meta name=\"twitter:card\" content=\"summary_large_image\" \/>\n<meta name=\"twitter:label1\" content=\"Est. tempo de leitura\" \/>\n\t<meta name=\"twitter:data1\" content=\"1 minuto\" \/>\n<script type=\"application\/ld+json\" class=\"yoast-schema-graph\">{\"@context\":\"https:\/\/schema.org\",\"@graph\":[{\"@type\":\"WebPage\",\"@id\":\"https:\/\/www.agrodel.com.br\/index.php\/product\/sache-nexpet-caes-frango-70g\/\",\"url\":\"https:\/\/www.agrodel.com.br\/index.php\/product\/sache-nexpet-caes-frango-70g\/\",\"name\":\"SACH\u00ca NEXPET C\u00c3ES FRANGO 70G - Agro D\u00e9l Itapira\",\"isPartOf\":{\"@id\":\"https:\/\/www.agrodel.com.br\/#website\"},\"primaryImageOfPage\":{\"@id\":\"https:\/\/www.agrodel.com.br\/index.php\/product\/sache-nexpet-caes-frango-70g\/#primaryimage\"},\"image\":{\"@id\":\"https:\/\/www.agrodel.com.br\/index.php\/product\/sache-nexpet-caes-frango-70g\/#primaryimage\"},\"thumbnailUrl\":\"https:\/\/www.agrodel.com.br\/wp-content\/uploads\/2026\/02\/D_NQ_NP_2X_840631-MLB97544662092_112025-F.webp\",\"datePublished\":\"2026-02-27T17:22:32+00:00\",\"breadcrumb\":{\"@id\":\"https:\/\/www.agrodel.com.br\/index.php\/product\/sache-nexpet-caes-frango-70g\/#breadcrumb\"},\"inLanguage\":\"pt-BR\",\"potentialAction\":[{\"@type\":\"ReadAction\",\"target\":[\"https:\/\/www.agrodel.com.br\/index.php\/product\/sache-nexpet-caes-frango-70g\/\"]}]},{\"@type\":\"ImageObject\",\"inLanguage\":\"pt-BR\",\"@id\":\"https:\/\/www.agrodel.com.br\/index.php\/product\/sache-nexpet-caes-frango-70g\/#primaryimage\",\"url\":\"https:\/\/www.agrodel.com.br\/wp-content\/uploads\/2026\/02\/D_NQ_NP_2X_840631-MLB97544662092_112025-F.webp\",\"contentUrl\":\"https:\/\/www.agrodel.com.br\/wp-content\/uploads\/2026\/02\/D_NQ_NP_2X_840631-MLB97544662092_112025-F.webp\",\"width\":612,\"height\":801},{\"@type\":\"BreadcrumbList\",\"@id\":\"https:\/\/www.agrodel.com.br\/index.php\/product\/sache-nexpet-caes-frango-70g\/#breadcrumb\",\"itemListElement\":[{\"@type\":\"ListItem\",\"position\":1,\"name\":\"Home\",\"item\":\"https:\/\/www.agrodel.com.br\/\"},{\"@type\":\"ListItem\",\"position\":2,\"name\":\"Loja\",\"item\":\"https:\/\/www.agrodel.com.br\/index.php\/loja\/\"},{\"@type\":\"ListItem\",\"position\":3,\"name\":\"SACH\u00ca NEXPET C\u00c3ES FRANGO 70G\"}]},{\"@type\":\"WebSite\",\"@id\":\"https:\/\/www.agrodel.com.br\/#website\",\"url\":\"https:\/\/www.agrodel.com.br\/\",\"name\":\"Agro D\u00e9l Itapira\",\"description\":\"A sua agropecu\u00e1ria amiga!\",\"publisher\":{\"@id\":\"https:\/\/www.agrodel.com.br\/#organization\"},\"potentialAction\":[{\"@type\":\"SearchAction\",\"target\":{\"@type\":\"EntryPoint\",\"urlTemplate\":\"https:\/\/www.agrodel.com.br\/?s={search_term_string}\"},\"query-input\":{\"@type\":\"PropertyValueSpecification\",\"valueRequired\":true,\"valueName\":\"search_term_string\"}}],\"inLanguage\":\"pt-BR\"},{\"@type\":\"Organization\",\"@id\":\"https:\/\/www.agrodel.com.br\/#organization\",\"name\":\"Agro D\u00e9l Itapira\",\"url\":\"https:\/\/www.agrodel.com.br\/\",\"logo\":{\"@type\":\"ImageObject\",\"inLanguage\":\"pt-BR\",\"@id\":\"https:\/\/www.agrodel.com.br\/#\/schema\/logo\/image\/\",\"url\":\"https:\/\/www.agrodel.com.br\/wp-content\/uploads\/2024\/10\/img-logo-agro-del-itapira.png\",\"contentUrl\":\"https:\/\/www.agrodel.com.br\/wp-content\/uploads\/2024\/10\/img-logo-agro-del-itapira.png\",\"width\":700,\"height\":336,\"caption\":\"Agro D\u00e9l Itapira\"},\"image\":{\"@id\":\"https:\/\/www.agrodel.com.br\/#\/schema\/logo\/image\/\"}}]}<\/script>\n<!-- \/ Yoast SEO plugin. -->","yoast_head_json":{"title":"SACH\u00ca NEXPET C\u00c3ES FRANGO 70G - Agro D\u00e9l Itapira","robots":{"index":"index","follow":"follow","max-snippet":"max-snippet:-1","max-image-preview":"max-image-preview:large","max-video-preview":"max-video-preview:-1"},"canonical":"https:\/\/www.agrodel.com.br\/index.php\/product\/sache-nexpet-caes-frango-70g\/","og_locale":"pt_BR","og_type":"article","og_title":"SACH\u00ca NEXPET C\u00c3ES FRANGO 70G - Agro D\u00e9l Itapira","og_description":"A ra\u00e7\u00e3o \u00famida NexPet Cachorro Sache Adultos Frango 85g \u00e9 a escolha ideal para c\u00e3es de todas as ra\u00e7as que buscam uma alimenta\u00e7\u00e3o saborosa e nutritiva. Com um delicioso sabor de frango, este produto foi desenvolvido para atender \u00e0s necessidades dos c\u00e3es adultos, proporcionando uma refei\u00e7\u00e3o que eles v\u00e3o adorar. A textura macia e suculenta&hellip;&nbsp;Continue a ler &raquo;SACH\u00ca NEXPET C\u00c3ES FRANGO 70G","og_url":"https:\/\/www.agrodel.com.br\/index.php\/product\/sache-nexpet-caes-frango-70g\/","og_site_name":"Agro D\u00e9l Itapira","og_image":[{"width":612,"height":801,"url":"https:\/\/www.agrodel.com.br\/wp-content\/uploads\/2026\/02\/D_NQ_NP_2X_840631-MLB97544662092_112025-F.webp","type":"image\/webp"}],"twitter_card":"summary_large_image","twitter_misc":{"Est. tempo de leitura":"1 minuto"},"schema":{"@context":"https:\/\/schema.org","@graph":[{"@type":"WebPage","@id":"https:\/\/www.agrodel.com.br\/index.php\/product\/sache-nexpet-caes-frango-70g\/","url":"https:\/\/www.agrodel.com.br\/index.php\/product\/sache-nexpet-caes-frango-70g\/","name":"SACH\u00ca NEXPET C\u00c3ES FRANGO 70G - Agro D\u00e9l Itapira","isPartOf":{"@id":"https:\/\/www.agrodel.com.br\/#website"},"primaryImageOfPage":{"@id":"https:\/\/www.agrodel.com.br\/index.php\/product\/sache-nexpet-caes-frango-70g\/#primaryimage"},"image":{"@id":"https:\/\/www.agrodel.com.br\/index.php\/product\/sache-nexpet-caes-frango-70g\/#primaryimage"},"thumbnailUrl":"https:\/\/www.agrodel.com.br\/wp-content\/uploads\/2026\/02\/D_NQ_NP_2X_840631-MLB97544662092_112025-F.webp","datePublished":"2026-02-27T17:22:32+00:00","breadcrumb":{"@id":"https:\/\/www.agrodel.com.br\/index.php\/product\/sache-nexpet-caes-frango-70g\/#breadcrumb"},"inLanguage":"pt-BR","potentialAction":[{"@type":"ReadAction","target":["https:\/\/www.agrodel.com.br\/index.php\/product\/sache-nexpet-caes-frango-70g\/"]}]},{"@type":"ImageObject","inLanguage":"pt-BR","@id":"https:\/\/www.agrodel.com.br\/index.php\/product\/sache-nexpet-caes-frango-70g\/#primaryimage","url":"https:\/\/www.agrodel.com.br\/wp-content\/uploads\/2026\/02\/D_NQ_NP_2X_840631-MLB97544662092_112025-F.webp","contentUrl":"https:\/\/www.agrodel.com.br\/wp-content\/uploads\/2026\/02\/D_NQ_NP_2X_840631-MLB97544662092_112025-F.webp","width":612,"height":801},{"@type":"BreadcrumbList","@id":"https:\/\/www.agrodel.com.br\/index.php\/product\/sache-nexpet-caes-frango-70g\/#breadcrumb","itemListElement":[{"@type":"ListItem","position":1,"name":"Home","item":"https:\/\/www.agrodel.com.br\/"},{"@type":"ListItem","position":2,"name":"Loja","item":"https:\/\/www.agrodel.com.br\/index.php\/loja\/"},{"@type":"ListItem","position":3,"name":"SACH\u00ca NEXPET C\u00c3ES FRANGO 70G"}]},{"@type":"WebSite","@id":"https:\/\/www.agrodel.com.br\/#website","url":"https:\/\/www.agrodel.com.br\/","name":"Agro D\u00e9l Itapira","description":"A sua agropecu\u00e1ria amiga!","publisher":{"@id":"https:\/\/www.agrodel.com.br\/#organization"},"potentialAction":[{"@type":"SearchAction","target":{"@type":"EntryPoint","urlTemplate":"https:\/\/www.agrodel.com.br\/?s={search_term_string}"},"query-input":{"@type":"PropertyValueSpecification","valueRequired":true,"valueName":"search_term_string"}}],"inLanguage":"pt-BR"},{"@type":"Organization","@id":"https:\/\/www.agrodel.com.br\/#organization","name":"Agro D\u00e9l Itapira","url":"https:\/\/www.agrodel.com.br\/","logo":{"@type":"ImageObject","inLanguage":"pt-BR","@id":"https:\/\/www.agrodel.com.br\/#\/schema\/logo\/image\/","url":"https:\/\/www.agrodel.com.br\/wp-content\/uploads\/2024\/10\/img-logo-agro-del-itapira.png","contentUrl":"https:\/\/www.agrodel.com.br\/wp-content\/uploads\/2024\/10\/img-logo-agro-del-itapira.png","width":700,"height":336,"caption":"Agro D\u00e9l Itapira"},"image":{"@id":"https:\/\/www.agrodel.com.br\/#\/schema\/logo\/image\/"}}]}},"_links":{"self":[{"href":"https:\/\/www.agrodel.com.br\/index.php\/wp-json\/wp\/v2\/product\/1729","targetHints":{"allow":["GET"]}}],"collection":[{"href":"https:\/\/www.agrodel.com.br\/index.php\/wp-json\/wp\/v2\/product"}],"about":[{"href":"https:\/\/www.agrodel.com.br\/index.php\/wp-json\/wp\/v2\/types\/product"}],"replies":[{"embeddable":true,"href":"https:\/\/www.agrodel.com.br\/index.php\/wp-json\/wp\/v2\/comments?post=1729"}],"wp:featuredmedia":[{"embeddable":true,"href":"https:\/\/www.agrodel.com.br\/index.php\/wp-json\/wp\/v2\/media\/1730"}],"wp:attachment":[{"href":"https:\/\/www.agrodel.com.br\/index.php\/wp-json\/wp\/v2\/media?parent=1729"}],"wp:term":[{"taxonomy":"product_brand","embeddable":true,"href":"https:\/\/www.agrodel.com.br\/index.php\/wp-json\/wp\/v2\/product_brand?post=1729"},{"taxonomy":"product_cat","embeddable":true,"href":"https:\/\/www.agrodel.com.br\/index.php\/wp-json\/wp\/v2\/product_cat?post=1729"},{"taxonomy":"product_tag","embeddable":true,"href":"https:\/\/www.agrodel.com.br\/index.php\/wp-json\/wp\/v2\/product_tag?post=1729"}],"curies":[{"name":"wp","href":"https:\/\/api.w.org\/{rel}","templated":true}]}}