{"id":1750,"date":"2026-02-27T14:22:30","date_gmt":"2026-02-27T17:22:30","guid":{"rendered":"https:\/\/www.agrodel.com.br\/?post_type=product&#038;p=1750"},"modified":"2026-02-27T14:22:31","modified_gmt":"2026-02-27T17:22:31","slug":"royal-horse-fertilite-b-100-30kg","status":"publish","type":"product","link":"https:\/\/www.agrodel.com.br\/index.php\/product\/royal-horse-fertilite-b-100-30kg\/","title":{"rendered":"ROYAL HORSE FERTILIT\u00c9 B-100 30KG"},"content":{"rendered":"<p>ROYAL HORSE FERTILIT\u00c9 30KG<\/p>\n<p>A ra\u00e7\u00e3o ROYAL HORSE FERTILIT\u00c9 \u00e9 pensada e formulada para garantir a MELHOR SA\u00daDE e o MELHOR DESENVOLVIMENTO para o seu animal. Com a ra\u00e7\u00e3o ROYAL HORSE FERTILIT\u00c9 seus animais ter\u00e3o um INTESTINO REGULADO, um AUMENTO NA FERTILIDADE e MUSCULATURA MAIS SAUD\u00c1VEL. Aposte em ra\u00e7\u00f5es PREMIUM como a ra\u00e7\u00e3o ROYAL HORSE FERTILIT\u00c9 e INVISTA em uma MAIOR FERTILIDADE, favorecendo em muito a REPRODU\u00c7\u00c3O.<\/p>\n<p>MODO DE USO: Ra\u00e7\u00e3o em 2 ou 3 refei\u00e7\u00f5es por dia com a quantidade de \u00e1gua pura que desejar. Fornecer de 0,5 a 1,2% do Peso Vivo por dia, divididos em refei\u00e7\u00f5es de no m\u00e1ximo 2 kg cada. P\u00d3NEIS COM 250 KG REDUZEM PARA METADE AS QUANTIDADES INDICADAS EM PASTURA Dividir as quantidades de ra\u00e7\u00e3o e feno por 2 ou parar completamente, dependendo da qualidade e quantidade de erva dispon\u00edvel.<\/p>\n<p>N\u00cdVEIS DE GARANTIA<\/p>\n<p>KG kg como base de alimenta\u00e7\u00e3o<\/p>\n<p>PB (m\u00edn)%\u2026\u2026\u2026\u2026\u2026\u2026\u2026\u2026..16<\/p>\n<p>EE (m\u00edn)%\u2026\u2026\u2026\u2026\u2026\u2026\u2026\u2026\u2026.4<\/p>\n<p>ED (kcal\/kg)\u2026\u2026\u2026\u2026\u2026\u2026.3450<\/p>\n<p>C\u00c1LCIO (m\u00edn)%\u2026\u2026\u2026\u2026\u2026\u20261,2<\/p>\n<p>F\u00d3SFORO (m\u00edn)%\u2026\u2026\u2026\u2026\u20260,6<\/p>\n<p>LISINA (m\u00edn)%\u2026\u2026\u2026\u2026\u2026\u2026.0,65<\/p>\n","protected":false},"excerpt":{"rendered":"<p>ROYAL HORSE FERTILIT\u00c9 30KG A ra\u00e7\u00e3o ROYAL HORSE FERTILIT\u00c9 \u00e9 pensada e formulada para garantir a MELHOR SA\u00daDE e o MELHOR DESENVOLVIMENTO para o seu animal. Com a ra\u00e7\u00e3o ROYAL HORSE FERTILIT\u00c9 seus animais ter\u00e3o um INTESTINO REGULADO, um AUMENTO NA FERTILIDADE e MUSCULATURA MAIS SAUD\u00c1VEL. Aposte em ra\u00e7\u00f5es PREMIUM como a ra\u00e7\u00e3o ROYAL HORSE&hellip;&nbsp;<a href=\"https:\/\/www.agrodel.com.br\/index.php\/product\/royal-horse-fertilite-b-100-30kg\/\" rel=\"bookmark\">Continue a ler &raquo;<span class=\"screen-reader-text\">ROYAL HORSE FERTILIT\u00c9 B-100 30KG<\/span><\/a><\/p>\n","protected":false},"featured_media":1751,"comment_status":"open","ping_status":"closed","template":"","meta":{"neve_meta_sidebar":"","neve_meta_container":"","neve_meta_enable_content_width":"off","neve_meta_content_width":100,"neve_meta_title_alignment":"","neve_meta_author_avatar":"","neve_post_elements_order":"","neve_meta_disable_header":"","neve_meta_disable_footer":"","neve_meta_disable_title":""},"product_brand":[125],"product_cat":[124,123],"product_tag":[133,135,134,130],"class_list":{"0":"post-1750","1":"product","2":"type-product","3":"status-publish","4":"has-post-thumbnail","6":"product_brand-adm","7":"product_cat-adm","8":"product_cat-equinos","9":"product_tag-30kg","10":"product_tag-b-100","11":"product_tag-fertilite","12":"product_tag-royal-horse","14":"first","15":"instock","16":"sale","17":"shipping-taxable","18":"purchasable","19":"product-type-simple"},"yoast_head":"<!-- This site is optimized with the Yoast SEO plugin v27.2 - https:\/\/yoast.com\/product\/yoast-seo-wordpress\/ -->\n<title>ROYAL HORSE FERTILIT\u00c9 B-100 30KG - Agro D\u00e9l Itapira<\/title>\n<meta name=\"robots\" content=\"index, follow, max-snippet:-1, max-image-preview:large, max-video-preview:-1\" \/>\n<link rel=\"canonical\" href=\"https:\/\/www.agrodel.com.br\/index.php\/product\/royal-horse-fertilite-b-100-30kg\/\" \/>\n<meta property=\"og:locale\" content=\"pt_BR\" \/>\n<meta property=\"og:type\" content=\"article\" \/>\n<meta property=\"og:title\" content=\"ROYAL HORSE FERTILIT\u00c9 B-100 30KG - Agro D\u00e9l Itapira\" \/>\n<meta property=\"og:description\" content=\"ROYAL HORSE FERTILIT\u00c9 30KG A ra\u00e7\u00e3o ROYAL HORSE FERTILIT\u00c9 \u00e9 pensada e formulada para garantir a MELHOR SA\u00daDE e o MELHOR DESENVOLVIMENTO para o seu animal. Com a ra\u00e7\u00e3o ROYAL HORSE FERTILIT\u00c9 seus animais ter\u00e3o um INTESTINO REGULADO, um AUMENTO NA FERTILIDADE e MUSCULATURA MAIS SAUD\u00c1VEL. Aposte em ra\u00e7\u00f5es PREMIUM como a ra\u00e7\u00e3o ROYAL HORSE&hellip;&nbsp;Continue a ler &raquo;ROYAL HORSE FERTILIT\u00c9 B-100 30KG\" \/>\n<meta property=\"og:url\" content=\"https:\/\/www.agrodel.com.br\/index.php\/product\/royal-horse-fertilite-b-100-30kg\/\" \/>\n<meta property=\"og:site_name\" content=\"Agro D\u00e9l Itapira\" \/>\n<meta property=\"article:modified_time\" content=\"2026-02-27T17:22:31+00:00\" \/>\n<meta property=\"og:image\" content=\"https:\/\/www.agrodel.com.br\/wp-content\/uploads\/2026\/02\/rh_fertilit_.jpg\" \/>\n\t<meta property=\"og:image:width\" content=\"1000\" \/>\n\t<meta property=\"og:image:height\" content=\"1000\" \/>\n\t<meta property=\"og:image:type\" content=\"image\/jpeg\" \/>\n<meta name=\"twitter:card\" content=\"summary_large_image\" \/>\n<meta name=\"twitter:label1\" content=\"Est. tempo de leitura\" \/>\n\t<meta name=\"twitter:data1\" content=\"2 minutos\" \/>\n<script type=\"application\/ld+json\" class=\"yoast-schema-graph\">{\"@context\":\"https:\/\/schema.org\",\"@graph\":[{\"@type\":\"WebPage\",\"@id\":\"https:\/\/www.agrodel.com.br\/index.php\/product\/royal-horse-fertilite-b-100-30kg\/\",\"url\":\"https:\/\/www.agrodel.com.br\/index.php\/product\/royal-horse-fertilite-b-100-30kg\/\",\"name\":\"ROYAL HORSE FERTILIT\u00c9 B-100 30KG - Agro D\u00e9l Itapira\",\"isPartOf\":{\"@id\":\"https:\/\/www.agrodel.com.br\/#website\"},\"primaryImageOfPage\":{\"@id\":\"https:\/\/www.agrodel.com.br\/index.php\/product\/royal-horse-fertilite-b-100-30kg\/#primaryimage\"},\"image\":{\"@id\":\"https:\/\/www.agrodel.com.br\/index.php\/product\/royal-horse-fertilite-b-100-30kg\/#primaryimage\"},\"thumbnailUrl\":\"https:\/\/www.agrodel.com.br\/wp-content\/uploads\/2026\/02\/rh_fertilit_.jpg\",\"datePublished\":\"2026-02-27T17:22:30+00:00\",\"dateModified\":\"2026-02-27T17:22:31+00:00\",\"breadcrumb\":{\"@id\":\"https:\/\/www.agrodel.com.br\/index.php\/product\/royal-horse-fertilite-b-100-30kg\/#breadcrumb\"},\"inLanguage\":\"pt-BR\",\"potentialAction\":[{\"@type\":\"ReadAction\",\"target\":[\"https:\/\/www.agrodel.com.br\/index.php\/product\/royal-horse-fertilite-b-100-30kg\/\"]}]},{\"@type\":\"ImageObject\",\"inLanguage\":\"pt-BR\",\"@id\":\"https:\/\/www.agrodel.com.br\/index.php\/product\/royal-horse-fertilite-b-100-30kg\/#primaryimage\",\"url\":\"https:\/\/www.agrodel.com.br\/wp-content\/uploads\/2026\/02\/rh_fertilit_.jpg\",\"contentUrl\":\"https:\/\/www.agrodel.com.br\/wp-content\/uploads\/2026\/02\/rh_fertilit_.jpg\",\"width\":1000,\"height\":1000},{\"@type\":\"BreadcrumbList\",\"@id\":\"https:\/\/www.agrodel.com.br\/index.php\/product\/royal-horse-fertilite-b-100-30kg\/#breadcrumb\",\"itemListElement\":[{\"@type\":\"ListItem\",\"position\":1,\"name\":\"Home\",\"item\":\"https:\/\/www.agrodel.com.br\/\"},{\"@type\":\"ListItem\",\"position\":2,\"name\":\"Loja\",\"item\":\"https:\/\/www.agrodel.com.br\/index.php\/loja\/\"},{\"@type\":\"ListItem\",\"position\":3,\"name\":\"ROYAL HORSE FERTILIT\u00c9 B-100 30KG\"}]},{\"@type\":\"WebSite\",\"@id\":\"https:\/\/www.agrodel.com.br\/#website\",\"url\":\"https:\/\/www.agrodel.com.br\/\",\"name\":\"Agro D\u00e9l Itapira\",\"description\":\"A sua agropecu\u00e1ria amiga!\",\"publisher\":{\"@id\":\"https:\/\/www.agrodel.com.br\/#organization\"},\"potentialAction\":[{\"@type\":\"SearchAction\",\"target\":{\"@type\":\"EntryPoint\",\"urlTemplate\":\"https:\/\/www.agrodel.com.br\/?s={search_term_string}\"},\"query-input\":{\"@type\":\"PropertyValueSpecification\",\"valueRequired\":true,\"valueName\":\"search_term_string\"}}],\"inLanguage\":\"pt-BR\"},{\"@type\":\"Organization\",\"@id\":\"https:\/\/www.agrodel.com.br\/#organization\",\"name\":\"Agro D\u00e9l Itapira\",\"url\":\"https:\/\/www.agrodel.com.br\/\",\"logo\":{\"@type\":\"ImageObject\",\"inLanguage\":\"pt-BR\",\"@id\":\"https:\/\/www.agrodel.com.br\/#\/schema\/logo\/image\/\",\"url\":\"https:\/\/www.agrodel.com.br\/wp-content\/uploads\/2024\/10\/img-logo-agro-del-itapira.png\",\"contentUrl\":\"https:\/\/www.agrodel.com.br\/wp-content\/uploads\/2024\/10\/img-logo-agro-del-itapira.png\",\"width\":700,\"height\":336,\"caption\":\"Agro D\u00e9l Itapira\"},\"image\":{\"@id\":\"https:\/\/www.agrodel.com.br\/#\/schema\/logo\/image\/\"}}]}<\/script>\n<!-- \/ Yoast SEO plugin. -->","yoast_head_json":{"title":"ROYAL HORSE FERTILIT\u00c9 B-100 30KG - Agro D\u00e9l Itapira","robots":{"index":"index","follow":"follow","max-snippet":"max-snippet:-1","max-image-preview":"max-image-preview:large","max-video-preview":"max-video-preview:-1"},"canonical":"https:\/\/www.agrodel.com.br\/index.php\/product\/royal-horse-fertilite-b-100-30kg\/","og_locale":"pt_BR","og_type":"article","og_title":"ROYAL HORSE FERTILIT\u00c9 B-100 30KG - Agro D\u00e9l Itapira","og_description":"ROYAL HORSE FERTILIT\u00c9 30KG A ra\u00e7\u00e3o ROYAL HORSE FERTILIT\u00c9 \u00e9 pensada e formulada para garantir a MELHOR SA\u00daDE e o MELHOR DESENVOLVIMENTO para o seu animal. Com a ra\u00e7\u00e3o ROYAL HORSE FERTILIT\u00c9 seus animais ter\u00e3o um INTESTINO REGULADO, um AUMENTO NA FERTILIDADE e MUSCULATURA MAIS SAUD\u00c1VEL. Aposte em ra\u00e7\u00f5es PREMIUM como a ra\u00e7\u00e3o ROYAL HORSE&hellip;&nbsp;Continue a ler &raquo;ROYAL HORSE FERTILIT\u00c9 B-100 30KG","og_url":"https:\/\/www.agrodel.com.br\/index.php\/product\/royal-horse-fertilite-b-100-30kg\/","og_site_name":"Agro D\u00e9l Itapira","article_modified_time":"2026-02-27T17:22:31+00:00","og_image":[{"width":1000,"height":1000,"url":"https:\/\/www.agrodel.com.br\/wp-content\/uploads\/2026\/02\/rh_fertilit_.jpg","type":"image\/jpeg"}],"twitter_card":"summary_large_image","twitter_misc":{"Est. tempo de leitura":"2 minutos"},"schema":{"@context":"https:\/\/schema.org","@graph":[{"@type":"WebPage","@id":"https:\/\/www.agrodel.com.br\/index.php\/product\/royal-horse-fertilite-b-100-30kg\/","url":"https:\/\/www.agrodel.com.br\/index.php\/product\/royal-horse-fertilite-b-100-30kg\/","name":"ROYAL HORSE FERTILIT\u00c9 B-100 30KG - Agro D\u00e9l Itapira","isPartOf":{"@id":"https:\/\/www.agrodel.com.br\/#website"},"primaryImageOfPage":{"@id":"https:\/\/www.agrodel.com.br\/index.php\/product\/royal-horse-fertilite-b-100-30kg\/#primaryimage"},"image":{"@id":"https:\/\/www.agrodel.com.br\/index.php\/product\/royal-horse-fertilite-b-100-30kg\/#primaryimage"},"thumbnailUrl":"https:\/\/www.agrodel.com.br\/wp-content\/uploads\/2026\/02\/rh_fertilit_.jpg","datePublished":"2026-02-27T17:22:30+00:00","dateModified":"2026-02-27T17:22:31+00:00","breadcrumb":{"@id":"https:\/\/www.agrodel.com.br\/index.php\/product\/royal-horse-fertilite-b-100-30kg\/#breadcrumb"},"inLanguage":"pt-BR","potentialAction":[{"@type":"ReadAction","target":["https:\/\/www.agrodel.com.br\/index.php\/product\/royal-horse-fertilite-b-100-30kg\/"]}]},{"@type":"ImageObject","inLanguage":"pt-BR","@id":"https:\/\/www.agrodel.com.br\/index.php\/product\/royal-horse-fertilite-b-100-30kg\/#primaryimage","url":"https:\/\/www.agrodel.com.br\/wp-content\/uploads\/2026\/02\/rh_fertilit_.jpg","contentUrl":"https:\/\/www.agrodel.com.br\/wp-content\/uploads\/2026\/02\/rh_fertilit_.jpg","width":1000,"height":1000},{"@type":"BreadcrumbList","@id":"https:\/\/www.agrodel.com.br\/index.php\/product\/royal-horse-fertilite-b-100-30kg\/#breadcrumb","itemListElement":[{"@type":"ListItem","position":1,"name":"Home","item":"https:\/\/www.agrodel.com.br\/"},{"@type":"ListItem","position":2,"name":"Loja","item":"https:\/\/www.agrodel.com.br\/index.php\/loja\/"},{"@type":"ListItem","position":3,"name":"ROYAL HORSE FERTILIT\u00c9 B-100 30KG"}]},{"@type":"WebSite","@id":"https:\/\/www.agrodel.com.br\/#website","url":"https:\/\/www.agrodel.com.br\/","name":"Agro D\u00e9l Itapira","description":"A sua agropecu\u00e1ria amiga!","publisher":{"@id":"https:\/\/www.agrodel.com.br\/#organization"},"potentialAction":[{"@type":"SearchAction","target":{"@type":"EntryPoint","urlTemplate":"https:\/\/www.agrodel.com.br\/?s={search_term_string}"},"query-input":{"@type":"PropertyValueSpecification","valueRequired":true,"valueName":"search_term_string"}}],"inLanguage":"pt-BR"},{"@type":"Organization","@id":"https:\/\/www.agrodel.com.br\/#organization","name":"Agro D\u00e9l Itapira","url":"https:\/\/www.agrodel.com.br\/","logo":{"@type":"ImageObject","inLanguage":"pt-BR","@id":"https:\/\/www.agrodel.com.br\/#\/schema\/logo\/image\/","url":"https:\/\/www.agrodel.com.br\/wp-content\/uploads\/2024\/10\/img-logo-agro-del-itapira.png","contentUrl":"https:\/\/www.agrodel.com.br\/wp-content\/uploads\/2024\/10\/img-logo-agro-del-itapira.png","width":700,"height":336,"caption":"Agro D\u00e9l Itapira"},"image":{"@id":"https:\/\/www.agrodel.com.br\/#\/schema\/logo\/image\/"}}]}},"_links":{"self":[{"href":"https:\/\/www.agrodel.com.br\/index.php\/wp-json\/wp\/v2\/product\/1750","targetHints":{"allow":["GET"]}}],"collection":[{"href":"https:\/\/www.agrodel.com.br\/index.php\/wp-json\/wp\/v2\/product"}],"about":[{"href":"https:\/\/www.agrodel.com.br\/index.php\/wp-json\/wp\/v2\/types\/product"}],"replies":[{"embeddable":true,"href":"https:\/\/www.agrodel.com.br\/index.php\/wp-json\/wp\/v2\/comments?post=1750"}],"wp:featuredmedia":[{"embeddable":true,"href":"https:\/\/www.agrodel.com.br\/index.php\/wp-json\/wp\/v2\/media\/1751"}],"wp:attachment":[{"href":"https:\/\/www.agrodel.com.br\/index.php\/wp-json\/wp\/v2\/media?parent=1750"}],"wp:term":[{"taxonomy":"product_brand","embeddable":true,"href":"https:\/\/www.agrodel.com.br\/index.php\/wp-json\/wp\/v2\/product_brand?post=1750"},{"taxonomy":"product_cat","embeddable":true,"href":"https:\/\/www.agrodel.com.br\/index.php\/wp-json\/wp\/v2\/product_cat?post=1750"},{"taxonomy":"product_tag","embeddable":true,"href":"https:\/\/www.agrodel.com.br\/index.php\/wp-json\/wp\/v2\/product_tag?post=1750"}],"curies":[{"name":"wp","href":"https:\/\/api.w.org\/{rel}","templated":true}]}}